{"id":8965,"date":"2024-11-29T13:46:12","date_gmt":"2024-11-29T11:46:12","guid":{"rendered":"https:\/\/sp3.mikolow.eu\/?page_id=8965"},"modified":"2024-12-30T13:02:36","modified_gmt":"2024-12-30T11:02:36","slug":"program-maly-mistrz","status":"publish","type":"page","link":"https:\/\/sp3.mikolow.eu\/index.php\/program-maly-mistrz\/","title":{"rendered":"Program Ma\u0142y Mistrz"},"content":{"rendered":"<p><span style=\"font-family: arial, helvetica, sans-serif;\">W naszej szkole realizowali\u015bmy projekt Ma\u0142y Mistrz, kt\u00f3ry by\u0142 prawdziwym sportowym \u015bwi\u0119tem dla naszych najm\u0142odszych uczni\u00f3w z klas 1B, 2B i 3C. Projekt mia\u0142 na celu nie tylko zach\u0119cenie dzieci do aktywno\u015bci fizycznej, ale tak\u017ce rozwijanie zdrowych nawyk\u00f3w i \u015bwietn\u0105 zabaw\u0119. <span class=\"html-span xexx8yu x4uap5 x18d9i69 xkhd6sd x1hl2dhg x16tdsg8 x1vvkbs x3nfvp2 x1j61x8r x1fcty0u xdj266r xat24cr xgzva0m xhhsvwb xxymvpz xlup9mm x1kky2od\"><img loading=\"lazy\" class=\"xz74otr\" src=\"https:\/\/static.xx.fbcdn.net\/images\/emoji.php\/v9\/ta9\/1\/16\/1f3c3_200d_2640.png\" alt=\"\ud83c\udfc3\u200d\u2640\ufe0f\" width=\"16\" height=\"16\"><\/span><span class=\"html-span xexx8yu x4uap5 x18d9i69 xkhd6sd x1hl2dhg x16tdsg8 x1vvkbs x3nfvp2 x1j61x8r x1fcty0u xdj266r xat24cr xgzva0m xhhsvwb xxymvpz xlup9mm x1kky2od\"><img loading=\"lazy\" class=\"xz74otr\" src=\"https:\/\/static.xx.fbcdn.net\/images\/emoji.php\/v9\/taf\/1\/16\/26bd.png\" alt=\"\u26bd\" width=\"16\" height=\"16\"><\/span><\/span><\/p>\n<div class=\"x11i5rnm xat24cr x1mh8g0r x1vvkbs xtlvy1s x126k92a\">\n<div dir=\"auto\"><span style=\"font-family: arial, helvetica, sans-serif;\">Dzi\u0119ki udzia\u0142owi w programie szko\u0142a otrzyma\u0142a nowy sprz\u0119t sportowy, a ka\u017cde dziecko dosta\u0142o specjaln\u0105 koszulk\u0119 Ma\u0142ego Mistrza, kt\u00f3r\u0105 b\u0119dzie nosi\u0142o z dum\u0105! <span class=\"html-span xexx8yu x4uap5 x18d9i69 xkhd6sd x1hl2dhg x16tdsg8 x1vvkbs x3nfvp2 x1j61x8r x1fcty0u xdj266r xat24cr xgzva0m xhhsvwb xxymvpz xlup9mm x1kky2od\"><img loading=\"lazy\" class=\"xz74otr\" src=\"https:\/\/static.xx.fbcdn.net\/images\/emoji.php\/v9\/tec\/1\/16\/1f455.png\" alt=\"\ud83d\udc55\" width=\"16\" height=\"16\"><\/span><\/span><\/div>\n<\/div>\n<div class=\"x11i5rnm xat24cr x1mh8g0r x1vvkbs xtlvy1s x126k92a\">\n<div dir=\"auto\"><span style=\"font-family: arial, helvetica, sans-serif;\">Zorganizowali\u015bmy tak\u017ce pe\u0142en emocji Festyn Ma\u0142ego Mistrza. To by\u0142 wyj\u0105tkowy dzie\u0144 \u2013 dzieci mog\u0142y zaprezentowa\u0107 swoje umiej\u0119tno\u015bci, a wsp\u00f3lne zabawy i konkurencje sportowe dostarczy\u0142y wszystkim mn\u00f3stwo rado\u015bci. <span class=\"html-span xexx8yu x4uap5 x18d9i69 xkhd6sd x1hl2dhg x16tdsg8 x1vvkbs x3nfvp2 x1j61x8r x1fcty0u xdj266r xat24cr xgzva0m xhhsvwb xxymvpz xlup9mm x1kky2od\"><img loading=\"lazy\" class=\"xz74otr\" src=\"https:\/\/static.xx.fbcdn.net\/images\/emoji.php\/v9\/t8c\/1\/16\/1f389.png\" alt=\"\ud83c\udf89\" width=\"16\" height=\"16\"><\/span><\/span><\/div>\n<\/div>\n<div class=\"x11i5rnm xat24cr x1mh8g0r x1vvkbs xtlvy1s x126k92a\">\n<div dir=\"auto\"><span style=\"font-family: arial, helvetica, sans-serif;\">Cieszymy si\u0119, \u017ce mogli\u015bmy uczestniczy\u0107 w tak wa\u017cnej inicjatywie, kt\u00f3ra pokazuje, \u017ce ruch to zdrowie, a sport mo\u017ce by\u0107 doskona\u0142\u0105 form\u0105 nauki i zabawy.<\/span><\/div>\n<\/div>\n<div class=\"x11i5rnm xat24cr x1mh8g0r x1vvkbs xtlvy1s x126k92a\">\n<div dir=\"auto\"><span style=\"font-family: arial, helvetica, sans-serif;\">Zach\u0119camy Was do wspierania aktywno\u015bci fizycznej dzieci r\u00f3wnie\u017c w domach \u2013 wsp\u00f3lne spacery, jazda na rowerze czy gra w pi\u0142k\u0119 to \u015bwietny spos\u00f3b na rodzinne sp\u0119dzanie czasu! <span class=\"html-span xexx8yu x4uap5 x18d9i69 xkhd6sd x1hl2dhg x16tdsg8 x1vvkbs x3nfvp2 x1j61x8r x1fcty0u xdj266r xat24cr xgzva0m xhhsvwb xxymvpz xlup9mm x1kky2od\"><img loading=\"lazy\" class=\"xz74otr\" src=\"https:\/\/static.xx.fbcdn.net\/images\/emoji.php\/v9\/tc\/1\/16\/1f3de.png\" alt=\"\ud83c\udfde\ufe0f\" width=\"16\" height=\"16\"><\/span><span class=\"html-span xexx8yu x4uap5 x18d9i69 xkhd6sd x1hl2dhg x16tdsg8 x1vvkbs x3nfvp2 x1j61x8r x1fcty0u xdj266r xat24cr xgzva0m xhhsvwb xxymvpz xlup9mm x1kky2od\"><img loading=\"lazy\" class=\"xz74otr\" src=\"https:\/\/static.xx.fbcdn.net\/images\/emoji.php\/v9\/taf\/1\/16\/26bd.png\" alt=\"\u26bd\" width=\"16\" height=\"16\"><\/span><\/span><\/div>\n<div dir=\"auto\"><span style=\"font-family: arial, helvetica, sans-serif;\">Bardzo dzi\u0119kujemy naszej nauczycielce wychowania fizycznego (Anna Bonk) za zrealizowanie wszystkich za\u0142o\u017ce\u0144 programu.<\/span><\/div>\n<\/div>\n<div class=\"x11i5rnm xat24cr x1mh8g0r x1vvkbs xtlvy1s x126k92a\">\n<div dir=\"auto\"><span style=\"font-family: arial, helvetica, sans-serif;\">Razem tworzymy zdrow\u0105 i aktywn\u0105 spo\u0142eczno\u015b\u0107 naszej szko\u0142y! <span class=\"html-span xexx8yu x4uap5 x18d9i69 xkhd6sd x1hl2dhg x16tdsg8 x1vvkbs x3nfvp2 x1j61x8r x1fcty0u xdj266r xat24cr xgzva0m xhhsvwb xxymvpz xlup9mm x1kky2od\"><img loading=\"lazy\" class=\"xz74otr\" src=\"https:\/\/static.xx.fbcdn.net\/images\/emoji.php\/v9\/t6c\/1\/16\/1f4aa.png\" alt=\"\ud83d\udcaa\" width=\"16\" height=\"16\"><\/span><\/span><\/div>\n<\/div>\n<p><span style=\"font-family: arial, helvetica, sans-serif;\">zdj\u0119cia: <a href=\"https:\/\/www.facebook.com\/photo\/?fbid=1250216760282489&amp;set=pcb.1250216796949152\">facebook<\/a><\/span><\/p>\n<p>&nbsp;<\/p>\n<p><span style=\"font-family: arial, helvetica, sans-serif;\"><a href=\"https:\/\/malymistrz.szs.pl\/\">https:\/\/malymistrz.szs.pl\/<\/a><\/span><\/p>\n<p><span style=\"font-family: arial, helvetica, sans-serif;\"><strong>Ma\u0142y Mistrz \u2013 zdrowie i sprawno\u015b\u0107 m\u0142odych pokole\u0144!<\/strong><\/span><\/p>\n<div class=\"\">\n<p><span style=\"font-family: arial, helvetica, sans-serif;\">Program Ma\u0142y Mistrz 2024 jest kontynuacj\u0105 zadania realizowanego przez Szkolny Zwi\u0105zek Sportowy w latach 2014-2015. Jego dzia\u0142anie wtedy i teraz jest mo\u017cliwe dzi\u0119ki dotacji Ministerstwa Sportu i Turystyki. Realizatorem programu jest Szkolny Zwi\u0105zek Sportowy i szko\u0142y podstawowe z ca\u0142ej Polski, kt\u00f3re wyra\u017c\u0105 ch\u0119\u0107 uczestnictwa w nim.<\/span><\/p>\n<p><span style=\"font-family: arial, helvetica, sans-serif;\">Program Ma\u0142y Mistrz jest dedykowany dla uczni\u00f3w klas I-III szk\u00f3\u0142 podstawowych oraz nauczycieli edukacji wczesnoszkolnej i wychowania fizycznego.<\/span><\/p>\n<p><span style=\"font-family: arial, helvetica, sans-serif;\"><strong>G\u0142\u00f3wnymi za\u0142o\u017ceniami programu s\u0105:<\/strong><\/span><\/p>\n<ul>\n<li><span style=\"font-family: arial, helvetica, sans-serif;\">Zach\u0119cenie uczni\u00f3w do zdobywania nowych umiej\u0119tno\u015bci ruchowych oraz podnoszenia sprawno\u015bci fizycznej.<\/span><\/li>\n<li><span style=\"font-family: arial, helvetica, sans-serif;\">Kszta\u0142towanie odpowiednich nawyk\u00f3w i postaw od najm\u0142odszych lat: krzewienie aktywno\u015bci fizycznej i zdrowego stylu \u017cycia, przyzwyczajanie, i\u017c ruch powinien by\u0107 wa\u017cnym aspektem na ka\u017cdym etapie \u017cycia.<\/span><\/li>\n<li><span style=\"font-family: arial, helvetica, sans-serif;\">Podniesienie atrakcyjno\u015bci zaj\u0119\u0107 wychowania fizycznego z wykorzystaniem sprz\u0119tu sportowego przekazanego szko\u0142om w ramach funkcjonowania programu, interesuj\u0105cych \u0107wicze\u0144 sportowych oraz formy ich realizacji (uczniowie zdobywaj\u0105 sprawno\u015bci sportowe).<\/span><\/li>\n<li><span style=\"font-family: arial, helvetica, sans-serif;\">Wzmocnienie roli nauczycieli edukacji wczesnoszkolnej i wychowania fizycznego. Umo\u017cliwienie wymiany do\u015bwiadcze\u0144 i rozwoju personalnych kompetencji zawodowych.<\/span><\/li>\n<\/ul>\n<\/div>\n<p>&nbsp;<\/p>\n","protected":false},"excerpt":{"rendered":"<p>W naszej szkole realizowali\u015bmy projekt Ma\u0142y Mistrz, kt\u00f3ry by\u0142 prawdziwym sportowym \u015bwi\u0119tem dla naszych najm\u0142odszych uczni\u00f3w z klas 1B, 2B i 3C. Projekt mia\u0142 na celu nie tylko zach\u0119cenie dzieci do aktywno\u015bci fizycznej, ale tak\u017ce rozwijanie zdrowych nawyk\u00f3w i \u015bwietn\u0105 zabaw\u0119. Dzi\u0119ki udzia\u0142owi w programie szko\u0142a otrzyma\u0142a nowy sprz\u0119t sportowy, [&hellip;]<\/p>\n","protected":false},"author":2,"featured_media":0,"parent":0,"menu_order":0,"comment_status":"closed","ping_status":"closed","template":"","meta":{"ngg_post_thumbnail":0},"_links":{"self":[{"href":"https:\/\/sp3.mikolow.eu\/index.php\/wp-json\/wp\/v2\/pages\/8965"}],"collection":[{"href":"https:\/\/sp3.mikolow.eu\/index.php\/wp-json\/wp\/v2\/pages"}],"about":[{"href":"https:\/\/sp3.mikolow.eu\/index.php\/wp-json\/wp\/v2\/types\/page"}],"author":[{"embeddable":true,"href":"https:\/\/sp3.mikolow.eu\/index.php\/wp-json\/wp\/v2\/users\/2"}],"replies":[{"embeddable":true,"href":"https:\/\/sp3.mikolow.eu\/index.php\/wp-json\/wp\/v2\/comments?post=8965"}],"version-history":[{"count":6,"href":"https:\/\/sp3.mikolow.eu\/index.php\/wp-json\/wp\/v2\/pages\/8965\/revisions"}],"predecessor-version":[{"id":9371,"href":"https:\/\/sp3.mikolow.eu\/index.php\/wp-json\/wp\/v2\/pages\/8965\/revisions\/9371"}],"wp:attachment":[{"href":"https:\/\/sp3.mikolow.eu\/index.php\/wp-json\/wp\/v2\/media?parent=8965"}],"curies":[{"name":"wp","href":"https:\/\/api.w.org\/{rel}","templated":true}]}}