{"id":8702,"date":"2024-08-15T14:44:46","date_gmt":"2024-08-15T12:44:46","guid":{"rendered":"https:\/\/sp3.mikolow.eu\/?page_id=8702"},"modified":"2025-09-20T12:15:32","modified_gmt":"2025-09-20T11:15:32","slug":"polityka-ochrony-dzieci","status":"publish","type":"page","link":"https:\/\/sp3.mikolow.eu\/index.php\/polityka-ochrony-dzieci\/","title":{"rendered":"Polityka ochrony dzieci"},"content":{"rendered":"<p><span style=\"font-family: arial, helvetica, sans-serif;\">POLITYKA CHRONY DZIECI SZKO\u0141A PODSTAWOWA NR 3 Z ODDZIA\u0141AMI INTEGRACYJNYMI IM. POLSKICH OLIMPIJCZYK\u00d3W W MIKO\u0141OWIE<\/span><\/p>\n<p><a href=\"https:\/\/sp3.mikolow.eu\/wp-content\/uploads\/2025\/09\/Polityka-ochrony-dzieci-SP3.docx\">Polityka-ochrony-dzieci-SP3<\/a><\/p>\n","protected":false},"excerpt":{"rendered":"<p>POLITYKA CHRONY DZIECI SZKO\u0141A PODSTAWOWA NR 3 Z ODDZIA\u0141AMI INTEGRACYJNYMI IM. POLSKICH OLIMPIJCZYK\u00d3W W MIKO\u0141OWIE Polityka-ochrony-dzieci-SP3<\/p>\n","protected":false},"author":2,"featured_media":0,"parent":0,"menu_order":0,"comment_status":"closed","ping_status":"closed","template":"","meta":{"ngg_post_thumbnail":0},"_links":{"self":[{"href":"https:\/\/sp3.mikolow.eu\/index.php\/wp-json\/wp\/v2\/pages\/8702"}],"collection":[{"href":"https:\/\/sp3.mikolow.eu\/index.php\/wp-json\/wp\/v2\/pages"}],"about":[{"href":"https:\/\/sp3.mikolow.eu\/index.php\/wp-json\/wp\/v2\/types\/page"}],"author":[{"embeddable":true,"href":"https:\/\/sp3.mikolow.eu\/index.php\/wp-json\/wp\/v2\/users\/2"}],"replies":[{"embeddable":true,"href":"https:\/\/sp3.mikolow.eu\/index.php\/wp-json\/wp\/v2\/comments?post=8702"}],"version-history":[{"count":12,"href":"https:\/\/sp3.mikolow.eu\/index.php\/wp-json\/wp\/v2\/pages\/8702\/revisions"}],"predecessor-version":[{"id":10300,"href":"https:\/\/sp3.mikolow.eu\/index.php\/wp-json\/wp\/v2\/pages\/8702\/revisions\/10300"}],"wp:attachment":[{"href":"https:\/\/sp3.mikolow.eu\/index.php\/wp-json\/wp\/v2\/media?parent=8702"}],"curies":[{"name":"wp","href":"https:\/\/api.w.org\/{rel}","templated":true}]}}