{"id":5202,"date":"2023-03-15T08:27:09","date_gmt":"2023-03-15T08:27:09","guid":{"rendered":"https:\/\/sp3.mikolow.eu\/?page_id=5202"},"modified":"2025-09-04T10:30:47","modified_gmt":"2025-09-04T09:30:47","slug":"statut","status":"publish","type":"page","link":"https:\/\/sp3.mikolow.eu\/index.php\/statut\/","title":{"rendered":"Statut"},"content":{"rendered":"<p style=\"text-align: left;\"><span style=\"font-family: arial, helvetica, sans-serif;\"><span style=\"font-size: 14pt;\">STATUT SZKO\u0141Y PODSTAWOWEJ NR 3 Z ODDZIA\u0141AMI INTEGRACYJNYMI IM. POLSKICH OLIMPIJCZYK\u00d3W W MIKO\u0141OWIE<\/span><\/span><\/p>\n<p style=\"text-align: left;\"><span style=\"text-decoration: underline; font-family: arial, helvetica, sans-serif;\"> <a href=\"https:\/\/sp3.mikolow.eu\/wp-content\/uploads\/2025\/09\/aktualny-statut.docx.pdf\">STATUT SZKO\u0141A PODSTAWOWA NR 3 MIKO\u0141\u00d3W.pdf<\/a><\/span><\/p>\n","protected":false},"excerpt":{"rendered":"<p>STATUT SZKO\u0141Y PODSTAWOWEJ NR 3 Z ODDZIA\u0141AMI INTEGRACYJNYMI IM. POLSKICH OLIMPIJCZYK\u00d3W W MIKO\u0141OWIE STATUT SZKO\u0141A PODSTAWOWA NR 3 MIKO\u0141\u00d3W.pdf<\/p>\n","protected":false},"author":2,"featured_media":0,"parent":0,"menu_order":0,"comment_status":"closed","ping_status":"closed","template":"","meta":{"ngg_post_thumbnail":0},"_links":{"self":[{"href":"https:\/\/sp3.mikolow.eu\/index.php\/wp-json\/wp\/v2\/pages\/5202"}],"collection":[{"href":"https:\/\/sp3.mikolow.eu\/index.php\/wp-json\/wp\/v2\/pages"}],"about":[{"href":"https:\/\/sp3.mikolow.eu\/index.php\/wp-json\/wp\/v2\/types\/page"}],"author":[{"embeddable":true,"href":"https:\/\/sp3.mikolow.eu\/index.php\/wp-json\/wp\/v2\/users\/2"}],"replies":[{"embeddable":true,"href":"https:\/\/sp3.mikolow.eu\/index.php\/wp-json\/wp\/v2\/comments?post=5202"}],"version-history":[{"count":16,"href":"https:\/\/sp3.mikolow.eu\/index.php\/wp-json\/wp\/v2\/pages\/5202\/revisions"}],"predecessor-version":[{"id":10284,"href":"https:\/\/sp3.mikolow.eu\/index.php\/wp-json\/wp\/v2\/pages\/5202\/revisions\/10284"}],"wp:attachment":[{"href":"https:\/\/sp3.mikolow.eu\/index.php\/wp-json\/wp\/v2\/media?parent=5202"}],"curies":[{"name":"wp","href":"https:\/\/api.w.org\/{rel}","templated":true}]}}