{"id":3961,"date":"2022-09-12T17:52:07","date_gmt":"2022-09-12T17:52:07","guid":{"rendered":"https:\/\/sp3.mikolow.eu\/?page_id=3961"},"modified":"2025-08-20T21:02:49","modified_gmt":"2025-08-20T20:02:49","slug":"egzamin-8-klasisty","status":"publish","type":"page","link":"https:\/\/sp3.mikolow.eu\/index.php\/egzamin-8-klasisty\/","title":{"rendered":"Egzamin 8-klasisty"},"content":{"rendered":"<h1><span style=\"font-family: arial, helvetica, sans-serif;\"><strong>AKTUALNY&nbsp; HARMONOGRAM <\/strong><\/span><\/h1>\n<p><span style=\"font-family: arial, helvetica, sans-serif;\">Egzamin \u00f3smoklasisty jest przeprowadzany przez trzy kolejne dni:<\/span><\/p>\n<ol>\n<li><span style=\"font-family: arial, helvetica, sans-serif;\"><b>11 maja 2026<\/b> &#8211; egzamin z j\u0119zyka polskiego (150 minut arkusz standardowy, 195 minut przed\u0142u\u017cony)<\/span><\/li>\n<li><span style=\"font-family: arial, helvetica, sans-serif;\"><b>12 maja 2026<\/b> &#8211; egzamin z matematyki (125 minut arkusz standardowy, 165 minut przed\u0142u\u017cony)<\/span><\/li>\n<li><span style=\"font-family: arial, helvetica, sans-serif;\"><b>13 maja 2026<\/b> &#8211; egzamin z j\u0119zyka obcego nowo\u017cytnego (110 minut arkusz standardowy, 145 minut przed\u0142u\u017cony)<\/span><\/li>\n<\/ol>\n<p><span style=\"font-family: arial, helvetica, sans-serif;\">W 2026 r. uczniowie poznaj\u0105 swoje wyniki 3 lipca oraz 3 lipca ka\u017cdy ucze\u0144 otrzyma za\u015bwiadczenie o szczeg\u00f3\u0142owych \u200ewynikach egzaminu \u00f3smoklasisty. Na za\u015bwiadczeniu podany b\u0119dzie wynik procentowy oraz wynik na skali \u200ecentylowej dla egzaminu z ka\u017cdego przedmiotu.<\/span><\/p>\n<p><span style=\"font-family: arial, helvetica, sans-serif;\">Linki i pliki:<\/span><br \/>\n<span style=\"font-family: arial, helvetica, sans-serif;\">https:\/\/bip.cke.gov.pl\/artykul\/289\/1953\/harmonogram-komunikaty-i-informacje<\/span><br \/>\n<span style=\"font-family: arial, helvetica, sans-serif;\"><a href=\"https:\/\/sp3.mikolow.eu\/wp-content\/uploads\/2025\/08\/20250820-E8-2026-Informacja-COMPLETE.pdf\">E8 2026 Informacja COMPLETE<\/a><\/span><br \/>\n<span style=\"font-family: arial, helvetica, sans-serif;\"><a href=\"https:\/\/sp3.mikolow.eu\/wp-content\/uploads\/2025\/08\/20250820-Ortografia-na-egzaminach.pdf\">Ortografia na egzaminach<\/a><\/span><br \/>\n<span style=\"font-family: arial, helvetica, sans-serif;\"><a href=\"https:\/\/sp3.mikolow.eu\/wp-content\/uploads\/2025\/08\/20250820-E8-EM-Komunikat-o-harmonogramie-2026.pdf\">E8 EM Komunikat o harmonogramie 2026<\/a><\/span><br \/>\n<span style=\"font-family: arial, helvetica, sans-serif;\"><a href=\"https:\/\/sp3.mikolow.eu\/wp-content\/uploads\/2025\/08\/20250820-E8_EM-Komunikat-o-przyborach-2026.pdf\">E8_EM Komunikat o przyborach 2026<\/a><\/span><br \/>\n<span style=\"font-family: arial, helvetica, sans-serif;\"><a href=\"https:\/\/sp3.mikolow.eu\/wp-content\/uploads\/2025\/08\/20250820-E8-Komunikat-o-dostosowaniach-2026.pdf\">E8 Komunikat o dostosowaniach 2026<\/a><\/span><\/p>\n<p><span style=\"font-family: arial, helvetica, sans-serif;\"><a href=\"https:\/\/sp3.mikolow.eu\/wp-content\/uploads\/2025\/08\/harmonogram.png\"><img loading=\"lazy\" class=\"alignnone size-full wp-image-10221\" src=\"https:\/\/sp3.mikolow.eu\/wp-content\/uploads\/2025\/08\/harmonogram.png\" alt=\"\" width=\"545\" height=\"653\" srcset=\"https:\/\/sp3.mikolow.eu\/wp-content\/uploads\/2025\/08\/harmonogram.png 545w, https:\/\/sp3.mikolow.eu\/wp-content\/uploads\/2025\/08\/harmonogram-250x300.png 250w\" sizes=\"(max-width: 545px) 100vw, 545px\" \/><\/a><img loading=\"lazy\" class=\"alignnone size-full wp-image-10220\" src=\"https:\/\/sp3.mikolow.eu\/wp-content\/uploads\/2025\/08\/ogloszenie-wynikow.png\" alt=\"\" width=\"609\" height=\"220\" srcset=\"https:\/\/sp3.mikolow.eu\/wp-content\/uploads\/2025\/08\/ogloszenie-wynikow.png 609w, https:\/\/sp3.mikolow.eu\/wp-content\/uploads\/2025\/08\/ogloszenie-wynikow-300x108.png 300w\" sizes=\"(max-width: 609px) 100vw, 609px\" \/><a href=\"https:\/\/sp3.mikolow.eu\/wp-content\/uploads\/2025\/08\/czas-trwania.png\"><img loading=\"lazy\" class=\"alignnone size-full wp-image-10219\" src=\"https:\/\/sp3.mikolow.eu\/wp-content\/uploads\/2025\/08\/czas-trwania.png\" alt=\"\" width=\"1120\" height=\"425\" srcset=\"https:\/\/sp3.mikolow.eu\/wp-content\/uploads\/2025\/08\/czas-trwania.png 1120w, https:\/\/sp3.mikolow.eu\/wp-content\/uploads\/2025\/08\/czas-trwania-300x114.png 300w, https:\/\/sp3.mikolow.eu\/wp-content\/uploads\/2025\/08\/czas-trwania-1024x389.png 1024w, https:\/\/sp3.mikolow.eu\/wp-content\/uploads\/2025\/08\/czas-trwania-768x291.png 768w\" sizes=\"(max-width: 1120px) 100vw, 1120px\" \/><\/a><\/span><\/p>\n<p>&nbsp;<\/p>\n","protected":false},"excerpt":{"rendered":"<p>AKTUALNY&nbsp; HARMONOGRAM Egzamin \u00f3smoklasisty jest przeprowadzany przez trzy kolejne dni: 11 maja 2026 &#8211; egzamin z j\u0119zyka polskiego (150 minut arkusz standardowy, 195 minut przed\u0142u\u017cony) 12 maja 2026 &#8211; egzamin z matematyki (125 minut arkusz standardowy, 165 minut przed\u0142u\u017cony) 13 maja 2026 &#8211; egzamin z j\u0119zyka obcego nowo\u017cytnego (110 minut [&hellip;]<\/p>\n","protected":false},"author":2,"featured_media":0,"parent":0,"menu_order":0,"comment_status":"closed","ping_status":"closed","template":"","meta":{"ngg_post_thumbnail":0},"_links":{"self":[{"href":"https:\/\/sp3.mikolow.eu\/index.php\/wp-json\/wp\/v2\/pages\/3961"}],"collection":[{"href":"https:\/\/sp3.mikolow.eu\/index.php\/wp-json\/wp\/v2\/pages"}],"about":[{"href":"https:\/\/sp3.mikolow.eu\/index.php\/wp-json\/wp\/v2\/types\/page"}],"author":[{"embeddable":true,"href":"https:\/\/sp3.mikolow.eu\/index.php\/wp-json\/wp\/v2\/users\/2"}],"replies":[{"embeddable":true,"href":"https:\/\/sp3.mikolow.eu\/index.php\/wp-json\/wp\/v2\/comments?post=3961"}],"version-history":[{"count":15,"href":"https:\/\/sp3.mikolow.eu\/index.php\/wp-json\/wp\/v2\/pages\/3961\/revisions"}],"predecessor-version":[{"id":10223,"href":"https:\/\/sp3.mikolow.eu\/index.php\/wp-json\/wp\/v2\/pages\/3961\/revisions\/10223"}],"wp:attachment":[{"href":"https:\/\/sp3.mikolow.eu\/index.php\/wp-json\/wp\/v2\/media?parent=3961"}],"curies":[{"name":"wp","href":"https:\/\/api.w.org\/{rel}","templated":true}]}}