{"id":3953,"date":"2022-09-12T17:46:56","date_gmt":"2022-09-12T17:46:56","guid":{"rendered":"https:\/\/sp3.mikolow.eu\/?page_id=3953"},"modified":"2026-02-17T18:50:42","modified_gmt":"2026-02-17T17:50:42","slug":"doradca-zawodowy","status":"publish","type":"page","link":"https:\/\/sp3.mikolow.eu\/index.php\/doradca-zawodowy\/","title":{"rendered":"Doradca zawodowy"},"content":{"rendered":"<p><span style=\"font-family: arial, helvetica, sans-serif;\"><strong>Doradca zawodowy &#8211;<\/strong> <strong>mgr Anita Stoi\u0144ska<\/strong><\/span><\/p>\n<p><span style=\"font-family: arial, helvetica, sans-serif;\">Zaj\u0119cia z doradztwa zawodowego odbywaj\u0105 si\u0119 w klasach VII i VIII w ramach zaj\u0119\u0107 z&nbsp;doradc\u0105 zawodowym. Pozostali uczniowie realizuj\u0105 zagadnienia z zakresu doradztwa zawodowego w trakcie godzin z wychowawc\u0105, lekcji przedmiotowych, a&nbsp;tak\u017ce wycieczek dydaktycznych i innych przedsi\u0119wzi\u0119\u0107 o charakterze zawodoznawczym.<\/span><\/p>\n<p><span style=\"font-family: arial, helvetica, sans-serif;\">Doradca zawodowy zapoznaje uczni\u00f3w z ofert\u0105 edukacyjn\u0105 szk\u00f3\u0142 ponadpodstawowych, zasadami rekrutacji, a tak\u017ce z&nbsp; wybranymi zawodami, \u015bcie\u017ckami kszta\u0142cenia, trendami zmian zachodz\u0105cymi na rynku pracy, zawodami przysz\u0142o\u015bci, zawodami deficytowymi i&nbsp;nadwy\u017ckowymi.<\/span><\/p>\n<p><a href=\"https:\/\/sp3.mikolow.eu\/wp-content\/uploads\/2022\/09\/DORADZTWO_ZAWODOWE_informacja_w_pigulce.pdf\">DORADZTWO_ZAWODOWE_informacja_w_pigulce<\/a><\/p>\n<p style=\"text-align: left;\" align=\"center\"><span style=\"font-family: arial, helvetica, sans-serif;\"><b>Drogi Uczniu!<\/b><\/span><\/p>\n<p style=\"text-align: left;\" align=\"center\"><span style=\"font-family: arial, helvetica, sans-serif;\"><b><u>W trakcie zaj\u0119\u0107 z doradc\u0105 zawodowym dowiesz si\u0119:<\/u><\/b>&nbsp;<\/span><\/p>\n<p><span style=\"font-family: arial, helvetica, sans-serif;\">O sobie&nbsp;\u2013 przeanalizujesz:<\/span><\/p>\n<p><span style=\"font-family: arial, helvetica, sans-serif;\">&#8211; swoje zainteresowania, predyspozycje i uzdolnienia<\/span><\/p>\n<p><span style=\"font-family: arial, helvetica, sans-serif;\">&#8211; swoje umiej\u0119tno\u015bci, kt\u00f3re naby\u0142e\u015b w szkole, ale tak\u017ce poza ni\u0105<\/span><\/p>\n<p><span style=\"font-family: arial, helvetica, sans-serif;\">&#8211; sw\u00f3j temperament i cechy charakteru<\/span><\/p>\n<p><span style=\"font-family: arial, helvetica, sans-serif;\">&#8211; warto\u015bci, kt\u00f3re s\u0105 dla Ciebie wa\u017cne<\/span><\/p>\n<p><span style=\"font-family: arial, helvetica, sans-serif;\">&#8211; stan zdrowia<\/span><\/p>\n<p><span style=\"font-family: arial, helvetica, sans-serif;\">&#8211; swoj\u0105 samoocen\u0119<\/span><\/p>\n<p><span style=\"font-family: arial, helvetica, sans-serif;\">O szko\u0142ach&nbsp;\u2013 dowiesz si\u0119:<\/span><\/p>\n<p><span style=\"font-family: arial, helvetica, sans-serif;\">&#8211; o \u015bcie\u017ckach kszta\u0142cenia, typach szk\u00f3\u0142, ofercie edukacyjnej<\/span><\/p>\n<p><span style=\"font-family: arial, helvetica, sans-serif;\">&#8211; zasadach nauki w technikum, liceum og\u00f3lnokszta\u0142c\u0105cym i szko\u0142ach bran\u017cowych I i II stopnia<\/span><\/p>\n<p><span style=\"font-family: arial, helvetica, sans-serif;\">&#8211; o dalszych perspektywach po uko\u0144czeniu szko\u0142y ponadpodstawowej<\/span><\/p>\n<p><span style=\"font-family: arial, helvetica, sans-serif;\">&#8211; o czynnikach, kt\u00f3re powiniene\u015b \/ powinna\u015b wzi\u0105\u0107 pod uwag\u0119, wybieraj\u0105c dan\u0105 klas\u0119 czy zaw\u00f3d&nbsp;<\/span><\/p>\n<p><span style=\"font-family: arial, helvetica, sans-serif;\">O zawodach&nbsp;\u2013 poznasz:<\/span><\/p>\n<p><span style=\"font-family: arial, helvetica, sans-serif;\">&#8211; rodzaje zawod\u00f3w<\/span><\/p>\n<p><span style=\"font-family: arial, helvetica, sans-serif;\">&#8211; ich charakterystyk\u0119, zadania zawodowe<\/span><\/p>\n<p><span style=\"font-family: arial, helvetica, sans-serif;\">&#8211; predyspozycje psychofizyczne, jakie musisz mie\u0107, aby wykonywa\u0107 dany zaw\u00f3d<\/span><\/p>\n<p><span style=\"font-family: arial, helvetica, sans-serif;\">&#8211; przeciwwskazania zdrowotne do kszta\u0142cenia si\u0119 i pracowania w danym zawodzie<\/span><\/p>\n<p><span style=\"font-family: arial, helvetica, sans-serif;\">&#8211; poziom wykszta\u0142cenia, kt\u00f3ry musisz osi\u0105gn\u0105\u0107<\/span><\/p>\n<p><span style=\"font-family: arial, helvetica, sans-serif;\">&#8211; wymagane kwalifikacje, dodatkowe uprawnienia<\/span><\/p>\n<p><span style=\"font-family: arial, helvetica, sans-serif;\">&#8211; zapotrzebowanie na rynku pracy na specjalist\u00f3w w danej profesji<\/span><\/p>\n<p><span style=\"font-family: arial, helvetica, sans-serif;\">&#8211; zarobki i potencjalne miejsca pracy<\/span><\/p>\n<p><span style=\"font-family: arial, helvetica, sans-serif;\"><b>Rodzicu\u2026<\/b><\/span><\/p>\n<p><span style=\"font-family: arial, helvetica, sans-serif;\">Zaj\u0119cia z doradztwa zawodowego maj\u0105 na celu wspieranie Twojego dziecka w procesie przygotowania go do \u015bwiadomego i samodzielnego wyboru kolejnego etapu kszta\u0142cenia i zawodu z&nbsp;uwzgl\u0119dnieniem jego zainteresowa\u0144, uzdolnie\u0144 i predyspozycji zawodowych, tak aby wyb\u00f3r kolejnej szko\u0142y by\u0142 jak najbardziej trafny i korzystny.<\/span><\/p>\n<p><span style=\"font-family: arial, helvetica, sans-serif;\"><b>Wi\u0119kszo\u015b\u0107 m\u0142odych ludzi pytanych o to, kto jest dla nich najwa\u017cniejszym doradc\u0105 przy wyborze drogi edukacyjnej wskazuje rodzic\u00f3w, nast\u0119pnie koleg\u00f3w i nauczycieli.<\/b><\/span><\/p>\n<p><span style=\"font-family: arial, helvetica, sans-serif;\">Szko\u0142a dokonuje stara\u0144, aby wesprze\u0107 zar\u00f3wno uczni\u00f3w, jak r\u00f3wnie\u017c Pa\u0144stwa, jako rodzic\u00f3w, w procesie wychowawczym, w tym w decyzjach dotycz\u0105cych kolejnego etapu edukacyjnego.<\/span><\/p>\n","protected":false},"excerpt":{"rendered":"<p>Doradca zawodowy &#8211; mgr Anita Stoi\u0144ska Zaj\u0119cia z doradztwa zawodowego odbywaj\u0105 si\u0119 w klasach VII i VIII w ramach zaj\u0119\u0107 z&nbsp;doradc\u0105 zawodowym. Pozostali uczniowie realizuj\u0105 zagadnienia z zakresu doradztwa zawodowego w trakcie godzin z wychowawc\u0105, lekcji przedmiotowych, a&nbsp;tak\u017ce wycieczek dydaktycznych i innych przedsi\u0119wzi\u0119\u0107 o charakterze zawodoznawczym. Doradca zawodowy zapoznaje uczni\u00f3w [&hellip;]<\/p>\n","protected":false},"author":2,"featured_media":0,"parent":0,"menu_order":0,"comment_status":"closed","ping_status":"closed","template":"","meta":{"ngg_post_thumbnail":0},"_links":{"self":[{"href":"https:\/\/sp3.mikolow.eu\/index.php\/wp-json\/wp\/v2\/pages\/3953"}],"collection":[{"href":"https:\/\/sp3.mikolow.eu\/index.php\/wp-json\/wp\/v2\/pages"}],"about":[{"href":"https:\/\/sp3.mikolow.eu\/index.php\/wp-json\/wp\/v2\/types\/page"}],"author":[{"embeddable":true,"href":"https:\/\/sp3.mikolow.eu\/index.php\/wp-json\/wp\/v2\/users\/2"}],"replies":[{"embeddable":true,"href":"https:\/\/sp3.mikolow.eu\/index.php\/wp-json\/wp\/v2\/comments?post=3953"}],"version-history":[{"count":6,"href":"https:\/\/sp3.mikolow.eu\/index.php\/wp-json\/wp\/v2\/pages\/3953\/revisions"}],"predecessor-version":[{"id":10789,"href":"https:\/\/sp3.mikolow.eu\/index.php\/wp-json\/wp\/v2\/pages\/3953\/revisions\/10789"}],"wp:attachment":[{"href":"https:\/\/sp3.mikolow.eu\/index.php\/wp-json\/wp\/v2\/media?parent=3953"}],"curies":[{"name":"wp","href":"https:\/\/api.w.org\/{rel}","templated":true}]}}