{"id":3917,"date":"2022-09-12T12:40:27","date_gmt":"2022-09-12T12:40:27","guid":{"rendered":"https:\/\/sp3.mikolow.eu\/?page_id=3917"},"modified":"2022-09-12T12:44:24","modified_gmt":"2022-09-12T12:44:24","slug":"certyfikaty-i-programy","status":"publish","type":"page","link":"https:\/\/sp3.mikolow.eu\/index.php\/certyfikaty-i-programy\/","title":{"rendered":"Certyfikaty i programy"},"content":{"rendered":"\t\t<div data-elementor-type=\"wp-page\" data-elementor-id=\"3917\" class=\"elementor elementor-3917\" data-elementor-settings=\"[]\">\n\t\t\t\t\t\t\t<div class=\"elementor-section-wrap\">\n\t\t\t\t\t\t\t<section class=\"elementor-section elementor-top-section elementor-element elementor-element-ea2a74d elementor-section-boxed elementor-section-height-default elementor-section-height-default\" data-id=\"ea2a74d\" data-element_type=\"section\">\n\t\t\t\t\t\t<div class=\"elementor-container elementor-column-gap-default\">\n\t\t\t\t\t<div class=\"elementor-column elementor-col-100 elementor-top-column elementor-element elementor-element-313623a\" data-id=\"313623a\" data-element_type=\"column\">\n\t\t\t<div class=\"elementor-widget-wrap elementor-element-populated\">\n\t\t\t\t\t\t\t\t<div class=\"elementor-element elementor-element-aeae42e gyan-icon-list-traditional gyan-icon-left elementor-widget elementor-widget-gyan_icon_list\" data-id=\"aeae42e\" data-element_type=\"widget\" data-widget_type=\"gyan_icon_list.default\">\n\t\t\t\t<div class=\"elementor-widget-container\">\n\t\t\t        <div class=\"gyan-icon-list-wrap\">\n            <ul class=\"gyan-ilist-items\">\n                                                            <li>\n                            <a href=\"https:\/\/sp3.mikolow.eu\/index.php\/o-szkole\/certyfikaty\/\">                                    <span class=\"gyan-icon-wrapper\">\n                                                                                        <span class=\"gyan-icon-list-icon gyan-icon \"><i aria-hidden=\"true\" class=\"fas fa-check\"><\/i><\/span>\n\t\t\t\t\t\t\t\t\t\t\t\t                                    <\/span>\n                                    <span class=\"gyan-icon-list-text\">Certyfikaty<\/span><\/a>                        <\/li>\n                                                                                <li>\n                            <a href=\"https:\/\/sp3.mikolow.eu\/index.php\/o-szkole\/przyjazna-szkola\/\">                                    <span class=\"gyan-icon-wrapper\">\n                                                                                        <span class=\"gyan-icon-list-icon gyan-icon \"><i aria-hidden=\"true\" class=\"fas fa-check\"><\/i><\/span>\n\t\t\t\t\t\t\t\t\t\t\t\t                                    <\/span>\n                                    <span class=\"gyan-icon-list-text\">Przyjazna szko\u0142a<\/span><\/a>                        <\/li>\n                                                                                <li>\n                            <a href=\"https:\/\/sp3.mikolow.eu\/index.php\/o-szkole\/program-promocji-zdrowia\/\">                                    <span class=\"gyan-icon-wrapper\">\n                                                                                        <span class=\"gyan-icon-list-icon gyan-icon \"><i aria-hidden=\"true\" class=\"fas fa-check\"><\/i><\/span>\n\t\t\t\t\t\t\t\t\t\t\t\t                                    <\/span>\n                                    <span class=\"gyan-icon-list-text\">Program Promocji Zdrowia<\/span><\/a>                        <\/li>\n                                                                                <li>\n                            <a href=\"https:\/\/sp3.mikolow.eu\/index.php\/o-szkole\/szkola-odkrywcow-talentow\/\">                                    <span class=\"gyan-icon-wrapper\">\n                                                                                        <span class=\"gyan-icon-list-icon gyan-icon \"><i aria-hidden=\"true\" class=\"fas fa-check\"><\/i><\/span>\n\t\t\t\t\t\t\t\t\t\t\t\t                                    <\/span>\n                                    <span class=\"gyan-icon-list-text\">Szko\u0142a Odkrywc\u00f3w Talent\u00f3w<\/span><\/a>                        <\/li>\n                                                                                <li>\n                            <a href=\"https:\/\/sp3.mikolow.eu\/index.php\/o-szkole\/szkola-na-miare-potrzeb\/\">                                    <span class=\"gyan-icon-wrapper\">\n                                                                                        <span class=\"gyan-icon-list-icon gyan-icon \"><i aria-hidden=\"true\" class=\"fas fa-check\"><\/i><\/span>\n\t\t\t\t\t\t\t\t\t\t\t\t                                    <\/span>\n                                    <span class=\"gyan-icon-list-text\">Szko\u0142a na miar\u0119 potrzeb<\/span><\/a>                        <\/li>\n                                                <\/ul>\n        <\/div>\n        \t\t<\/div>\n\t\t\t\t<\/div>\n\t\t\t\t\t<\/div>\n\t\t<\/div>\n\t\t\t\t\t\t\t<\/div>\n\t\t<\/section>\n\t\t\t\t\t\t<\/div>\n\t\t\t\t\t<\/div>\n\t\t","protected":false},"excerpt":{"rendered":"<p>Certyfikaty Przyjazna szko\u0142a Program Promocji Zdrowia Szko\u0142a Odkrywc\u00f3w Talent\u00f3w Szko\u0142a na miar\u0119 potrzeb<\/p>\n","protected":false},"author":2,"featured_media":0,"parent":0,"menu_order":0,"comment_status":"closed","ping_status":"closed","template":"","meta":{"ngg_post_thumbnail":0},"_links":{"self":[{"href":"https:\/\/sp3.mikolow.eu\/index.php\/wp-json\/wp\/v2\/pages\/3917"}],"collection":[{"href":"https:\/\/sp3.mikolow.eu\/index.php\/wp-json\/wp\/v2\/pages"}],"about":[{"href":"https:\/\/sp3.mikolow.eu\/index.php\/wp-json\/wp\/v2\/types\/page"}],"author":[{"embeddable":true,"href":"https:\/\/sp3.mikolow.eu\/index.php\/wp-json\/wp\/v2\/users\/2"}],"replies":[{"embeddable":true,"href":"https:\/\/sp3.mikolow.eu\/index.php\/wp-json\/wp\/v2\/comments?post=3917"}],"version-history":[{"count":5,"href":"https:\/\/sp3.mikolow.eu\/index.php\/wp-json\/wp\/v2\/pages\/3917\/revisions"}],"predecessor-version":[{"id":6668,"href":"https:\/\/sp3.mikolow.eu\/index.php\/wp-json\/wp\/v2\/pages\/3917\/revisions\/6668"}],"wp:attachment":[{"href":"https:\/\/sp3.mikolow.eu\/index.php\/wp-json\/wp\/v2\/media?parent=3917"}],"curies":[{"name":"wp","href":"https:\/\/api.w.org\/{rel}","templated":true}]}}