{"id":3858,"date":"2022-07-28T10:03:25","date_gmt":"2022-07-28T10:03:25","guid":{"rendered":"https:\/\/sp3.mikolow.eu\/?page_id=3858"},"modified":"2024-12-17T17:42:11","modified_gmt":"2024-12-17T15:42:11","slug":"kontakt","status":"publish","type":"page","link":"https:\/\/sp3.mikolow.eu\/index.php\/kontakt\/","title":{"rendered":"Kontakt"},"content":{"rendered":"\t\t<div data-elementor-type=\"wp-page\" data-elementor-id=\"3858\" class=\"elementor elementor-3858\" data-elementor-settings=\"[]\">\n\t\t\t\t\t\t\t<div class=\"elementor-section-wrap\">\n\t\t\t\t\t\t\t<section class=\"elementor-section elementor-top-section elementor-element elementor-element-70ed4de elementor-section-boxed elementor-section-height-default elementor-section-height-default\" data-id=\"70ed4de\" data-element_type=\"section\">\n\t\t\t\t\t\t<div class=\"elementor-container elementor-column-gap-default\">\n\t\t\t\t\t<div class=\"elementor-column elementor-col-50 elementor-top-column elementor-element elementor-element-f903eb2\" data-id=\"f903eb2\" data-element_type=\"column\">\n\t\t\t<div class=\"elementor-widget-wrap elementor-element-populated\">\n\t\t\t\t\t\t\t\t<div class=\"elementor-element elementor-element-8f2dd0f elementor-widget elementor-widget-text-editor\" data-id=\"8f2dd0f\" data-element_type=\"widget\" data-widget_type=\"text-editor.default\">\n\t\t\t\t<div class=\"elementor-widget-container\">\n\t\t\t\t\t\t\t\t<table><tbody><tr><td><span style=\"font-family: arial, helvetica, sans-serif;\">Nazwa szko\u0142y:<\/span><\/td><td><span style=\"font-family: arial, helvetica, sans-serif;\"><b>Szko\u0142a Podstawowa nr 3 z Oddzia\u0142ami Integracyjnymi im. Polskich Olimpijczyk\u00f3w<\/b><\/span><\/td><\/tr><tr><td><span style=\"font-family: arial, helvetica, sans-serif;\">E-mail szko\u0142y:<\/span><\/td><td><span style=\"font-family: arial, helvetica, sans-serif;\"><b>sekretariat@sp3.mikolow.eu<\/b><\/span><\/td><\/tr><tr><td><span style=\"font-family: arial, helvetica, sans-serif;\">Informacja e-mail:<\/span><\/td><td><span style=\"font-family: arial, helvetica, sans-serif;\"><b>sekretariat@sp3.mikolow.eu<\/b><\/span><\/td><\/tr><tr><td><span style=\"font-family: arial, helvetica, sans-serif;\">Telefon:<\/span><\/td><td><p><span style=\"font-family: arial, helvetica, sans-serif;\"><b>782 977 951 <\/b><\/span><\/p><p><span style=\"font-family: arial, helvetica, sans-serif;\">32 226-22-06<\/span><\/p><p><span style=\"font-family: arial, helvetica, sans-serif;\">sekretariat wew.12 <\/span><br \/><span style=\"font-family: arial, helvetica, sans-serif;\">\u015bwietlica 570485384 <\/span><br \/><span style=\"font-family: arial, helvetica, sans-serif;\">pedagog wew.25 <\/span><br \/><span style=\"font-family: arial, helvetica, sans-serif;\">psycholog wew.23 <\/span><br \/><span style=\"font-family: arial, helvetica, sans-serif;\">logopeda wew.24 <\/span><br \/><span style=\"font-family: arial, helvetica, sans-serif;\">biblioteka wew.20 <\/span><br \/><span style=\"font-family: arial, helvetica, sans-serif;\">portiernia wew.17 <\/span><br \/><span style=\"font-family: arial, helvetica, sans-serif;\">piel\u0119gniarka wew.16<\/span><\/p><\/td><\/tr><tr><td><span style=\"font-family: arial, helvetica, sans-serif;\">Adres szko\u0142y:<\/span><\/td><td><span style=\"font-family: arial, helvetica, sans-serif;\"><b>ul. ks. bpa W\u0142. Bandurskiego 1 <br \/>43-190 Miko\u0142\u00f3w<br \/>Poland<\/b><\/span><\/td><\/tr><tr><td><span style=\"font-family: arial, helvetica, sans-serif;\">NIP:<\/span><\/td><td><span style=\"font-family: arial, helvetica, sans-serif;\"><b>635 &#8211; 16 &#8211; 46 &#8211; 280<\/b><\/span><\/td><\/tr><tr><td><span style=\"font-family: arial, helvetica, sans-serif;\">Adres do <br \/>e-Dor\u0119cze\u0144<\/span><\/td><td><span style=\"font-family: arial, helvetica, sans-serif;\"><b>AE: PL-39418-35473-GIHHC-25<\/b><\/span><\/td><\/tr><tr><td><span style=\"font-family: arial, helvetica, sans-serif;\">Komunikacja elektroniczna:<\/span><\/td><td><p><span style=\"font-family: arial, helvetica, sans-serif;\"><b>Elektroniczna Skrzynka Podawcza dzia\u0142a w ramach rz\u0105dowego projektu e-PUAP, kt\u00f3ry udost\u0119pnia platform\u0119 wymiany korespondencji elektronicznej mi\u0119dzy obywatelem a urz\u0119dem. <\/b><\/span><\/p><p><span style=\"font-family: arial, helvetica, sans-serif;\">ADRES SKRZYNKI PODAWCZEJ NA PLATFORMIE ePUAP &#8211;<\/span><\/p><p><span style=\"font-family: arial, helvetica, sans-serif;\">\/SP3Mikolow\/SkrytkaESP<\/span><\/p><p><span style=\"font-family: arial, helvetica, sans-serif;\">Wszystkie dokumenty elektroniczne wys\u0142ane przez Elektroniczn\u0105 Skrzykn\u0119 Podawcz\u0105 musz\u0105 zosta\u0107 podpisane jednym z dw\u00f3ch typ\u00f3w podpis\u00f3w:<\/span><\/p><p><span style=\"font-family: arial, helvetica, sans-serif;\">p\u0142atnym kwalifikowanym podpisem elektronicznym <\/span><br \/><span style=\"font-family: arial, helvetica, sans-serif;\">darmowym podpisem potwierdzonym profilem zaufanym <\/span><br \/><span style=\"font-family: arial, helvetica, sans-serif;\">W celu skorzystania z Elektronicznej Skrzynki Podawczej Szko\u0142y dost\u0119pnej na platformie e-PUAP, niezb\u0119dne jest spe\u0142nienie nast\u0119puj\u0105cych warunk\u00f3w:<\/span><\/p><p><span style=\"font-family: arial, helvetica, sans-serif;\">za\u0142o\u017cenie indywidualnego (darmowego) konta <\/span><br \/><span style=\"font-family: arial, helvetica, sans-serif;\">posiadanie profilu zaufanego lub certyfikatu kwalifikowanego <\/span><br \/><span style=\"font-family: arial, helvetica, sans-serif;\">Akceptowane formaty za\u0142\u0105cznik\u00f3w plik\u00f3w:<\/span><\/p><p><span style=\"font-family: arial, helvetica, sans-serif;\">DOC, RTF, ODT, XLS, ODS, CSV, TXT, GIF, TIF, BMP, JPG, PNG, PDF, formaty kompresji ZIP, RAR<\/span><\/p><\/td><\/tr><\/tbody><\/table>\t\t\t\t\t\t<\/div>\n\t\t\t\t<\/div>\n\t\t\t\t\t<\/div>\n\t\t<\/div>\n\t\t\t\t<div class=\"elementor-column elementor-col-50 elementor-top-column elementor-element elementor-element-80297b3\" data-id=\"80297b3\" data-element_type=\"column\">\n\t\t\t<div class=\"elementor-widget-wrap elementor-element-populated\">\n\t\t\t\t\t\t\t\t<div class=\"elementor-element elementor-element-6e62b30 elementor-widget elementor-widget-google_maps\" data-id=\"6e62b30\" data-element_type=\"widget\" data-widget_type=\"google_maps.default\">\n\t\t\t\t<div class=\"elementor-widget-container\">\n\t\t\t\t\t<div class=\"elementor-custom-embed\">\n\t\t\t<iframe frameborder=\"0\" scrolling=\"no\" marginheight=\"0\" marginwidth=\"0\" src=\"https:\/\/maps.google.com\/maps?q=bp.%20W%C5%82adys%C5%82awa%20Bandurskiego%201%2C%2043-190%20Miko%C5%82%C3%B3w&amp;t=m&amp;z=14&amp;output=embed&amp;iwloc=near\" title=\"%3$s\" aria-label=\"%3$s\"><\/iframe>\n\t\t<\/div>\n\t\t\t\t<\/div>\n\t\t\t\t<\/div>\n\t\t\t\t\t<\/div>\n\t\t<\/div>\n\t\t\t\t\t\t\t<\/div>\n\t\t<\/section>\n\t\t\t\t\t\t<\/div>\n\t\t\t\t\t<\/div>\n\t\t","protected":false},"excerpt":{"rendered":"<p>Nazwa szko\u0142y: Szko\u0142a Podstawowa nr 3 z Oddzia\u0142ami Integracyjnymi im. Polskich Olimpijczyk\u00f3w E-mail szko\u0142y: sekretariat@sp3.mikolow.eu Informacja e-mail: sekretariat@sp3.mikolow.eu Telefon: 782 977 951 32 226-22-06 sekretariat wew.12 \u015bwietlica 570485384 pedagog wew.25 psycholog wew.23 logopeda wew.24 biblioteka wew.20 portiernia wew.17 piel\u0119gniarka wew.16 Adres szko\u0142y: ul. ks. bpa W\u0142. Bandurskiego 1 43-190 Miko\u0142\u00f3wPoland [&hellip;]<\/p>\n","protected":false},"author":2,"featured_media":0,"parent":0,"menu_order":0,"comment_status":"closed","ping_status":"closed","template":"","meta":{"ngg_post_thumbnail":0},"_links":{"self":[{"href":"https:\/\/sp3.mikolow.eu\/index.php\/wp-json\/wp\/v2\/pages\/3858"}],"collection":[{"href":"https:\/\/sp3.mikolow.eu\/index.php\/wp-json\/wp\/v2\/pages"}],"about":[{"href":"https:\/\/sp3.mikolow.eu\/index.php\/wp-json\/wp\/v2\/types\/page"}],"author":[{"embeddable":true,"href":"https:\/\/sp3.mikolow.eu\/index.php\/wp-json\/wp\/v2\/users\/2"}],"replies":[{"embeddable":true,"href":"https:\/\/sp3.mikolow.eu\/index.php\/wp-json\/wp\/v2\/comments?post=3858"}],"version-history":[{"count":12,"href":"https:\/\/sp3.mikolow.eu\/index.php\/wp-json\/wp\/v2\/pages\/3858\/revisions"}],"predecessor-version":[{"id":9089,"href":"https:\/\/sp3.mikolow.eu\/index.php\/wp-json\/wp\/v2\/pages\/3858\/revisions\/9089"}],"wp:attachment":[{"href":"https:\/\/sp3.mikolow.eu\/index.php\/wp-json\/wp\/v2\/media?parent=3858"}],"curies":[{"name":"wp","href":"https:\/\/api.w.org\/{rel}","templated":true}]}}