{"id":3829,"date":"2022-07-28T09:13:12","date_gmt":"2022-07-28T09:13:12","guid":{"rendered":"https:\/\/sp3.mikolow.eu\/?page_id=3829"},"modified":"2023-12-21T19:19:34","modified_gmt":"2023-12-21T17:19:34","slug":"klub-wolontariatu","status":"publish","type":"page","link":"https:\/\/sp3.mikolow.eu\/index.php\/klub-wolontariatu\/","title":{"rendered":"Klub wolontariatu MEGAPOMOCNI"},"content":{"rendered":"<p><span style=\"font-family: arial, helvetica, sans-serif;\"><strong><img loading=\"lazy\" class=\"alignleft\" src=\"\/\/cloud1a.edupage.org\/cloud\/ifxb4d91e5c67643850_WOLONTARIAT-1.png?z%3AmaID2hW846LmjtolmL87JwHOddmgcLLYVQI7tlba8fX0%2BHad8LhoPgVEf9pkDWlx5hMxdOLjTeqGNiNcKRacnQ%3D%3D\" alt=\"\" width=\"640\" height=\"300\" data-cke-saved-src=\"\/\/cloud1a.edupage.org\/cloud\/ifxb4d91e5c67643850_WOLONTARIAT-1.png?z%3AmaID2hW846LmjtolmL87JwHOddmgcLLYVQI7tlba8fX0%2BHad8LhoPgVEf9pkDWlx5hMxdOLjTeqGNiNcKRacnQ%3D%3D\"><\/strong><\/span><\/p>\n<p>&nbsp;<\/p>\n<p>&nbsp;<\/p>\n<p>&nbsp;<\/p>\n<p>&nbsp;<\/p>\n<p>&nbsp;<\/p>\n<p>&nbsp;<\/p>\n<p>&nbsp;<\/p>\n<p>&nbsp;<\/p>\n<p style=\"text-align: left;\"><a href=\"https:\/\/sp3.mikolow.eu\/wp-content\/uploads\/2023\/06\/NOWY-Regulamin-wolontariatu-SP3-2023.pdf\">NOWY Regulamin wolontariatu SP3 (2023)<\/a><\/p>\n<p style=\"text-align: left;\"><span style=\"color: #003366; font-family: arial, helvetica, sans-serif;\"><strong><a style=\"color: #003366;\" href=\"https:\/\/sp3.mikolow.eu\/wp-content\/uploads\/2022\/09\/WOLONTARIAT_-_prezentacja1-1.pptx\"><span style=\"color: #000080;\">WOLONTARIAT_-_prezentacj<\/span>a<\/a><\/strong><\/span><\/p>\n<p style=\"text-align: left;\"><span style=\"color: #993300; font-family: arial, helvetica, sans-serif;\"><b>Chcesz pomaga\u0107 innym?<\/b><\/span><\/p>\n<p style=\"text-align: left;\"><span style=\"color: #993300; font-family: arial, helvetica, sans-serif;\"><b>Dysponujesz czasem?<\/b><\/span><\/p>\n<p style=\"text-align: left;\"><span style=\"color: #993300; font-family: arial, helvetica, sans-serif;\"><b>Jeste\u015b kreatywny?<\/b><\/span><\/p>\n<p style=\"text-align: left;\"><span style=\"color: #993300; font-family: arial, helvetica, sans-serif;\"><b>Chcesz poczu\u0107 si\u0119 potrzebnym?<\/b><\/span><\/p>\n<p style=\"text-align: left;\" align=\"center\"><span style=\"color: #993300; font-family: arial, helvetica, sans-serif;\"><b>Wst\u0105p do Klubu Wolontariatu!<\/b>&nbsp;<\/span><\/p>\n<p style=\"text-align: left;\" align=\"center\"><span style=\"color: #993300; font-family: arial, helvetica, sans-serif;\"><b>Razem z innymi b\u0119dziesz m\u00f3g\u0142 si\u0119&nbsp;sprawdzi\u0107!<\/b><\/span><\/p>\n<p style=\"text-align: left;\" align=\"center\"><span style=\"color: #993300; font-size: 18pt; font-family: arial, helvetica, sans-serif;\"><b><i><u>Do\u0142\u0105cz do nas!&nbsp;<\/u><\/i><\/b><\/span><\/p>\n<p style=\"text-align: left;\" align=\"center\"><span style=\"font-size: 14pt; color: #008000; font-family: arial, helvetica, sans-serif;\"><em><b>Dzia\u0142alno\u015b\u0107 Wolontariatu znajdziesz na <a style=\"color: #008000;\" href=\"https:\/\/www.facebook.com\/sp3mikolow\" target=\"_blank\" rel=\"noopener\" data-cke-saved-href=\"https:\/\/www.facebook.com\/sp3mikolow\">Facebook&#8217;u<\/a> szko\u0142y.<\/b><\/em><\/span><\/p>\n<p style=\"text-align: left;\"><span style=\"color: #800080; font-family: arial, helvetica, sans-serif;\"><strong>Wolontariat &#8211; to bezp\u0142atne, \u015bwiadome i dobrowolne dzia\u0142anie na rzecz potrzebuj\u0105cych oraz wspomaganie inicjatyw charytatywnych.<\/strong><\/span><\/p>\n<p style=\"text-align: left;\"><span style=\"color: #800080; font-family: arial, helvetica, sans-serif;\"><strong>Wolontariat to dzia\u0142alno\u015b\u0107 na rzecz innych, wykraczaj\u0105ca poza zwi\u0105zki rodzinno\u2013kole\u017ce\u0144sko\u2013przyjacielskie.<\/strong><\/span><\/p>\n<p style=\"text-align: left;\"><span style=\"color: #800080; font-family: arial, helvetica, sans-serif;\"><strong>Wolontariusz &#8211; osoba dobrowolnie i bezinteresownie pomagaj\u0105ca innym.<\/strong><\/span><\/p>\n<p style=\"text-align: left;\" align=\"center\"><span style=\"font-family: arial, helvetica, sans-serif;\"><strong><img loading=\"lazy\" class=\"alignleft\" src=\"\/\/cloud5a.edupage.org\/cloud\/ifxa471acf9a123faf7_rece.jpg?z%3AyqakOQNvZQZ5xOoBzOJIcSN6IhlzEvvhi%2B%2FmtD10J14l8%2B0bs8fQq7QjU1CVkLuqYzJa7R%2FdbQk5%2BDLsy04yYw%3D%3D\" alt=\"\" width=\"660\" height=\"350\" data-cke-saved-src=\"\/\/cloud5a.edupage.org\/cloud\/ifxa471acf9a123faf7_rece.jpg?z%3AyqakOQNvZQZ5xOoBzOJIcSN6IhlzEvvhi%2B%2FmtD10J14l8%2B0bs8fQq7QjU1CVkLuqYzJa7R%2FdbQk5%2BDLsy04yYw%3D%3D\"><\/strong><\/span><\/p>\n<p>&nbsp;<\/p>\n<p>&nbsp;<\/p>\n<p>&nbsp;<\/p>\n<p>&nbsp;<\/p>\n<p>&nbsp;<\/p>\n<p>&nbsp;<\/p>\n<p>&nbsp;<\/p>\n<p>&nbsp;<\/p>\n<p>&nbsp;<\/p>\n<p>&nbsp;<\/p>\n<p style=\"text-align: left;\"><span style=\"font-family: arial, helvetica, sans-serif;\"><strong>opiekunki Klubu Wolontariatu: <\/strong><\/span><\/p>\n<p style=\"text-align: left;\"><span style=\"font-family: arial, helvetica, sans-serif;\"><strong>mgr Barbara Rak<\/strong><\/span><\/p>\n<p style=\"text-align: left;\"><span style=\"font-family: arial, helvetica, sans-serif;\"><strong>mgr Ewelina Kaczmarek<\/strong><\/span><\/p>\n<p style=\"text-align: left;\"><span style=\"color: #993300; font-family: arial, helvetica, sans-serif;\"><u><strong>CELE KLUBU WOLONTARIATU<\/strong><\/u><\/span><\/p>\n<ol>\n<li style=\"text-align: left;\"><span style=\"font-family: arial, helvetica, sans-serif;\">dzia\u0142a\u0107 na rzecz innych \u2013 pomaga\u0107, nieodp\u0142atnie s\u0142u\u017cy\u0107 potrzebuj\u0105cym;<\/span><\/li>\n<li style=\"text-align: left;\"><span style=\"font-family: arial, helvetica, sans-serif;\">rozwija\u0107 postaw\u0119 otwarto\u015bci na potrzeby innych;<\/span><\/li>\n<li style=\"text-align: left;\"><span style=\"font-family: arial, helvetica, sans-serif;\">budowa\u0107 system warto\u015bci;<\/span><\/li>\n<li style=\"text-align: left;\"><span style=\"font-family: arial, helvetica, sans-serif;\">promowa\u0107 ide\u0119 wolontariatu w szkole;<\/span><\/li>\n<li style=\"text-align: left;\"><span style=\"font-family: arial, helvetica, sans-serif;\">wspiera\u0107 ciekawe inicjatywy dzieci, rozwija\u0107 zainteresowania;<\/span><\/li>\n<li style=\"text-align: left;\"><span style=\"font-family: arial, helvetica, sans-serif;\">umo\u017cliwia\u0107 pomoc szkolnym kolegom w trudnych sytuacjach;<\/span><\/li>\n<li style=\"text-align: left;\"><span style=\"font-family: arial, helvetica, sans-serif;\">stanowi\u0107 warto\u015bciow\u0105 form\u0119 sp\u0119dzania wolnego czasu;<\/span><\/li>\n<li style=\"text-align: left;\"><span style=\"font-family: arial, helvetica, sans-serif;\">wzbudza\u0107 odczucia bycia potrzebnym, robienia czego\u015b dobrego;<\/span><\/li>\n<\/ol>\n","protected":false},"excerpt":{"rendered":"<p>&nbsp; &nbsp; &nbsp; &nbsp; &nbsp; &nbsp; &nbsp; &nbsp; NOWY Regulamin wolontariatu SP3 (2023) WOLONTARIAT_-_prezentacja Chcesz pomaga\u0107 innym? Dysponujesz czasem? Jeste\u015b kreatywny? Chcesz poczu\u0107 si\u0119 potrzebnym? Wst\u0105p do Klubu Wolontariatu!&nbsp; Razem z innymi b\u0119dziesz m\u00f3g\u0142 si\u0119&nbsp;sprawdzi\u0107! Do\u0142\u0105cz do nas!&nbsp; Dzia\u0142alno\u015b\u0107 Wolontariatu znajdziesz na Facebook&#8217;u szko\u0142y. Wolontariat &#8211; to bezp\u0142atne, \u015bwiadome i [&hellip;]<\/p>\n","protected":false},"author":2,"featured_media":0,"parent":0,"menu_order":0,"comment_status":"closed","ping_status":"closed","template":"","meta":{"ngg_post_thumbnail":0},"_links":{"self":[{"href":"https:\/\/sp3.mikolow.eu\/index.php\/wp-json\/wp\/v2\/pages\/3829"}],"collection":[{"href":"https:\/\/sp3.mikolow.eu\/index.php\/wp-json\/wp\/v2\/pages"}],"about":[{"href":"https:\/\/sp3.mikolow.eu\/index.php\/wp-json\/wp\/v2\/types\/page"}],"author":[{"embeddable":true,"href":"https:\/\/sp3.mikolow.eu\/index.php\/wp-json\/wp\/v2\/users\/2"}],"replies":[{"embeddable":true,"href":"https:\/\/sp3.mikolow.eu\/index.php\/wp-json\/wp\/v2\/comments?post=3829"}],"version-history":[{"count":10,"href":"https:\/\/sp3.mikolow.eu\/index.php\/wp-json\/wp\/v2\/pages\/3829\/revisions"}],"predecessor-version":[{"id":7585,"href":"https:\/\/sp3.mikolow.eu\/index.php\/wp-json\/wp\/v2\/pages\/3829\/revisions\/7585"}],"wp:attachment":[{"href":"https:\/\/sp3.mikolow.eu\/index.php\/wp-json\/wp\/v2\/media?parent=3829"}],"curies":[{"name":"wp","href":"https:\/\/api.w.org\/{rel}","templated":true}]}}