{"id":3814,"date":"2022-07-28T09:05:10","date_gmt":"2022-07-28T09:05:10","guid":{"rendered":"https:\/\/sp3.mikolow.eu\/?page_id=3814"},"modified":"2025-12-18T20:31:30","modified_gmt":"2025-12-18T19:31:30","slug":"obiady","status":"publish","type":"page","link":"https:\/\/sp3.mikolow.eu\/index.php\/swietlica\/obiady\/","title":{"rendered":"Obiady"},"content":{"rendered":"<p>&nbsp;<\/p>\n<p align=\"center\"><span style=\"font-size: 18pt; font-family: arial, helvetica, sans-serif;\"><b>ODP\u0141ATNO\u015a\u0106 ZA OBIADY ROK SZKOLNY 2025\/2026<\/b><\/span><\/p>\n<p align=\"center\"><span style=\"font-family: arial, helvetica, sans-serif;\"><img src=\"https:\/\/sp3mikolow.edupage.org\/elearn\/pics\/text\/text_text1\/d4acdc6d9caf832e1503c8a4c524179f5badbcef\"><\/span><\/p>\n<p align=\"center\">&nbsp;<\/p>\n<p align=\"center\"><span style=\"font-family: arial, helvetica, sans-serif;\"><strong>Aby zapisa\u0107 dziecko na obiady nale\u017cy&nbsp;dostarczy\u0107 wype\u0142niony :<\/strong><\/span><\/p>\n<p style=\"text-align: left;\" align=\"center\"><span style=\"font-family: arial, helvetica, sans-serif;\"><strong><img loading=\"lazy\" class=\"alignnone\" title=\"enlightened\" src=\"https:\/\/sp3mikolow.edupage.org\/global\/pics\/js\/ckeditor\/plugins\/smiley\/images\/lightbulb.png\" alt=\"enlightened\" width=\"23\" height=\"23\" data-cke-saved-src=\"https:\/\/sp3mikolow.edupage.org\/global\/pics\/js\/ckeditor\/plugins\/smiley\/images\/lightbulb.png\"><\/strong><strong>wniosek zapisu na obiady<\/strong><strong>: <a href=\"https:\/\/sp3.mikolow.eu\/wp-content\/uploads\/2025\/08\/Karta-zgloszenia-na-obiady25-26.doc\">Karta zg\u0142oszenia na obiady25-26<\/a><\/strong><\/span><\/p>\n<p><strong style=\"font-family: arial, helvetica, sans-serif;\"><img loading=\"lazy\" title=\"enlightened\" src=\"https:\/\/sp3mikolow.edupage.org\/global\/pics\/js\/ckeditor\/plugins\/smiley\/images\/lightbulb.png\" alt=\"enlightened\" width=\"23\" height=\"23\" data-cke-saved-src=\"https:\/\/sp3mikolow.edupage.org\/global\/pics\/js\/ckeditor\/plugins\/smiley\/images\/lightbulb.png\">dokona\u0107 p\u0142atno\u015bci&nbsp; wg zasad zamieszczonych we wniosku<\/strong><\/p>\n<p><span style=\"font-family: arial, helvetica, sans-serif;\"><strong>CENA JEDNOSTKOWA OBIADU WYNOSI 5,00 z\u0142.<\/strong><\/span><\/p>\n<p><span style=\"font-family: arial, helvetica, sans-serif;\"><img loading=\"lazy\" class=\"alignright\" src=\"\/\/cloud1a.edupage.org\/cloud\/eduresized_WYKRZYKNIK.jpg?z%3AcYbTn9QNztLe9mBRzdV5kzeS55UsAE%2F6F98LqzZX9wul%2BCnkpCE5hqe9RGYVaBzF\" alt=\"\" width=\"265\" height=\"600\" data-cke-saved-src=\"\/\/cloud1a.edupage.org\/cloud\/eduresized_WYKRZYKNIK.jpg?z%3AcYbTn9QNztLe9mBRzdV5kzeS55UsAE%2F6F98LqzZX9wul%2BCnkpCE5hqe9RGYVaBzF\"><\/span><\/p>\n<p><span style=\"font-family: arial, helvetica, sans-serif;\">WE WRZE\u015aNIU OBIADU WYDAWANE S\u0104 OD 08.09.2026 (poniedzia\u0142ek)<\/span><\/p>\n<p><span style=\"font-family: arial, helvetica, sans-serif;\">OP\u0141ATA ZA WRZESIE\u0143 WYNOSI 85 Z\u0141 (17 OBIAD\u00d3W PO 5 Z\u0141)<\/span><\/p>\n<p><span style=\"color: #ff9900; font-family: arial, helvetica, sans-serif;\"><strong>Harmonogram wydawania obiad\u00f3w rok szkolny 2025-26 (<a href=\"https:\/\/sp3.mikolow.eu\/wp-content\/uploads\/2025\/09\/HARMONOGRAM-WYDAWANIA-OBIADOW-25-26.docx\">HARMONOGRAM WYDAWANIA OBIAD\u00d3W 25-26<\/a>):&nbsp;<\/strong><\/span><\/p>\n<p><span style=\"font-family: arial, helvetica, sans-serif;\">ZASADY ZAPISU NA OBIADY I ODP\u0141ATNO\u015aCI W STO\u0141\u00d3WCE SZKOLNEJ <\/span><br \/>\n<span style=\"font-family: arial, helvetica, sans-serif;\">przy Szkole Podstawowej nr 3 z Oddzia\u0142ami Integracyjnymi im. Polskich Olimpijczyk\u00f3w w Miko\u0142owie ul. Bandurskiego 1<\/span><\/p>\n<p><span style=\"font-family: arial, helvetica, sans-serif;\">Aby zapisa\u0107 dziecko na obiady nale\u017cy wype\u0142ni\u0107 <strong>kart\u0119 zapisu i dokona\u0107 p\u0142atno\u015bci wg poni\u017cszych zasad:<\/strong><\/span><\/p>\n<ul>\n<li style=\"list-style-type: none;\">\n<ul>\n<li><span style=\"font-family: arial, helvetica, sans-serif; color: #000000;\"><b>W pozosta\u0142e miesi\u0105ce do dnia 25 ka\u017cdego miesi\u0105ca poprzedzaj\u0105cego miesi\u0105c, w kt\u00f3rym dziecko b\u0119dzie korzysta\u0142o z posi\u0142ku.<\/b><\/span><\/li>\n<li><span style=\"font-family: arial, helvetica, sans-serif; color: #000000;\"><b>Cena jednostkowa obiadu wynosi 5,00 PLN<\/b><\/span><\/li>\n<li><span style=\"font-family: arial, helvetica, sans-serif; color: #000000;\"><strong>Odp\u0142atno\u015bci za obiady nale\u017cy dokonywa\u0107 bezpo\u015brednio na nr konta w MBS, zamieszczaj\u0105c w tytule przelewu<\/strong>:<b> IMI\u0118 I NAZWISKO DZIECKA, KLAS\u0118<br \/>\n<span style=\"font-size: 14pt; font-family: arial, helvetica, sans-serif;\">KONTO MBS: <strong>84 8436 0003 0000 0003 8654 0004<\/strong><\/span><br \/>\n<\/b><u><b> <\/b><\/u><\/span><\/li>\n<li><span style=\"font-family: arial, helvetica, sans-serif; color: #000000;\"><b><u>Przy wp\u0142acie na konto liczy si\u0119 data wp\u0142ywu na nasz rachunek bankowy<\/u>.<\/b><\/span><\/li>\n<li><span style=\"font-family: arial, helvetica, sans-serif; color: #000000;\"><strong>Brak wp\u0142aty za obiady w terminie<\/strong> pozbawia mo\u017cliwo\u015bci sto\u0142owania si\u0119 w szkolnej sto\u0142\u00f3wce&nbsp;w danym miesi\u0105cu.<\/span><\/li>\n<li><span style=\"font-family: arial, helvetica, sans-serif; color: #000000;\">Za niewykorzystane obiady zwracana jest r\u00f3wnowarto\u015b\u0107 w nast\u0119pnym miesi\u0105cu.<\/span><\/li>\n<li><span style=\"font-family: arial, helvetica, sans-serif;\">Rodzic zobowi\u0105zany jest do zg\u0142oszenia nieobecno\u015bci dziecka w szkole najp\u00f3\u017aniej do godz. 7.00 tego samego dnia.<\/span><\/li>\n<li><span style=\"font-family: arial, helvetica, sans-serif;\">W przypadku braku zg\u0142oszenia nieobecno\u015bci dziecka na obiedzie Rodzicowi nie przys\u0142uguje prawo do zwrotu nale\u017cno\u015bci.<\/span><\/li>\n<li><span style=\"font-family: arial, helvetica, sans-serif;\">Nieobecno\u015b\u0107 mo\u017cna zg\u0142osi\u0107 kierownikowi \u015bwietlicy przez dziennik elektroniczny Librus, mailowo, telefonicznie lub osobi\u015bcie.<\/span><\/li>\n<li><span style=\"font-family: arial, helvetica, sans-serif;\">Nieobecno\u015bci z powodu <strong>wycieczek zg\u0142asza wychowawca klasy.<\/strong><\/span><\/li>\n<li><span style=\"font-family: arial, helvetica, sans-serif;\">O rezygnacji z \u017cywienia nale\u017cy powiadomi\u0107 kierownika \u015bwietlicy z <strong>tygodniowym wyprzedzeniem<\/strong>.<\/span><\/li>\n<li><span style=\"font-family: arial, helvetica, sans-serif; color: #000000;\"><b><u>Na \u017c\u0105danie kierownika<\/u> \u015bwietlicy nale\u017cy przedstawi\u0107<\/b> potwierdzenie wp\u0142aty\/ przelewu&nbsp;<b>(przes\u0142a\u0107 na email \u015bwietlicy).<\/b><\/span><\/li>\n<\/ul>\n<\/li>\n<\/ul>\n<p><span style=\"color: #ff6600; font-family: arial, helvetica, sans-serif;\"><b><u>O WSZYSTKICH ZMIANACH PROSZ\u0118 INFORMOWA\u0106 KIEROWNIKA \u015aWIETLICY OSOBI\u015aCIE LUB PISEMNIE<\/u><\/b><\/span><\/p>\n<p><span style=\"font-size: 14pt; font-family: arial, helvetica, sans-serif;\"><b>KONTO MBS: <strong>84 8436 0003 0000 0003 8654 0004<\/strong><\/b><\/span><\/p>\n<p><span style=\"font-family: arial, helvetica, sans-serif; font-size: 14pt; color: #ff6600;\"><strong>ODP\u0141ATNO\u015a\u0106 ZA OBIADY ROK SZKOLNY 2024\/2025<\/strong><\/span><\/p>\n<p><span style=\"font-family: arial, helvetica, sans-serif;\"><strong>(jeden obiad kosztuje 5,00 z\u0142)<\/strong><\/span><\/p>\n<table style=\"width: 91.243%; height: 1548px;\">\n<tbody>\n<tr>\n<td style=\"width: 17.2185%;\" width=\"103\"><span style=\"font-family: arial, helvetica, sans-serif;\"><strong>&nbsp;<\/strong><\/span><span style=\"font-family: arial, helvetica, sans-serif;\"><strong>MIESI\u0104C<\/strong><\/span><\/td>\n<td style=\"width: 16.9536%;\" width=\"105\"><span style=\"font-family: arial, helvetica, sans-serif;\"><strong>ILO\u015a\u0106 OBIAD\u00d3W W MIESI\u0104CU<\/strong><\/span><\/td>\n<td style=\"width: 12.4503%;\" width=\"76\"><span style=\"font-family: arial, helvetica, sans-serif;\"><strong>&nbsp;<\/strong><\/span><span style=\"font-family: arial, helvetica, sans-serif;\"><strong>KWOTA<\/strong><\/span><\/td>\n<td style=\"width: 19.8675%;\" width=\"123\"><span style=\"font-family: arial, helvetica, sans-serif;\"><strong>&nbsp;<\/strong><\/span><span style=\"font-family: arial, helvetica, sans-serif;\"><strong>TERMIN<\/strong><\/span><\/td>\n<td style=\"width: 31.5232%;\" width=\"198\"><span style=\"font-family: arial, helvetica, sans-serif;\"><strong>&nbsp;<\/strong><\/span><span style=\"font-family: arial, helvetica, sans-serif;\"><strong>UWAGI<br \/>\n<\/strong><\/span><span style=\"font-family: arial, helvetica, sans-serif;\">DNI WOLNE OD ZAJ\u0118\u0106 DYDAKTYCZNYCH<\/span><\/td>\n<\/tr>\n<tr>\n<td style=\"width: 17.2185%;\" width=\"103\"><span style=\"font-family: arial, helvetica, sans-serif;\"><strong>WRZESIE\u0143<\/strong><\/span><\/td>\n<td style=\"width: 16.9536%;\" width=\"105\"><span style=\"font-family: arial, helvetica, sans-serif;\">17<\/span><\/td>\n<td style=\"width: 12.4503%;\" width=\"76\"><span style=\"font-family: arial, helvetica, sans-serif;\">85,00<\/span><\/td>\n<td style=\"width: 19.8675%;\" width=\"123\"><span style=\"font-family: arial, helvetica, sans-serif;\">5.09.2025<\/span><\/td>\n<td style=\"width: 31.5232%;\" width=\"198\">&nbsp;<\/td>\n<\/tr>\n<tr>\n<td style=\"width: 17.2185%;\" width=\"103\"><span style=\"font-family: arial, helvetica, sans-serif;\"><strong>PA\u0179D\u0179IERNIK<\/strong><\/span><\/td>\n<td style=\"width: 16.9536%;\" width=\"105\"><span style=\"font-family: arial, helvetica, sans-serif;\">21<\/span><\/td>\n<td style=\"width: 12.4503%;\" width=\"76\"><span style=\"font-family: arial, helvetica, sans-serif;\">105,00<\/span><\/td>\n<td style=\"width: 19.8675%;\" width=\"123\"><span style=\"font-family: arial, helvetica, sans-serif;\">25.09.2025<\/span><\/td>\n<td style=\"width: 31.5232%;\" width=\"198\"><span style=\"font-family: arial, helvetica, sans-serif;\">13.10 dzie\u0144 wolny od zaj\u0119\u0107 dydaktycznych<\/span><\/p>\n<p><span style=\"font-family: arial, helvetica, sans-serif;\">14.10 dzie\u0144 wolny od zaj\u0119\u0107 dydaktycznych<\/span><\/td>\n<\/tr>\n<tr>\n<td style=\"width: 17.2185%;\" width=\"103\"><span style=\"font-family: arial, helvetica, sans-serif;\"><strong>LISTOPAD<\/strong><\/span><\/td>\n<td style=\"width: 16.9536%;\" width=\"105\"><span style=\"font-family: arial, helvetica, sans-serif;\">18<\/span><\/td>\n<td style=\"width: 12.4503%;\" width=\"76\"><span style=\"font-family: arial, helvetica, sans-serif;\">90,00<\/span><\/td>\n<td style=\"width: 19.8675%;\" width=\"123\"><span style=\"font-family: arial, helvetica, sans-serif;\">25.10.2025<\/span><\/td>\n<td style=\"width: 31.5232%;\" width=\"198\"><span style=\"font-family: arial, helvetica, sans-serif;\">10.11 dzie\u0144 wolny od zaj\u0119\u0107 dydaktycznych<\/span><\/p>\n<p><span style=\"font-family: arial, helvetica, sans-serif;\">11.11. NARODOWE \u015aWI\u0118TO NIEPODLEG\u0141O\u015aCI<\/span><\/td>\n<\/tr>\n<tr>\n<td style=\"width: 17.2185%;\" width=\"103\"><span style=\"font-family: arial, helvetica, sans-serif;\"><strong>GRUDZIE\u0143<\/strong><\/span><\/td>\n<td style=\"width: 16.9536%;\" width=\"105\"><span style=\"font-family: arial, helvetica, sans-serif;\">15<\/span><\/td>\n<td style=\"width: 12.4503%;\" width=\"76\"><span style=\"font-family: arial, helvetica, sans-serif;\">75,00<\/span><\/td>\n<td style=\"width: 19.8675%;\" width=\"123\"><span style=\"font-family: arial, helvetica, sans-serif;\">25.11.2025<\/span><\/td>\n<td style=\"width: 31.5232%;\" width=\"198\"><span style=\"font-family: arial, helvetica, sans-serif;\">22.12- 31.12.PRZERWA \u015aWI\u0104TECZNA<\/span><\/td>\n<\/tr>\n<tr>\n<td style=\"width: 17.2185%;\" width=\"103\"><span style=\"font-family: arial, helvetica, sans-serif;\"><strong>STYCZE\u0143<\/strong><\/span><\/td>\n<td style=\"width: 16.9536%;\" width=\"105\"><span style=\"font-family: arial, helvetica, sans-serif;\">18<\/span><\/td>\n<td style=\"width: 12.4503%;\" width=\"76\"><span style=\"font-family: arial, helvetica, sans-serif;\">90,00<\/span><\/td>\n<td style=\"width: 19.8675%;\" width=\"123\"><span style=\"font-family: arial, helvetica, sans-serif;\">25.12.2026<\/span><\/td>\n<td style=\"width: 31.5232%;\" width=\"198\"><span style=\"font-family: arial, helvetica, sans-serif;\">1.01. NOWY ROK<\/span><\/p>\n<p><span style=\"font-family: arial, helvetica, sans-serif;\">2.01, 5.01 dni wolne od zaj\u0119\u0107 dydaktycznych<\/span><\/p>\n<p><span style=\"font-family: arial, helvetica, sans-serif;\">6.01.\u015aWI\u0118TO TRZECH KR\u00d3LI<\/span><\/td>\n<\/tr>\n<tr>\n<td style=\"width: 17.2185%;\" width=\"103\"><span style=\"font-family: arial, helvetica, sans-serif;\"><strong>LUTY<\/strong><\/span><\/td>\n<td style=\"width: 16.9536%;\" width=\"105\"><span style=\"font-family: arial, helvetica, sans-serif;\">10<\/span><\/td>\n<td style=\"width: 12.4503%;\" width=\"76\"><span style=\"font-family: arial, helvetica, sans-serif;\">50,00<\/span><\/td>\n<td style=\"width: 19.8675%;\" width=\"123\"><span style=\"font-family: arial, helvetica, sans-serif;\">25.01.2026<\/span><\/td>\n<td style=\"width: 31.5232%;\" width=\"198\"><span style=\"font-family: arial, helvetica, sans-serif;\">16.02 \u2013 28.02 FERIE ZIMOWE<\/span><\/td>\n<\/tr>\n<tr>\n<td style=\"width: 17.2185%;\" width=\"103\"><span style=\"font-family: arial, helvetica, sans-serif;\"><strong>MARZEC<\/strong><\/span><\/td>\n<td style=\"width: 16.9536%;\" width=\"105\"><span style=\"font-family: arial, helvetica, sans-serif;\">22<\/span><\/td>\n<td style=\"width: 12.4503%;\" width=\"76\"><span style=\"font-family: arial, helvetica, sans-serif;\">110,00<\/span><\/td>\n<td style=\"width: 19.8675%;\" width=\"123\"><span style=\"font-family: arial, helvetica, sans-serif;\">25.02.2026<\/span><\/td>\n<td style=\"width: 31.5232%;\" width=\"198\">&nbsp;<\/td>\n<\/tr>\n<tr>\n<td style=\"width: 17.2185%;\" width=\"103\"><span style=\"font-family: arial, helvetica, sans-serif;\"><strong>KWIECIE\u0143<\/strong><\/span><\/td>\n<td style=\"width: 16.9536%;\" width=\"105\"><span style=\"font-family: arial, helvetica, sans-serif;\">18<\/span><\/td>\n<td style=\"width: 12.4503%;\" width=\"76\"><span style=\"font-family: arial, helvetica, sans-serif;\">90,00<\/span><\/td>\n<td style=\"width: 19.8675%;\" width=\"123\"><span style=\"font-family: arial, helvetica, sans-serif;\">25.03.2026<\/span><\/td>\n<td style=\"width: 31.5232%;\" width=\"198\"><span style=\"font-family: arial, helvetica, sans-serif;\">2.04 \u2013 7.04 WIOSENNA PRZERWA \u015aWI\u0104TECZNA<\/span><\/td>\n<\/tr>\n<tr>\n<td style=\"width: 17.2185%;\" width=\"103\"><span style=\"font-family: arial, helvetica, sans-serif;\"><strong>MAJ<\/strong><\/span><\/td>\n<td style=\"width: 16.9536%;\" width=\"105\"><span style=\"font-family: arial, helvetica, sans-serif;\">17<\/span><\/td>\n<td style=\"width: 12.4503%;\" width=\"76\"><span style=\"font-family: arial, helvetica, sans-serif;\">85,00<\/span><\/td>\n<td style=\"width: 19.8675%;\" width=\"123\"><span style=\"font-family: arial, helvetica, sans-serif;\">25.04.2026<\/span><\/td>\n<td style=\"width: 31.5232%;\" width=\"198\"><span style=\"font-family: arial, helvetica, sans-serif;\">01.05 \u015aWI\u0118TO PRACY<\/span><\/p>\n<p><span style=\"font-family: arial, helvetica, sans-serif;\">11,12,13.05 EGZAMIN \u00d3SMOKLASISTY &#8211; dni wolne od zaj\u0119\u0107 dydaktycznych<\/span><\/td>\n<\/tr>\n<tr>\n<td style=\"width: 17.2185%;\" width=\"103\"><span style=\"font-family: arial, helvetica, sans-serif;\"><strong>CZERWIEC<\/strong><\/span><\/td>\n<td style=\"width: 16.9536%;\" width=\"105\"><span style=\"font-family: arial, helvetica, sans-serif;\">17<\/span><\/td>\n<td style=\"width: 12.4503%;\" width=\"76\"><span style=\"font-family: arial, helvetica, sans-serif;\">85,00<\/span><\/td>\n<td style=\"width: 19.8675%;\" width=\"123\"><span style=\"font-family: arial, helvetica, sans-serif;\">25.05.2026<\/span><\/td>\n<td style=\"width: 31.5232%;\" width=\"198\"><span style=\"font-family: arial, helvetica, sans-serif;\">4.06. BO\u017bE CIA\u0141O<\/span><\/p>\n<p><span style=\"font-family: arial, helvetica, sans-serif;\">5.06 dzie\u0144 wolny od zaj\u0119\u0107 dydaktycznych<\/span><\/p>\n<p><span style=\"font-family: arial, helvetica, sans-serif;\">26.06 UROCZYSTE ZAKO\u0143CZENIE ROKU SZKOLNEGO<\/span><\/td>\n<\/tr>\n<\/tbody>\n<\/table>\n<p>&nbsp;<\/p>\n<p><span style=\"font-size: 14pt; font-family: arial, helvetica, sans-serif;\"><strong><img src=\"\/global\/pics\/icons\/Other\/nu_mozilla-thunderbird.gif\" alt=\"\" data-cke-saved-src=\"\/global\/pics\/icons\/Other\/nu_mozilla-thunderbird.gif\"><\/strong><b>KONTAKT: &nbsp;<\/b><\/span><\/p>\n<p><span style=\"font-size: 14pt; font-family: arial, helvetica, sans-serif;\"><strong>&nbsp;<\/strong> <strong>&nbsp;<\/strong><img src=\"https:\/\/www.gify.net\/data\/media\/325\/telefon-ruchomy-obrazek-0007.gif\" alt=\"\u25b7 Telefony: obrazki ruchome, animowane gify i animacje \u2010 100% DARMO!\" data-cke-saved-src=\"https:\/\/www.gify.net\/data\/media\/325\/telefon-ruchomy-obrazek-0007.gif\"><strong>570485384&nbsp;<\/strong><\/span><\/p>\n<p><span style=\"font-size: 14pt; font-family: arial, helvetica, sans-serif;\"><i><b>email<\/b>:&nbsp;<\/i><i>&nbsp;<a href=\"mailto:swietlica@sp3.mikolow.eu\" data-cke-saved-href=\"mailto:swietlica@sp3.mikolow.eu\">swietlica@sp3.mikolow.eu<\/a>;<\/i><\/span><\/p>\n<p><span style=\"font-size: 14pt; font-family: arial, helvetica, sans-serif;\"><i>librus: Beata Durska<\/i><\/span><\/p>\n<p><span style=\"font-family: arial, helvetica, sans-serif;\">&nbsp;&nbsp;<\/span><\/p>\n<div>&nbsp;<\/div>\n","protected":false},"excerpt":{"rendered":"<p>&nbsp; ODP\u0141ATNO\u015a\u0106 ZA OBIADY ROK SZKOLNY 2025\/2026 &nbsp; Aby zapisa\u0107 dziecko na obiady nale\u017cy&nbsp;dostarczy\u0107 wype\u0142niony : wniosek zapisu na obiady: Karta zg\u0142oszenia na obiady25-26 dokona\u0107 p\u0142atno\u015bci&nbsp; wg zasad zamieszczonych we wniosku CENA JEDNOSTKOWA OBIADU WYNOSI 5,00 z\u0142. WE WRZE\u015aNIU OBIADU WYDAWANE S\u0104 OD 08.09.2026 (poniedzia\u0142ek) OP\u0141ATA ZA WRZESIE\u0143 WYNOSI 85 [&hellip;]<\/p>\n","protected":false},"author":2,"featured_media":0,"parent":3554,"menu_order":0,"comment_status":"closed","ping_status":"closed","template":"","meta":{"ngg_post_thumbnail":0},"_links":{"self":[{"href":"https:\/\/sp3.mikolow.eu\/index.php\/wp-json\/wp\/v2\/pages\/3814"}],"collection":[{"href":"https:\/\/sp3.mikolow.eu\/index.php\/wp-json\/wp\/v2\/pages"}],"about":[{"href":"https:\/\/sp3.mikolow.eu\/index.php\/wp-json\/wp\/v2\/types\/page"}],"author":[{"embeddable":true,"href":"https:\/\/sp3.mikolow.eu\/index.php\/wp-json\/wp\/v2\/users\/2"}],"replies":[{"embeddable":true,"href":"https:\/\/sp3.mikolow.eu\/index.php\/wp-json\/wp\/v2\/comments?post=3814"}],"version-history":[{"count":31,"href":"https:\/\/sp3.mikolow.eu\/index.php\/wp-json\/wp\/v2\/pages\/3814\/revisions"}],"predecessor-version":[{"id":10531,"href":"https:\/\/sp3.mikolow.eu\/index.php\/wp-json\/wp\/v2\/pages\/3814\/revisions\/10531"}],"up":[{"embeddable":true,"href":"https:\/\/sp3.mikolow.eu\/index.php\/wp-json\/wp\/v2\/pages\/3554"}],"wp:attachment":[{"href":"https:\/\/sp3.mikolow.eu\/index.php\/wp-json\/wp\/v2\/media?parent=3814"}],"curies":[{"name":"wp","href":"https:\/\/api.w.org\/{rel}","templated":true}]}}