{"id":3811,"date":"2022-07-28T09:04:24","date_gmt":"2022-07-28T09:04:24","guid":{"rendered":"https:\/\/sp3.mikolow.eu\/?page_id=3811"},"modified":"2023-12-19T19:43:45","modified_gmt":"2023-12-19T17:43:45","slug":"rozklad-dnia","status":"publish","type":"page","link":"https:\/\/sp3.mikolow.eu\/index.php\/swietlica\/rozklad-dnia\/","title":{"rendered":"Rozk\u0142ad dnia"},"content":{"rendered":"<p><span style=\"font-family: arial, helvetica, sans-serif;\"><strong>W naszej \u015bwietlicy funkcjonuje rozk\u0142ad dnia<\/strong>:<\/span><\/p>\n<p>&nbsp;<\/p>\n<p><span style=\"font-family: arial, helvetica, sans-serif;\"><strong>ROZK\u0141AD DNIA<\/strong>:<\/span><\/p>\n<p><span style=\"font-family: arial, helvetica, sans-serif;\">7:00 \u2013 8:30<\/span><\/p>\n<p><span style=\"font-family: arial, helvetica, sans-serif;\"><strong>Zabawy relaksuj\u0105ce, ruchowe, integracyjne, dowolne gry i zabawy<\/strong><\/span><\/p>\n<p><span style=\"font-family: arial, helvetica, sans-serif;\"><strong>Czytanie&nbsp; prasy dla dzieci, bajek, zagadki, rozmowy z dzie\u0107mi<\/strong><\/span><\/p>\n<p><span style=\"font-family: arial, helvetica, sans-serif;\">Dowolne gry i zabawy dzieci w k\u0105cikach tematycznych(zabawy konstrukcyjne, tematyczne, gry planszowe, uk\u0142adanki, rysowanie.<\/span><\/p>\n<p><span style=\"font-family: arial, helvetica, sans-serif;\">8:30 \u2013 9:00<\/span><\/p>\n<p><span style=\"font-family: arial, helvetica, sans-serif;\">Porz\u0105dkowanie gier i zabawek, czynno\u015bci higieniczne, zjedzenie posi\u0142ku<\/span><\/p>\n<p><span style=\"font-family: arial, helvetica, sans-serif;\">9:00\u2013 11:00<\/span><\/p>\n<p><span style=\"font-family: arial, helvetica, sans-serif;\">&nbsp;&nbsp;Zaj\u0119cia prowadzone przez wychowawc\u00f3w, zwi\u0105zane z tematami miesi\u0105ca<\/span><br \/>\n<span style=\"font-family: arial, helvetica, sans-serif;\">(gry dydaktyczne, plastyczne, praktyczno-techniczne, z zakresu \u017cywego s\u0142owa, muzyczne, rekreacyjno\u2013sportowe, zaj\u0119cia na sali zabaw, zabawy w terenie, filmy, pogadanki rozmowy)<\/span><\/p>\n<p><span style=\"font-family: arial, helvetica, sans-serif;\">Zaj\u0119cia, zabawy okoliczno\u015bciowe i programy artystyczne, quizy, konkursy<\/span><\/p>\n<p><span style=\"font-family: arial, helvetica, sans-serif;\">11:00 &#8211; 11:30<\/span><\/p>\n<p><span style=\"font-family: arial, helvetica, sans-serif;\">Porz\u0105dkowanie sali, przygotowanie do obiadu<\/span><\/p>\n<p><span style=\"font-family: arial, helvetica, sans-serif;\">11:30- 13:00<\/span><\/p>\n<p><span style=\"font-family: arial, helvetica, sans-serif;\">Obiad, odpoczynek i zabawy dowolne w k\u0105cikach tematycznych<\/span><\/p>\n<p><span style=\"font-family: arial, helvetica, sans-serif;\">13:00 \u2013 14:00<\/span><\/p>\n<p><span style=\"font-family: arial, helvetica, sans-serif;\"><strong>ODRABIANIE ZADA\u0143 DOMOWYCH-&nbsp;<\/strong>w grupach<\/span><\/p>\n<p><span style=\"font-family: arial, helvetica, sans-serif;\"><strong>\u015aWIETLICOWE <\/strong><strong>PO\u0141UDNIE Z KSIA\u017bK\u0104<\/strong>\u2013 g\u0142o\u015bne czytanie bajek przez wychowawc\u00f3w,<\/span><br \/>\n<span style=\"font-family: arial, helvetica, sans-serif;\">gry dydaktyczne<\/span><\/p>\n<p><span style=\"font-family: arial, helvetica, sans-serif;\">14:00\u201315:00&nbsp;<\/span><\/p>\n<p><span style=\"font-family: arial, helvetica, sans-serif;\">&nbsp;Zaj\u0119cia prowadzone przez wychowawc\u00f3w, zwi\u0105zane z tematami miesi\u0105ca ( gry dydaktyczne, plastyczne, praktyczno techniczne, z zakresu \u017cywego s\u0142owa, muzyczne, rekreacyjno \u2013 sportowe, zaj\u0119cia na sali zabaw, zabawy ruchowe w terenie, filmy, pogadanki rozmowy)<\/span><\/p>\n<p><span style=\"font-family: arial, helvetica, sans-serif;\">&nbsp;Zaj\u0119cia, zabawy okoliczno\u015bciowe i programy artystyczne, quizy, konkursy<\/span><\/p>\n<p><span style=\"font-family: arial, helvetica, sans-serif;\">15:00\u2013 16:30<\/span><\/p>\n<p><span style=\"font-family: arial, helvetica, sans-serif;\">&nbsp;Zabawy relaksuj\u0105ce, ruchowe, integracyjne, dowolne gry i zabawy<\/span><\/p>\n<p><span style=\"font-family: arial, helvetica, sans-serif;\">\u2013&nbsp;&nbsp;&nbsp;&nbsp; Czytanie opowiada\u0144, bajek, prasy dla dzieci, projekcje bajek<\/span><\/p>\n<p><span style=\"font-family: arial, helvetica, sans-serif;\">\u2013&nbsp;&nbsp;&nbsp;&nbsp; Rozmowy z dzie\u0107mi<\/span><\/p>\n<p><span style=\"font-family: arial, helvetica, sans-serif;\">Dowolne gry i zabawy dzieci w k\u0105cikach tematycznych(zabawy konstrukcyjne, tematyczne, gry planszowe, uk\u0142adanki, rysowanie.<\/span><\/p>\n","protected":false},"excerpt":{"rendered":"<p>W naszej \u015bwietlicy funkcjonuje rozk\u0142ad dnia: &nbsp; ROZK\u0141AD DNIA: 7:00 \u2013 8:30 Zabawy relaksuj\u0105ce, ruchowe, integracyjne, dowolne gry i zabawy Czytanie&nbsp; prasy dla dzieci, bajek, zagadki, rozmowy z dzie\u0107mi Dowolne gry i zabawy dzieci w k\u0105cikach tematycznych(zabawy konstrukcyjne, tematyczne, gry planszowe, uk\u0142adanki, rysowanie. 8:30 \u2013 9:00 Porz\u0105dkowanie gier i zabawek, [&hellip;]<\/p>\n","protected":false},"author":2,"featured_media":0,"parent":3554,"menu_order":0,"comment_status":"closed","ping_status":"closed","template":"","meta":{"ngg_post_thumbnail":0},"_links":{"self":[{"href":"https:\/\/sp3.mikolow.eu\/index.php\/wp-json\/wp\/v2\/pages\/3811"}],"collection":[{"href":"https:\/\/sp3.mikolow.eu\/index.php\/wp-json\/wp\/v2\/pages"}],"about":[{"href":"https:\/\/sp3.mikolow.eu\/index.php\/wp-json\/wp\/v2\/types\/page"}],"author":[{"embeddable":true,"href":"https:\/\/sp3.mikolow.eu\/index.php\/wp-json\/wp\/v2\/users\/2"}],"replies":[{"embeddable":true,"href":"https:\/\/sp3.mikolow.eu\/index.php\/wp-json\/wp\/v2\/comments?post=3811"}],"version-history":[{"count":3,"href":"https:\/\/sp3.mikolow.eu\/index.php\/wp-json\/wp\/v2\/pages\/3811\/revisions"}],"predecessor-version":[{"id":7548,"href":"https:\/\/sp3.mikolow.eu\/index.php\/wp-json\/wp\/v2\/pages\/3811\/revisions\/7548"}],"up":[{"embeddable":true,"href":"https:\/\/sp3.mikolow.eu\/index.php\/wp-json\/wp\/v2\/pages\/3554"}],"wp:attachment":[{"href":"https:\/\/sp3.mikolow.eu\/index.php\/wp-json\/wp\/v2\/media?parent=3811"}],"curies":[{"name":"wp","href":"https:\/\/api.w.org\/{rel}","templated":true}]}}