{"id":3808,"date":"2022-07-28T09:03:24","date_gmt":"2022-07-28T09:03:24","guid":{"rendered":"https:\/\/sp3.mikolow.eu\/?page_id=3808"},"modified":"2023-12-19T19:43:29","modified_gmt":"2023-12-19T17:43:29","slug":"zachowanie-w-swietlicy","status":"publish","type":"page","link":"https:\/\/sp3.mikolow.eu\/index.php\/swietlica\/zachowanie-w-swietlicy\/","title":{"rendered":"Zachowanie w \u015bwietlicy"},"content":{"rendered":"<p style=\"text-align: left;\"><span style=\"font-family: arial, helvetica, sans-serif;\"><strong>ZASADY ZACHOWANIA W \u015aWIETLICY SZKOLNEJ<\/strong><\/span><\/p>\n<p style=\"text-align: left;\"><span style=\"font-family: arial, helvetica, sans-serif;\">Do \u015bwietlicy przychodzimy przed lekcjami lub zaraz po nich.<\/span><\/p>\n<p style=\"text-align: left;\"><span style=\"font-family: arial, helvetica, sans-serif;\">Obowi\u0105zuje obuwie zmienne.<\/span><\/p>\n<p style=\"text-align: left;\"><span style=\"font-family: arial, helvetica, sans-serif;\">U\u017cywamy s\u0142\u00f3w :<\/span><\/p>\n<ul>\n<li style=\"text-align: left;\"><span style=\"font-family: arial, helvetica, sans-serif;\">DZIE\u0143 DOBRY, DO WIDZENIA, DZI\u0118KUJ\u0118,PROSZ\u0118, PRZEPRASZAM<\/span><\/li>\n<li style=\"text-align: left;\"><span style=\"font-family: arial, helvetica, sans-serif;\">Swoj\u0105 obecno\u015b\u0107 zg\u0142aszamy wychowawcy dy\u017curnemu<\/span><\/li>\n<li style=\"text-align: left;\"><span style=\"font-family: arial, helvetica, sans-serif;\">Dbamy o porz\u0105dek w szatni \u015bwietlicy<\/span><\/li>\n<li style=\"text-align: left;\"><span style=\"font-family: arial, helvetica, sans-serif;\">Wychodzimy tylko z wychowawc\u0105 lub za jego pozwoleniem<\/span><\/li>\n<li style=\"text-align: left;\"><span style=\"font-family: arial, helvetica, sans-serif;\">Ch\u0119tnie odrabiamy lekcje i pozwalamy je odrabia\u0107 innym swoim zachowaniem<\/span><\/li>\n<li style=\"text-align: left;\"><span style=\"font-family: arial, helvetica, sans-serif;\">M\u00f3wimy p\u00f3\u0142g\u0142osem<\/span><\/li>\n<li style=\"text-align: left;\"><span style=\"font-family: arial, helvetica, sans-serif;\">Poruszamy si\u0119 chodz\u0105c<\/span><\/li>\n<li style=\"text-align: left;\"><span style=\"font-family: arial, helvetica, sans-serif;\">Gry i zabawki zawsze odk\u0142adamy na miejsce<\/span><br \/>\n<span style=\"font-family: arial, helvetica, sans-serif;\">Jeste\u015bmy odpowiedzialni za stan u\u017cywanych przez nas gier, zabawek<\/span><\/li>\n<li style=\"text-align: left;\"><span style=\"font-family: arial, helvetica, sans-serif;\">Na sali zabaw stosujemy si\u0119 do obowi\u0105zuj\u0105cych zasad<\/span><\/li>\n<li style=\"text-align: left;\"><span style=\"font-family: arial, helvetica, sans-serif;\">Dbamy o nasz\u0105 \u015bwietlic\u0119 i sprz\u0105tamy po sobie<\/span><\/li>\n<li style=\"text-align: left;\"><span style=\"font-family: arial, helvetica, sans-serif;\">Prywatne zabawki, warto\u015bciowe przedmioty, telefony kom\u00f3rkowe pozostawiamy w tornistrach<\/span><\/li>\n<li style=\"text-align: left;\"><span style=\"font-family: arial, helvetica, sans-serif;\">Aktywnie uczestniczymy w zaj\u0119ciach<\/span><\/li>\n<li style=\"text-align: left;\"><span style=\"font-family: arial, helvetica, sans-serif;\">Szanujemy wychowawc\u00f3w, siebie wzajemnie oraz pozosta\u0142ych pracownik\u00f3w szko\u0142y<\/span><\/li>\n<li style=\"text-align: left;\"><span style=\"font-family: arial, helvetica, sans-serif;\">Jeste\u015bmy wobec siebie mili i kole\u017ce\u0144scy<\/span><\/li>\n<li style=\"text-align: left;\"><span style=\"font-family: arial, helvetica, sans-serif;\">Pomagamy sobie wzajemnie<\/span><\/li>\n<li style=\"text-align: left;\"><span style=\"font-family: arial, helvetica, sans-serif;\">Bawimy si\u0119 zgodnie, unikamy k\u0142\u00f3tni,&nbsp; uczymy si\u0119 rozwi\u0105zywa\u0107 konflikty bez agresji<\/span><\/li>\n<li style=\"text-align: left;\"><span style=\"font-family: arial, helvetica, sans-serif;\">S\u0142uchamy uwa\u017cnie gdy kto\u015b do nas m\u00f3wi i nie przerywamy w trakcie rozmowy<\/span><\/li>\n<li style=\"text-align: left;\"><span style=\"font-family: arial, helvetica, sans-serif;\">Korzystamy ze sto\u0142\u00f3wki szkolnej w wyznaczonych godzinach i zachowujemy si\u0119 kulturalnie spo\u017cywaj\u0105c posi\u0142ek.<\/span><\/li>\n<\/ul>\n<p style=\"text-align: left;\"><span style=\"font-family: arial, helvetica, sans-serif;\"><strong>NAGRODY I KARY<\/strong><\/span><\/p>\n<p style=\"text-align: left;\"><span style=\"font-family: arial, helvetica, sans-serif;\">Za wzorowe przestrzeganie zasad zachowania si\u0119<\/span><\/p>\n<p style=\"text-align: left;\"><span style=\"font-family: arial, helvetica, sans-serif;\">w \u015bwietlicy ucze\u0144 otrzymuje:<\/span><\/p>\n<p style=\"text-align: left;\"><span style=\"font-family: arial, helvetica, sans-serif;\">\u201e+\u201d w konkursie grzeczno\u015bciowym w danym dniu.<\/span><\/p>\n<p style=\"text-align: left;\"><span style=\"font-family: arial, helvetica, sans-serif;\">Pochwa\u0142\u0119 do wychowawcy klasy i rodzic\u00f3w.<\/span><\/p>\n<p style=\"text-align: left;\"><span style=\"font-family: arial, helvetica, sans-serif;\">Dyplom na zako\u0144czenie roku szkolnego.<\/span><\/p>\n<p style=\"text-align: left;\">&nbsp;<\/p>\n<p style=\"text-align: left;\"><span style=\"font-family: arial, helvetica, sans-serif;\">Za \u0142amanie zasad zachowania si\u0119 w \u015bwietlicy ucze\u0144:<\/span><\/p>\n<p style=\"text-align: left;\"><span style=\"font-family: arial, helvetica, sans-serif;\">Jest upominany,<\/span><\/p>\n<p style=\"text-align: left;\"><span style=\"font-family: arial, helvetica, sans-serif;\">Odbiera mu si\u0119 \u201e+\u201d w konkursie grzeczno\u015bciowym<\/span><\/p>\n<p style=\"text-align: left;\"><span style=\"font-family: arial, helvetica, sans-serif;\">Otrzymuje upomnienie w grupie \u015bwietlicowej<\/span><\/p>\n<p style=\"text-align: left;\"><span style=\"font-family: arial, helvetica, sans-serif;\">z powiadomieniem rodzic\u00f3w.<\/span><\/p>\n<p style=\"text-align: left;\"><span style=\"font-family: arial, helvetica, sans-serif;\">Otrzymuje nagan\u0119, w ostateczno\u015bci jest wydalony ze \u015bwietlicy<\/span><\/p>\n<p style=\"text-align: left;\"><span style=\"font-family: arial, helvetica, sans-serif;\">w porozumieniu z rodzicami.<\/span><\/p>\n","protected":false},"excerpt":{"rendered":"<p>ZASADY ZACHOWANIA W \u015aWIETLICY SZKOLNEJ Do \u015bwietlicy przychodzimy przed lekcjami lub zaraz po nich. Obowi\u0105zuje obuwie zmienne. U\u017cywamy s\u0142\u00f3w : DZIE\u0143 DOBRY, DO WIDZENIA, DZI\u0118KUJ\u0118,PROSZ\u0118, PRZEPRASZAM Swoj\u0105 obecno\u015b\u0107 zg\u0142aszamy wychowawcy dy\u017curnemu Dbamy o porz\u0105dek w szatni \u015bwietlicy Wychodzimy tylko z wychowawc\u0105 lub za jego pozwoleniem Ch\u0119tnie odrabiamy lekcje i pozwalamy [&hellip;]<\/p>\n","protected":false},"author":2,"featured_media":0,"parent":3554,"menu_order":0,"comment_status":"closed","ping_status":"closed","template":"","meta":{"ngg_post_thumbnail":0},"_links":{"self":[{"href":"https:\/\/sp3.mikolow.eu\/index.php\/wp-json\/wp\/v2\/pages\/3808"}],"collection":[{"href":"https:\/\/sp3.mikolow.eu\/index.php\/wp-json\/wp\/v2\/pages"}],"about":[{"href":"https:\/\/sp3.mikolow.eu\/index.php\/wp-json\/wp\/v2\/types\/page"}],"author":[{"embeddable":true,"href":"https:\/\/sp3.mikolow.eu\/index.php\/wp-json\/wp\/v2\/users\/2"}],"replies":[{"embeddable":true,"href":"https:\/\/sp3.mikolow.eu\/index.php\/wp-json\/wp\/v2\/comments?post=3808"}],"version-history":[{"count":2,"href":"https:\/\/sp3.mikolow.eu\/index.php\/wp-json\/wp\/v2\/pages\/3808\/revisions"}],"predecessor-version":[{"id":7547,"href":"https:\/\/sp3.mikolow.eu\/index.php\/wp-json\/wp\/v2\/pages\/3808\/revisions\/7547"}],"up":[{"embeddable":true,"href":"https:\/\/sp3.mikolow.eu\/index.php\/wp-json\/wp\/v2\/pages\/3554"}],"wp:attachment":[{"href":"https:\/\/sp3.mikolow.eu\/index.php\/wp-json\/wp\/v2\/media?parent=3808"}],"curies":[{"name":"wp","href":"https:\/\/api.w.org\/{rel}","templated":true}]}}