{"id":3796,"date":"2022-07-28T08:54:57","date_gmt":"2022-07-28T08:54:57","guid":{"rendered":"https:\/\/sp3.mikolow.eu\/?page_id=3796"},"modified":"2026-04-09T09:44:42","modified_gmt":"2026-04-09T08:44:42","slug":"dodatkowe-dni-wolne","status":"publish","type":"page","link":"https:\/\/sp3.mikolow.eu\/index.php\/rok-szkolny\/dodatkowe-dni-wolne\/","title":{"rendered":"Dodatkowe dni wolne"},"content":{"rendered":"<p><span style=\"font-family: arial, helvetica, sans-serif;\"><strong>Dodatkowe dni wolne od zaj\u0119\u0107 dydaktycznych w roku szkolnym 2025\/2026 <em>na podstawie rozporz\u0105dzenia MEN z dnia 5 pa\u017adziernika 2010 r. zmieniaj\u0105cego rozporz\u0105dzenie w sprawie organizacji roku szkolnego \u00a7 5 ust.4 (Dz.U. nr 186, poz. 1245)<\/em><\/strong><\/span><\/p>\n<p><span style=\"font-family: arial, helvetica, sans-serif;\"><em>Dni wolne dla uczni\u00f3w ustalono po zasi\u0119gni\u0119ciu opinii Rady Rodzic\u00f3w we wrze\u015bniu 2025 r.<\/em><\/span><\/p>\n<ul>\n<li><span style=\"font-family: arial, helvetica, sans-serif;\">13 pa\u017adziernik 2025 r.<\/span><\/li>\n<li><span style=\"font-family: arial, helvetica, sans-serif;\">10 listopad 2025 r.<\/span><\/li>\n<li><span style=\"font-family: arial, helvetica, sans-serif;\">2 stycze\u0144 2026 r.<\/span><\/li>\n<li><span style=\"font-family: arial, helvetica, sans-serif;\">5 stycze\u0144 2026 r.<\/span><\/li>\n<li><span style=\"font-family: arial, helvetica, sans-serif;\">5 czerwiec 2026 r.<\/span><\/li>\n<\/ul>\n<p>Egzamin 8 klasisty:<\/p>\n<ul>\n<li><span style=\"font-family: arial, helvetica, sans-serif;\">11 maj 2026 r.<\/span><\/li>\n<li><span style=\"font-family: arial, helvetica, sans-serif;\">12 maj 2026 r.<\/span><\/li>\n<li><span style=\"font-family: arial, helvetica, sans-serif;\">13 maj 2026 r.<\/span><\/li>\n<\/ul>\n<p><span style=\"font-family: arial, helvetica, sans-serif;\"><strong>W wymienionych dniach nauczyciele w szkole pe\u0142ni\u0105 funkcje opieku\u0144czo &#8211; wychowawcze. Nieczynna jest sto\u0142\u00f3wka szkolna. Prosimy rodzic\u00f3w o wype\u0142nienie deklaracji z informacj\u0105 o tym, kt\u00f3re dziecko potrzebuje opieki w \u015bwietlicy.<\/strong><\/span><\/p>\n<p><span style=\"font-family: arial, helvetica, sans-serif;\"><strong>\u015awietlica w dni wolne od zaj\u0119\u0107 dydaktycznych<\/strong><strong style=\"font-size: inherit;\">&nbsp;pe\u0142ni dy\u017cur.<\/strong><\/span><\/p>\n<p><span style=\"font-family: arial, helvetica, sans-serif;\"><strong>Rodzice<\/strong><strong>, kt\u00f3rzy nie mog\u0105 zapewni\u0107 swoim dzieciom opieki <\/strong><strong style=\"font-size: inherit;\">proszeni s\u0105 o wype\u0142nienie o\u015bwiadczenia <\/strong><strong>dost\u0119pnego w \u015bwietlicy i na stronie internetowej szko\u0142y.<\/strong><\/span><\/p>\n<p><span style=\"font-family: arial, helvetica, sans-serif;\"><strong>Termin zwrotu o\u015bwiadcze\u0144 do \u015bwietlicy <\/strong><strong style=\"font-size: inherit;\">minimum na tydzie\u0144 przed dniem wolnym.<\/strong><\/span><\/p>\n<p><span style=\"font-family: arial, helvetica, sans-serif;\"><a href=\"\/\/cloud2a.edupage.org\/cloud?z%3AaAxzcllwHsFNVpQZq73Ee8SSR9lEle4HabegOojdwG5F65yw4zux4b5tmeBXcqVY\" data-cke-saved-href=\"\/\/cloud2a.edupage.org\/cloud?z%3AaAxzcllwHsFNVpQZq73Ee8SSR9lEle4HabegOojdwG5F65yw4zux4b5tmeBXcqVY\">karta_zg\u0142oszenia_na_dy\u017cur.doc<\/a><\/span><\/p>\n<p>&nbsp;<\/p>\n","protected":false},"excerpt":{"rendered":"<p>Dodatkowe dni wolne od zaj\u0119\u0107 dydaktycznych w roku szkolnym 2025\/2026 na podstawie rozporz\u0105dzenia MEN z dnia 5 pa\u017adziernika 2010 r. zmieniaj\u0105cego rozporz\u0105dzenie w sprawie organizacji roku szkolnego \u00a7 5 ust.4 (Dz.U. nr 186, poz. 1245) Dni wolne dla uczni\u00f3w ustalono po zasi\u0119gni\u0119ciu opinii Rady Rodzic\u00f3w we wrze\u015bniu 2025 r. 13 [&hellip;]<\/p>\n","protected":false},"author":2,"featured_media":0,"parent":3787,"menu_order":0,"comment_status":"closed","ping_status":"closed","template":"","meta":{"ngg_post_thumbnail":0},"_links":{"self":[{"href":"https:\/\/sp3.mikolow.eu\/index.php\/wp-json\/wp\/v2\/pages\/3796"}],"collection":[{"href":"https:\/\/sp3.mikolow.eu\/index.php\/wp-json\/wp\/v2\/pages"}],"about":[{"href":"https:\/\/sp3.mikolow.eu\/index.php\/wp-json\/wp\/v2\/types\/page"}],"author":[{"embeddable":true,"href":"https:\/\/sp3.mikolow.eu\/index.php\/wp-json\/wp\/v2\/users\/2"}],"replies":[{"embeddable":true,"href":"https:\/\/sp3.mikolow.eu\/index.php\/wp-json\/wp\/v2\/comments?post=3796"}],"version-history":[{"count":22,"href":"https:\/\/sp3.mikolow.eu\/index.php\/wp-json\/wp\/v2\/pages\/3796\/revisions"}],"predecessor-version":[{"id":11372,"href":"https:\/\/sp3.mikolow.eu\/index.php\/wp-json\/wp\/v2\/pages\/3796\/revisions\/11372"}],"up":[{"embeddable":true,"href":"https:\/\/sp3.mikolow.eu\/index.php\/wp-json\/wp\/v2\/pages\/3787"}],"wp:attachment":[{"href":"https:\/\/sp3.mikolow.eu\/index.php\/wp-json\/wp\/v2\/media?parent=3796"}],"curies":[{"name":"wp","href":"https:\/\/api.w.org\/{rel}","templated":true}]}}