{"id":3793,"date":"2022-07-28T08:54:24","date_gmt":"2022-07-28T08:54:24","guid":{"rendered":"https:\/\/sp3.mikolow.eu\/?page_id=3793"},"modified":"2025-10-19T20:32:39","modified_gmt":"2025-10-19T19:32:39","slug":"terminy-spotkan-i-konsultacji-z-rodzicami","status":"publish","type":"page","link":"https:\/\/sp3.mikolow.eu\/index.php\/rok-szkolny\/terminy-spotkan-i-konsultacji-z-rodzicami\/","title":{"rendered":"Terminy spotka\u0144 i konsultacji z rodzicami"},"content":{"rendered":"<p style=\"text-align: left;\"><span style=\"font-family: arial, helvetica, sans-serif;\"><strong>WYWIAD\u00d3WKI<\/strong><\/span><\/p>\n<p style=\"text-align: left;\"><span style=\"font-family: arial, helvetica, sans-serif;\"><strong>09.09.2025<\/strong>&nbsp;godzina 17.00<br \/>\n<strong>18.11.2025<\/strong>&nbsp;godzina 17.00<br \/>\n<strong>03.02.2026<\/strong> godzina 17.00<br \/>\n<strong>09.06.2026<\/strong> godzina 17.00<\/span><\/p>\n<p style=\"text-align: left;\"><span style=\"font-family: arial, helvetica, sans-serif;\"><strong>KONSULTACJE<\/strong><\/span><\/p>\n<p style=\"text-align: left;\"><span style=\"font-family: arial, helvetica, sans-serif;\"><strong>21.10.2025<\/strong>&nbsp;godzina 17.00<br \/>\n<strong>09.12.2025<\/strong> godzina 17.00<br \/>\n<strong>24.03.2026<\/strong> godzina 17.00 + spotkanie rodzic\u00f3w uczni\u00f3w klas 8<br \/>\n<strong>21.04.2026<\/strong> godzina 17.00<br \/>\n<strong>19.05.2026<\/strong> godzina 17.00<br \/>\n<\/span><\/p>\n<p><span style=\"font-family: arial, helvetica, sans-serif;\"><strong>I<span style=\"font-family: arial, helvetica, sans-serif;\">MPREZY SZKOLNE<\/span><\/strong><\/span><\/p>\n<p><span style=\"font-family: arial, helvetica, sans-serif;\"><strong>02.12.2025<\/strong>&nbsp;Jarmark \u015bwi\u0105teczny<br \/>\n<\/span><span style=\"font-family: arial, helvetica, sans-serif;\"><strong>27.01.2026<\/strong> Koncert w Tr\u00f3jce<\/span><br \/>\n<span style=\"font-family: arial, helvetica, sans-serif;\"><strong>02.06.2026<\/strong> Festyn szkolny<\/span><\/p>\n<p><span style=\"font-family: arial, helvetica, sans-serif;\"><b>SPOTKANIE RODZIC\u00d3W PRZYSZ\u0141OROCZNYCH KLAS 1<\/b><\/span><\/p>\n<p style=\"text-align: left;\"><span style=\"font-family: arial, helvetica, sans-serif;\"><strong>28.05.2026<\/strong> godzina 17.00<\/span><\/p>\n<p style=\"text-align: left;\">&nbsp;<\/p>\n<p style=\"text-align: left;\">&nbsp;<\/p>\n","protected":false},"excerpt":{"rendered":"<p>WYWIAD\u00d3WKI 09.09.2025&nbsp;godzina 17.00 18.11.2025&nbsp;godzina 17.00 03.02.2026 godzina 17.00 09.06.2026 godzina 17.00 KONSULTACJE 21.10.2025&nbsp;godzina 17.00 09.12.2025 godzina 17.00 24.03.2026 godzina 17.00 + spotkanie rodzic\u00f3w uczni\u00f3w klas 8 21.04.2026 godzina 17.00 19.05.2026 godzina 17.00 IMPREZY SZKOLNE 02.12.2025&nbsp;Jarmark \u015bwi\u0105teczny 27.01.2026 Koncert w Tr\u00f3jce 02.06.2026 Festyn szkolny SPOTKANIE RODZIC\u00d3W PRZYSZ\u0141OROCZNYCH KLAS 1 28.05.2026 godzina [&hellip;]<\/p>\n","protected":false},"author":2,"featured_media":0,"parent":3787,"menu_order":0,"comment_status":"closed","ping_status":"closed","template":"","meta":{"ngg_post_thumbnail":0},"_links":{"self":[{"href":"https:\/\/sp3.mikolow.eu\/index.php\/wp-json\/wp\/v2\/pages\/3793"}],"collection":[{"href":"https:\/\/sp3.mikolow.eu\/index.php\/wp-json\/wp\/v2\/pages"}],"about":[{"href":"https:\/\/sp3.mikolow.eu\/index.php\/wp-json\/wp\/v2\/types\/page"}],"author":[{"embeddable":true,"href":"https:\/\/sp3.mikolow.eu\/index.php\/wp-json\/wp\/v2\/users\/2"}],"replies":[{"embeddable":true,"href":"https:\/\/sp3.mikolow.eu\/index.php\/wp-json\/wp\/v2\/comments?post=3793"}],"version-history":[{"count":25,"href":"https:\/\/sp3.mikolow.eu\/index.php\/wp-json\/wp\/v2\/pages\/3793\/revisions"}],"predecessor-version":[{"id":10334,"href":"https:\/\/sp3.mikolow.eu\/index.php\/wp-json\/wp\/v2\/pages\/3793\/revisions\/10334"}],"up":[{"embeddable":true,"href":"https:\/\/sp3.mikolow.eu\/index.php\/wp-json\/wp\/v2\/pages\/3787"}],"wp:attachment":[{"href":"https:\/\/sp3.mikolow.eu\/index.php\/wp-json\/wp\/v2\/media?parent=3793"}],"curies":[{"name":"wp","href":"https:\/\/api.w.org\/{rel}","templated":true}]}}