{"id":3790,"date":"2022-07-28T08:53:08","date_gmt":"2022-07-28T08:53:08","guid":{"rendered":"https:\/\/sp3.mikolow.eu\/?page_id=3790"},"modified":"2025-10-05T16:35:28","modified_gmt":"2025-10-05T15:35:28","slug":"kalendarz-szkolny","status":"publish","type":"page","link":"https:\/\/sp3.mikolow.eu\/index.php\/rok-szkolny\/kalendarz-szkolny\/","title":{"rendered":"Kalendarz szkolny 2025\/26"},"content":{"rendered":"<table style=\"width: 51.3411%; height: 728px;\" border=\"1\" cellspacing=\"1\" cellpadding=\"1\" data-cke-table-faked-selection-table=\"\">\n<tbody>\n<tr style=\"height: 80px;\">\n<td class=\"cke_table-faked-selection\" style=\"height: 80px;\"><span style=\"font-family: arial, helvetica, sans-serif;\"><strong>Rozpocz\u0119cie rocznych zaj\u0119\u0107<\/strong><\/span><br \/>\n<span style=\"font-family: arial, helvetica, sans-serif;\"><strong>dydaktyczno-wychowawczych<\/strong><\/span><\/td>\n<td class=\"cke_table-faked-selection\" style=\"height: 80px;\"><span style=\"font-family: arial, helvetica, sans-serif;\"><strong>1 wrze\u015bnia 2025<\/strong><\/span><\/td>\n<\/tr>\n<tr style=\"height: 56px;\">\n<td class=\"cke_table-faked-selection\" style=\"height: 56px;\"><span style=\"font-family: arial, helvetica, sans-serif;\"><strong>Zimowa przerwa \u015bwi\u0105teczna<\/strong><\/span><\/td>\n<td class=\"cke_table-faked-selection\" style=\"height: 56px;\"><span style=\"font-family: arial, helvetica, sans-serif;\"><strong>22 \u2013 31 grudnia 2025<\/strong><\/span><\/td>\n<\/tr>\n<tr style=\"height: 56px;\">\n<td class=\"cke_table-faked-selection\" style=\"height: 56px;\"><span style=\"font-family: arial, helvetica, sans-serif;\"><strong>I semestr<\/strong><\/span><\/td>\n<td class=\"cke_table-faked-selection\" style=\"height: 56px;\"><span style=\"font-family: arial, helvetica, sans-serif;\"><strong>01.09.2025 &#8211; 25.01.2026<\/strong><\/span><\/td>\n<\/tr>\n<tr style=\"height: 56px;\">\n<td class=\"cke_table-faked-selection\" style=\"height: 56px;\"><span style=\"font-family: arial, helvetica, sans-serif;\"><strong>II semestru<\/strong><\/span><\/td>\n<td class=\"cke_table-faked-selection\" style=\"height: 56px;\"><span style=\"font-family: arial, helvetica, sans-serif;\"><strong>26.01.2026 &#8211; 26.06.2026<\/strong><\/span><\/td>\n<\/tr>\n<tr style=\"height: 56px;\">\n<td class=\"cke_table-faked-selection\" style=\"height: 56px;\"><span style=\"font-family: arial, helvetica, sans-serif;\"><strong>Ferie zimowe<\/strong><\/span><\/td>\n<td class=\"cke_table-faked-selection\" style=\"height: 56px;\"><span style=\"font-family: arial, helvetica, sans-serif;\"><strong>16 lutego &#8211; 1 marca 2026<\/strong><\/span><\/td>\n<\/tr>\n<tr style=\"height: 56px;\">\n<td class=\"cke_table-faked-selection\" style=\"height: 56px;\"><span style=\"font-family: arial, helvetica, sans-serif;\"><strong><span style=\"color: #000000;\"><span style=\"font-size: medium;\">Wiosenna przerwa \u015bwi\u0105teczna<\/span><\/span>&nbsp;&nbsp;&nbsp;&nbsp;&nbsp;&nbsp;&nbsp;<\/strong><\/span><\/td>\n<td class=\"cke_table-faked-selection\" style=\"height: 56px;\"><span style=\"font-family: arial, helvetica, sans-serif;\"><strong>2 kwietnia &#8211; 7 kwietnia 2026&nbsp; &nbsp; &nbsp; &nbsp; &nbsp;&nbsp;<\/strong><\/span><\/td>\n<\/tr>\n<tr style=\"height: 56px;\">\n<td class=\"cke_table-faked-selection\" style=\"height: 56px;\"><span style=\"font-family: arial, helvetica, sans-serif;\"><strong>Egzamin \u00f3smoklasisty<\/strong><\/span><\/td>\n<td class=\"cke_table-faked-selection\" style=\"height: 56px;\"><span style=\"font-family: arial, helvetica, sans-serif;\"><strong>11 &#8211; 13 maja 2026<\/strong><\/span><\/td>\n<\/tr>\n<tr style=\"height: 80px;\">\n<td class=\"cke_table-faked-selection\" style=\"height: 80px;\"><span style=\"font-family: arial, helvetica, sans-serif;\"><strong>Zako\u0144czenie rocznych zaj\u0119\u0107 dydaktyczno-<\/strong><\/span><br \/>\n<span style=\"font-family: arial, helvetica, sans-serif;\"><strong>wychowawczych&nbsp;<\/strong><\/span><\/td>\n<td class=\"cke_table-faked-selection\" style=\"height: 80px;\"><span style=\"font-family: arial, helvetica, sans-serif;\"><strong>26 czerwca 2026<\/strong><\/span><\/td>\n<\/tr>\n<tr style=\"height: 56px;\">\n<td class=\"cke_table-faked-selection\" style=\"height: 56px;\"><span style=\"font-family: arial, helvetica, sans-serif;\"><strong><span style=\"color: #000000; font-size: medium;\">Ferie letnie dla uczni\u00f3w<\/span><\/strong><\/span><\/td>\n<td class=\"cke_table-faked-selection\" style=\"height: 56px;\"><span style=\"font-family: arial, helvetica, sans-serif;\"><strong>27 czerwca &#8211; 31 sierpnia 2026<\/strong><\/span><\/td>\n<\/tr>\n<tr style=\"height: 176px;\">\n<td class=\"cke_table-faked-selection\" style=\"height: 176px;\"><span style=\"font-family: arial, helvetica, sans-serif;\"><strong><span style=\"color: #000000; font-size: medium;\">Dni wolne od zaj\u0119\u0107 dydaktycznych<\/span><\/strong><\/span><\/td>\n<td class=\"cke_table-faked-selection\" style=\"height: 176px;\"><span style=\"font-family: arial, helvetica, sans-serif;\"><strong>14 pa\u017adziernika (Dzie\u0144 Edukacji Narodowej)<br \/>\n1 listopada (Wszystkich \u015awi\u0119tych)<br \/>\n11 listopada (\u015awi\u0119to Niepodleg\u0142o\u015bci)<br \/>\n1 stycznia (Nowy Rok)<br \/>\n6 stycznia (Trzech Kr\u00f3li)<br \/>\n1 maja (\u015awi\u0119to Pracy)<br \/>\n<\/strong><strong>3 maja (\u015awi\u0119to Konstytucji 3 Maja)<br \/>\n4 czerwca (Bo\u017ce Cia\u0142o)<\/strong><\/span><\/td>\n<\/tr>\n<\/tbody>\n<\/table>\n","protected":false},"excerpt":{"rendered":"<p>Rozpocz\u0119cie rocznych zaj\u0119\u0107 dydaktyczno-wychowawczych 1 wrze\u015bnia 2025 Zimowa przerwa \u015bwi\u0105teczna 22 \u2013 31 grudnia 2025 I semestr 01.09.2025 &#8211; 25.01.2026 II semestru 26.01.2026 &#8211; 26.06.2026 Ferie zimowe 16 lutego &#8211; 1 marca 2026 Wiosenna przerwa \u015bwi\u0105teczna&nbsp;&nbsp;&nbsp;&nbsp;&nbsp;&nbsp;&nbsp; 2 kwietnia &#8211; 7 kwietnia 2026&nbsp; &nbsp; &nbsp; &nbsp; &nbsp;&nbsp; Egzamin \u00f3smoklasisty 11 &#8211; [&hellip;]<\/p>\n","protected":false},"author":2,"featured_media":0,"parent":3787,"menu_order":0,"comment_status":"closed","ping_status":"closed","template":"","meta":{"ngg_post_thumbnail":0},"_links":{"self":[{"href":"https:\/\/sp3.mikolow.eu\/index.php\/wp-json\/wp\/v2\/pages\/3790"}],"collection":[{"href":"https:\/\/sp3.mikolow.eu\/index.php\/wp-json\/wp\/v2\/pages"}],"about":[{"href":"https:\/\/sp3.mikolow.eu\/index.php\/wp-json\/wp\/v2\/types\/page"}],"author":[{"embeddable":true,"href":"https:\/\/sp3.mikolow.eu\/index.php\/wp-json\/wp\/v2\/users\/2"}],"replies":[{"embeddable":true,"href":"https:\/\/sp3.mikolow.eu\/index.php\/wp-json\/wp\/v2\/comments?post=3790"}],"version-history":[{"count":17,"href":"https:\/\/sp3.mikolow.eu\/index.php\/wp-json\/wp\/v2\/pages\/3790\/revisions"}],"predecessor-version":[{"id":10308,"href":"https:\/\/sp3.mikolow.eu\/index.php\/wp-json\/wp\/v2\/pages\/3790\/revisions\/10308"}],"up":[{"embeddable":true,"href":"https:\/\/sp3.mikolow.eu\/index.php\/wp-json\/wp\/v2\/pages\/3787"}],"wp:attachment":[{"href":"https:\/\/sp3.mikolow.eu\/index.php\/wp-json\/wp\/v2\/media?parent=3790"}],"curies":[{"name":"wp","href":"https:\/\/api.w.org\/{rel}","templated":true}]}}