{"id":3784,"date":"2022-07-28T08:50:41","date_gmt":"2022-07-28T08:50:41","guid":{"rendered":"https:\/\/sp3.mikolow.eu\/?page_id=3784"},"modified":"2026-04-20T18:46:59","modified_gmt":"2026-04-20T17:46:59","slug":"klasy-pierwsze","status":"publish","type":"page","link":"https:\/\/sp3.mikolow.eu\/index.php\/dla-rodzicow\/klasy-pierwsze\/","title":{"rendered":"Klasy pierwsze"},"content":{"rendered":"<div id=\"textDiv\" class=\"plainText\" data-gid=\"textDiv\">\n<p style=\"text-align: left;\"><span style=\"font-family: arial, helvetica, sans-serif;\"><strong>Wa\u017cne daty:<\/strong><\/span><\/p>\n<p style=\"text-align: left;\"><span style=\"font-family: arial, helvetica, sans-serif;\"><strong>Wywieszenie list klas pierwszych: 24.08.2026 godzina 9.00<\/strong><\/span><\/p>\n<p style=\"text-align: left;\"><span style=\"font-family: arial, helvetica, sans-serif;\"><strong>Spotkanie rodzic\u00f3w z wychowawc\u0105 w salach: 26.08.2026 godzina 17.00<\/strong><\/span><\/p>\n<p style=\"text-align: left;\"><span style=\"font-family: arial, helvetica, sans-serif;\"><strong>Zapisy do \u015bwietlicy: 26.08.2026 i 01.09.2026<\/strong><\/span><\/p>\n<p style=\"text-align: left;\">&nbsp;<\/p>\n<p><span style=\"font-family: arial, helvetica, sans-serif;\"><b>Wyposa\u017cenie ucznia klasy I<\/b><\/span><\/p>\n<ul>\n<li style=\"font-weight: 400;\" aria-level=\"1\"><span style=\"font-weight: 400; font-family: arial, helvetica, sans-serif;\">Zeszyty 16 kartkowe (dwa w w\u0105skie linie, dwa w kratk\u0119)<\/span><\/li>\n<li style=\"font-weight: 400;\" aria-level=\"1\"><span style=\"font-weight: 400; font-family: arial, helvetica, sans-serif;\">Ok\u0142adki na podr\u0119czniki i \u0107wiczenia (po otrzymaniu tych ksi\u0105\u017cek ze szko\u0142y)<\/span><\/li>\n<li style=\"font-weight: 400;\" aria-level=\"1\"><span style=\"font-weight: 400; font-family: arial, helvetica, sans-serif;\">Patyczki do liczenia lub liczyd\u0142o<\/span><\/li>\n<li style=\"font-weight: 400;\" aria-level=\"1\"><span style=\"font-weight: 400; font-family: arial, helvetica, sans-serif;\">Chusteczki higieniczne<\/span><\/li>\n<li style=\"font-weight: 400;\" aria-level=\"1\"><span style=\"font-weight: 400; font-family: arial, helvetica, sans-serif;\">Worek na obuwie zmienne<\/span><\/li>\n<\/ul>\n<p><span style=\"font-family: arial, helvetica, sans-serif;\"><b>Pi\u00f3rnik<\/b><span style=\"font-weight: 400;\"> &#8211; ca\u0142kowicie wyposa\u017cony (pi\u00f3ro na naboje, mi\u0119kki o\u0142\u00f3wek 2-3 sztuki, gumka, temper\u00f3wka, linijka, kredki o\u0142\u00f3wkowe, klej w sztyfcie, no\u017cyczki z metalowymi ostrzami).<\/span><\/span><\/p>\n<p><span style=\"font-family: arial, helvetica, sans-serif;\"><b>Materia\u0142y plastyczne, kt\u00f3re pozostan\u0105 w szkole:<\/b><\/span><\/p>\n<ul>\n<li style=\"font-weight: 400;\" aria-level=\"1\"><span style=\"font-weight: 400; font-family: arial, helvetica, sans-serif;\">pastele olejne \/ suche oraz kredki \u015bwiecowe<\/span><\/li>\n<li style=\"font-weight: 400;\" aria-level=\"1\"><span style=\"font-weight: 400; font-family: arial, helvetica, sans-serif;\">plastelina<\/span><\/li>\n<li style=\"font-weight: 400;\" aria-level=\"1\"><span style=\"font-weight: 400; font-family: arial, helvetica, sans-serif;\">farby plakatowe i akwarelowe<\/span><\/li>\n<li style=\"font-weight: 400;\" aria-level=\"1\"><span style=\"font-weight: 400; font-family: arial, helvetica, sans-serif;\">p\u0119dzle (du\u017cy p\u0142aski i ma\u0142y)<\/span><\/li>\n<li style=\"font-weight: 400;\" aria-level=\"1\"><span style=\"font-weight: 400; font-family: arial, helvetica, sans-serif;\">kubeczek na wod\u0119<\/span><\/li>\n<li aria-level=\"1\"><span style=\"font-family: arial, helvetica, sans-serif;\">mata ochronna na stoliku (podk\u0142adka)<\/span><\/li>\n<li style=\"font-weight: 400;\" aria-level=\"1\"><span style=\"font-weight: 400; font-family: arial, helvetica, sans-serif;\">blok techniczny i rysunkowy (2 sztuki kolorowe kartki; 2 sztuki bia\u0142e kartki) i rysunkowy (2 sztuki kolorowe kartki; 2 sztuki bia\u0142e kartki)<\/span><\/li>\n<li style=\"font-weight: 400;\" aria-level=\"1\"><span style=\"font-weight: 400; font-family: arial, helvetica, sans-serif;\">papier kolorowy (nie samoprzylepny)<\/span><\/li>\n<li style=\"font-weight: 400;\" aria-level=\"1\"><span style=\"font-weight: 400; font-family: arial, helvetica, sans-serif;\">teczki na gumk\u0119 format A4 &#8211; 3 sztuki&nbsp;&nbsp;&nbsp;&nbsp;&nbsp;&nbsp;&nbsp;&nbsp;&nbsp;&nbsp;<\/span><\/li>\n<\/ul>\n<p><span style=\"font-family: arial, helvetica, sans-serif;\"><b>Str\u00f3j gimnastyczny:<\/b><\/span><\/p>\n<ul>\n<li style=\"font-weight: 400;\" aria-level=\"1\"><span style=\"font-weight: 400; font-family: arial, helvetica, sans-serif;\">bia\u0142a koszulka<\/span><\/li>\n<li style=\"font-weight: 400;\" aria-level=\"1\"><span style=\"font-weight: 400; font-family: arial, helvetica, sans-serif;\">granatowe lub czarne spodenki<\/span><\/li>\n<li style=\"font-weight: 400;\" aria-level=\"1\"><span style=\"font-weight: 400; font-family: arial, helvetica, sans-serif;\">obuwie sportowe typu \u201ehal\u00f3wki\u201d na jasnej podeszwie<\/span><\/li>\n<\/ul>\n<p><span style=\"font-family: arial, helvetica, sans-serif;\"><b>Basen:<\/b><\/span><\/p>\n<ul>\n<li style=\"font-weight: 400;\" aria-level=\"1\"><span style=\"font-weight: 400; font-family: arial, helvetica, sans-serif;\">str\u00f3j k\u0105pielowy, klapki, czepek, okulary, r\u0119cznik<\/span><\/li>\n<\/ul>\n<p><span style=\"font-family: arial, helvetica, sans-serif;\"><b>Str\u00f3j od\u015bwi\u0119tny szkolny:<\/b><\/span><\/p>\n<ul>\n<li style=\"font-weight: 400;\" aria-level=\"1\"><span style=\"font-weight: 400; font-family: arial, helvetica, sans-serif;\">dla dziewcz\u0105t &#8211; bia\u0142a bluzka, sp\u00f3dnica czarna lub granatowa g\u0142adka bez wzor\u00f3w<\/span><\/li>\n<li style=\"font-weight: 400;\" aria-level=\"1\"><span style=\"font-weight: 400; font-family: arial, helvetica, sans-serif;\">dla ch\u0142opc\u00f3w &#8211; bia\u0142a koszula, spodnie czarne lub granatowe g\u0142adkie bez wzor\u00f3w&nbsp;<\/span><\/li>\n<\/ul>\n<p><span style=\"font-family: arial, helvetica, sans-serif;\"><b>Podr\u0119cznik do religii, kt\u00f3ry trzeba zakupi\u0107 rok szkolny <\/b><b>2025-2026<\/b><b>:<\/b><\/span><\/p>\n<p><span style=\"font-family: arial, helvetica, sans-serif;\"><strong>Nazwa podr\u0119cznika : <\/strong>Poznaj\u0119 Bo\u017cy \u015bwiat<\/span><\/p>\n<p><span style=\"font-family: arial, helvetica, sans-serif;\"><strong>Autorzy:&nbsp;<\/strong>ks. dr K. Mielnicki, E. Kondrak, J. Snopek<\/span><\/p>\n<p><span style=\"font-family: arial, helvetica, sans-serif;\"><strong>Program: <\/strong>&#8222;Zaproszeni na uczt\u0119 z Panem Jezusem&#8221; nr AZ-1-01\/18<\/span><\/p>\n<p><span style=\"font-family: arial, helvetica, sans-serif;\"><b>Pozosta\u0142e podr\u0119czniki uczniowie otrzymuj\u0105 bezp\u0142atnie w szkole.<\/b><\/span><\/p>\n<p style=\"text-align: left;\">&nbsp;<\/p>\n<\/div>\n","protected":false},"excerpt":{"rendered":"<p>Wa\u017cne daty: Wywieszenie list klas pierwszych: 24.08.2026 godzina 9.00 Spotkanie rodzic\u00f3w z wychowawc\u0105 w salach: 26.08.2026 godzina 17.00 Zapisy do \u015bwietlicy: 26.08.2026 i 01.09.2026 &nbsp; Wyposa\u017cenie ucznia klasy I Zeszyty 16 kartkowe (dwa w w\u0105skie linie, dwa w kratk\u0119) Ok\u0142adki na podr\u0119czniki i \u0107wiczenia (po otrzymaniu tych ksi\u0105\u017cek ze szko\u0142y) [&hellip;]<\/p>\n","protected":false},"author":2,"featured_media":0,"parent":3653,"menu_order":0,"comment_status":"closed","ping_status":"closed","template":"","meta":{"ngg_post_thumbnail":0},"_links":{"self":[{"href":"https:\/\/sp3.mikolow.eu\/index.php\/wp-json\/wp\/v2\/pages\/3784"}],"collection":[{"href":"https:\/\/sp3.mikolow.eu\/index.php\/wp-json\/wp\/v2\/pages"}],"about":[{"href":"https:\/\/sp3.mikolow.eu\/index.php\/wp-json\/wp\/v2\/types\/page"}],"author":[{"embeddable":true,"href":"https:\/\/sp3.mikolow.eu\/index.php\/wp-json\/wp\/v2\/users\/2"}],"replies":[{"embeddable":true,"href":"https:\/\/sp3.mikolow.eu\/index.php\/wp-json\/wp\/v2\/comments?post=3784"}],"version-history":[{"count":18,"href":"https:\/\/sp3.mikolow.eu\/index.php\/wp-json\/wp\/v2\/pages\/3784\/revisions"}],"predecessor-version":[{"id":11590,"href":"https:\/\/sp3.mikolow.eu\/index.php\/wp-json\/wp\/v2\/pages\/3784\/revisions\/11590"}],"up":[{"embeddable":true,"href":"https:\/\/sp3.mikolow.eu\/index.php\/wp-json\/wp\/v2\/pages\/3653"}],"wp:attachment":[{"href":"https:\/\/sp3.mikolow.eu\/index.php\/wp-json\/wp\/v2\/media?parent=3784"}],"curies":[{"name":"wp","href":"https:\/\/api.w.org\/{rel}","templated":true}]}}