{"id":3780,"date":"2022-07-28T08:49:26","date_gmt":"2022-07-28T08:49:26","guid":{"rendered":"https:\/\/sp3.mikolow.eu\/?page_id=3780"},"modified":"2024-02-07T15:39:50","modified_gmt":"2024-02-07T13:39:50","slug":"fanimani","status":"publish","type":"page","link":"https:\/\/sp3.mikolow.eu\/index.php\/dla-rodzicow\/fanimani\/","title":{"rendered":"1,5% PODATKU \/ FANIMANI"},"content":{"rendered":"\t\t<div data-elementor-type=\"wp-page\" data-elementor-id=\"3780\" class=\"elementor elementor-3780\" data-elementor-settings=\"[]\">\n\t\t\t\t\t\t\t<div class=\"elementor-section-wrap\">\n\t\t\t\t\t\t\t<section class=\"elementor-section elementor-top-section elementor-element elementor-element-be3c119 elementor-section-boxed elementor-section-height-default elementor-section-height-default\" data-id=\"be3c119\" data-element_type=\"section\">\n\t\t\t\t\t\t<div class=\"elementor-container elementor-column-gap-default\">\n\t\t\t\t\t<div class=\"elementor-column elementor-col-100 elementor-top-column elementor-element elementor-element-f6907ca\" data-id=\"f6907ca\" data-element_type=\"column\">\n\t\t\t<div class=\"elementor-widget-wrap elementor-element-populated\">\n\t\t\t\t\t\t\t\t<div class=\"elementor-element elementor-element-974c5bb elementor-widget elementor-widget-gyan_tabs\" data-id=\"974c5bb\" data-element_type=\"widget\" data-widget_type=\"gyan_tabs.default\">\n\t\t\t\t<div class=\"elementor-widget-container\">\n\t\t\t    \t<div id=\"gyan-tabs-974c5bb\" class=\"gyan-tabs gyan-tabs-horizontal\" data-tabid=\"974c5bb\">\n      \t\t<div class=\"gyan-tabs-nav\">\n        \t\t<ul class=\"gyan-tab-inline-icon\">\n        \t    \t        \t      \t\t<li class=\"active-default gyan-ease-transition\">\n                                                                                        <span class=\"gyan-icon gyan-ease-transition \">\n                                 <\/span>\n        \t      \t\t   <span class=\"gyan-tab-title\">1,5 % podatku<\/span>\n                                                   <\/li>\n        \t      \t        \t      \t\t<li class=\" gyan-ease-transition\">\n                                                                                        <span class=\"gyan-icon gyan-ease-transition \">\n                                 <\/span>\n        \t      \t\t   <span class=\"gyan-tab-title\">FaniMani<\/span>\n                                                   <\/li>\n        \t      \t            \t<\/ul>\n      \t\t<\/div>\n      \t\t<div class=\"gyan-tabs-content\">\n      \t\t\t                    <div class=\"active-default\">\n    \t\t      \t\t    \t\t\t\t\t\t\t<p><span style=\"font-family: arial, helvetica, sans-serif;\">SZANOWNI \u00a0\u00a0RODZICE!<\/span><br \/><span style=\"font-family: arial, helvetica, sans-serif;\">mo\u017cna przekaza\u0107 na rzecz naszej szko\u0142y 1,5 % swojego podatku dochodowego. Wystarczy w zeznaniu podatkowym PIT:<\/span><br \/><span style=\"font-family: arial, helvetica, sans-serif;\">1. Wpisa\u0107 nr KRS: 0000064561 oraz cel szczeg\u00f3\u0142owy: \u00a0SP 3 MIKO\u0141\u00d3W.<\/span><\/p><p><span style=\"font-family: arial, helvetica, sans-serif;\">\u015arodki te gromadzone s\u0105 za po\u015brednictwem Fundacji Pracowniczej PRO-EKO z \u0141azisk G\u00f3rnych i przeznaczone b\u0119d\u0105 na unowocze\u015bnienie bazy szkolnej, wspomaganie oraz polepszanie procesu kszta\u0142cenia, zakup \u00a0pomocy dydaktycznych, sprz\u0119tu audiowizualnego oraz mebli.<\/span><br \/><span style=\"font-family: arial, helvetica, sans-serif;\">Za wszelkie wsparcie w imieniu naszych uczni\u00f3w serdecznie dzi\u0119kujemy.<\/span><\/p><p><span style=\"font-family: arial, helvetica, sans-serif;\">link do e-pity:\u00a0<a href=\"https:\/\/www.e-pity.pl\/pity-2023\/akcja-e-life-jeden-procent-2024-KRS-0000064561\">https:\/\/www.e-pity.pl<\/a><\/span><\/p><p><span style=\"font-family: arial, helvetica, sans-serif;\"><img loading=\"lazy\" class=\"alignleft size-full wp-image-7636\" src=\"https:\/\/sp3.mikolow.eu\/wp-content\/uploads\/2024\/01\/15-.jpg\" alt=\"1,5%, dzi\u0119ki waszej pomocy doposa\u017camy szko\u0142\u0119. nr KRS:0000064561; Cel szczeg\u00f3\u0142owy: SP3 Miko\u0142\u00f3w. Zebrane pieni\u0105dze przeznaczymy na: zakup pomocy dydaktycznych, unowocze\u015bnienie bazy szkolnej i wiele innych.\" width=\"1080\" height=\"1080\" srcset=\"https:\/\/sp3.mikolow.eu\/wp-content\/uploads\/2024\/01\/15-.jpg 1080w, https:\/\/sp3.mikolow.eu\/wp-content\/uploads\/2024\/01\/15--300x300.jpg 300w, https:\/\/sp3.mikolow.eu\/wp-content\/uploads\/2024\/01\/15--1024x1024.jpg 1024w, https:\/\/sp3.mikolow.eu\/wp-content\/uploads\/2024\/01\/15--150x150.jpg 150w, https:\/\/sp3.mikolow.eu\/wp-content\/uploads\/2024\/01\/15--768x768.jpg 768w, https:\/\/sp3.mikolow.eu\/wp-content\/uploads\/2024\/01\/15--90x90.jpg 90w, https:\/\/sp3.mikolow.eu\/wp-content\/uploads\/2024\/01\/15--670x670.jpg 670w\" sizes=\"(max-width: 1080px) 100vw, 1080px\" \/><\/span><\/p>    \t\t\t\t\t\t\t                    <\/div>\n    \t\t\t                    <div class=\"\">\n    \t\t      \t\t    \t\t\t\t\t\t\t<p><span style=\"font-family: arial, helvetica, sans-serif;\">Je\u017celi robisz zakupy w internecie, niewa\u017cne czy s\u0105 to buty, elektronika, kosmetyki czy ksi\u0105\u017cki, mo\u017cesz nas bezp\u0142atnie wspiera\u0107. Z ka\u017cdego Twojego zakupu \u015brednio 2,5% jego warto\u015bci\u00a0 trafi do naszej organizacji, je\u015bli zaczniesz korzysta\u0107 z serwisu FaniMani.pl\u00a0 Ty nic nie dop\u0142acasz!<\/span><\/p><p><span style=\"font-family: arial, helvetica, sans-serif;\">Pomagaj nam bezp\u0142atnie przy okazji codziennych zakup\u00f3w online. Mo\u017cesz skorzysta\u0107 z oferty ponad 1700 sklep\u00f3w, a tak\u017ce przy okazji zamawiania jedzenia online czy rezerwacji nocleg\u00f3w.<\/span><\/p><p><span style=\"font-family: arial, helvetica, sans-serif;\">Darowizn\u0119 aktywujesz jednym klikni\u0119ciem. To proste i bezpieczne rozwi\u0105zanie.<\/span><\/p><p><span style=\"font-family: arial, helvetica, sans-serif;\">1. Zarejestruj si\u0119 w FaniMani.pl<\/span><\/p><p><span style=\"font-family: arial, helvetica, sans-serif;\">Je\u015bli zarejestrujesz si\u0119 z tego linku \u2013\u00a0<a href=\"https:\/\/fanimani.pl\/zaproszenie\/5501\/29f722ec90e4418b8daa6599fe5cde0d\" target=\"_blank\" rel=\"noopener\" data-saferedirecturl=\"https:\/\/www.google.com\/url?q=https:\/\/fanimani.pl\/zaproszenie\/5501\/29f722ec90e4418b8daa6599fe5cde0d&amp;source=gmail&amp;ust=1707390640270000&amp;usg=AOvVaw2RA17GvMgU0YYNIl2Rrdgs\">https:\/\/fanimani.pl\/<wbr \/>zaproszenie\/5501\/<wbr \/>29f722ec90e4418b8daa6599fe5cde<wbr \/>0d<\/a>\u00a0\u2013\u00a0 i w ci\u0105gu roku zrobisz zakupy przez FaniMani.pl za min. 100 z\u0142, otrzymamy dodatkowe 2\u00d75 z\u0142.<\/span><\/p><p><span style=\"font-family: arial, helvetica, sans-serif;\">2. Na komputerze: Dodaj rozszerzenie \u201ePrzypominajka FaniMani\u201d do przegl\u0105darki<\/span><\/p><p><span style=\"font-family: arial, helvetica, sans-serif;\">To proste i bezpieczne rozszerzenie, kt\u00f3ry automatycznie wska\u017ce partner\u00f3w FaniMani, a darowizn\u0119 aktywujesz jednym klikni\u0119ciem! Z Przypominajk\u0105 nigdy nie zapomnisz o pomaganiu nam. Wejd\u017a na nasz profil na FaniMani \u2013\u00a0<a href=\"https:\/\/fanimani.pl\/rada-rodzicow-przy-szkole-podstawowej-nr-3-z-oddzialami-integracyjnymi-im-polskich-olimpijczykow\/\" target=\"_blank\" rel=\"noopener\" data-saferedirecturl=\"https:\/\/www.google.com\/url?q=https:\/\/fanimani.pl\/rada-rodzicow-przy-szkole-podstawowej-nr-3-z-oddzialami-integracyjnymi-im-polskich-olimpijczykow\/&amp;source=gmail&amp;ust=1707390640270000&amp;usg=AOvVaw2carfnHTF-s0nklvFwJs8q\">https:\/\/fanimani.pl\/rada-<wbr \/>rodzicow-przy-szkole-<wbr \/>podstawowej-nr-3-z-oddzialami-<wbr \/>integracyjnymi-im-polskich-<wbr \/>olimpijczykow\/<\/a>\u00a0\u2013 aby zainstalowa\u0107 Przypominajk\u0119!<\/span><\/p><p><span style=\"font-family: arial, helvetica, sans-serif;\">Dodatkowo \u2013 gdy ju\u017c za\u0142o\u017cysz konto i b\u0119dziesz mie\u0107 Przypominajk\u0119 \u2013 wejd\u017a na\u00a0<a href=\"http:\/\/fanimani.pl\/podaruj1zl\" target=\"_blank\" rel=\"noopener\" data-saferedirecturl=\"https:\/\/www.google.com\/url?q=http:\/\/fanimani.pl\/podaruj1zl&amp;source=gmail&amp;ust=1707390640270000&amp;usg=AOvVaw1vYsGwtMJdosTi2CNmXy6H\">fanimani.pl\/podaruj1zl<\/a>\u00a0i zaloguj si\u0119, a my otrzymamy 1z\u0142 darowizny!<\/span><\/p><p><span style=\"font-family: arial, helvetica, sans-serif;\">3. Na telefonie: Pobierz Aplikacj\u0119 FaniMani (Google Play, AppStore) \u00a0<\/span><\/p><p><span style=\"font-family: arial, helvetica, sans-serif;\">Mo\u017cesz nam pomaga\u0107 tak\u017ce z telefonem w d\u0142oni! Zainstaluj Aplikacj\u0119 i korzystaj z oferty ponad 1700 partner\u00f3w FaniMani, robi\u0105c zakupy i przekazuj\u0105c nam darowizn\u0119! W aplikacji w prosty spos\u00f3b sprawdzisz r\u00f3wnie\u017c swoje ostatnie darowizny.<\/span><\/p><p><span style=\"font-family: arial, helvetica, sans-serif;\">Dzi\u0119kujemy, \u017ce jeste\u015b z nami!<\/span><\/p><p><img loading=\"lazy\" class=\"alignleft size-full wp-image-7777\" src=\"https:\/\/sp3.mikolow.eu\/wp-content\/uploads\/2024\/02\/logo-wlacz-zakupomoc.png\" alt=\"W\u0142\u0105cz zakupomoc. Wspieraj nas kupuj\u0105c przez FaniMani.pl 1600 sklep\u00f3w internetowych do wyboru!\" width=\"940\" height=\"940\" srcset=\"https:\/\/sp3.mikolow.eu\/wp-content\/uploads\/2024\/02\/logo-wlacz-zakupomoc.png 940w, https:\/\/sp3.mikolow.eu\/wp-content\/uploads\/2024\/02\/logo-wlacz-zakupomoc-300x300.png 300w, https:\/\/sp3.mikolow.eu\/wp-content\/uploads\/2024\/02\/logo-wlacz-zakupomoc-150x150.png 150w, https:\/\/sp3.mikolow.eu\/wp-content\/uploads\/2024\/02\/logo-wlacz-zakupomoc-768x768.png 768w, https:\/\/sp3.mikolow.eu\/wp-content\/uploads\/2024\/02\/logo-wlacz-zakupomoc-90x90.png 90w, https:\/\/sp3.mikolow.eu\/wp-content\/uploads\/2024\/02\/logo-wlacz-zakupomoc-670x670.png 670w\" sizes=\"(max-width: 940px) 100vw, 940px\" \/><\/p>    \t\t\t\t\t\t\t                    <\/div>\n    \t\t\t      \t\t<\/div>\n    \t<\/div>\n\t   \t\t<\/div>\n\t\t\t\t<\/div>\n\t\t\t\t\t<\/div>\n\t\t<\/div>\n\t\t\t\t\t\t\t<\/div>\n\t\t<\/section>\n\t\t\t\t\t\t<\/div>\n\t\t\t\t\t<\/div>\n\t\t","protected":false},"excerpt":{"rendered":"<p>1,5 % podatku FaniMani SZANOWNI \u00a0\u00a0RODZICE!mo\u017cna przekaza\u0107 na rzecz naszej szko\u0142y 1,5 % swojego podatku dochodowego. Wystarczy w zeznaniu podatkowym PIT:1. Wpisa\u0107 nr KRS: 0000064561 oraz cel szczeg\u00f3\u0142owy: \u00a0SP 3 MIKO\u0141\u00d3W. \u015arodki te gromadzone s\u0105 za po\u015brednictwem Fundacji Pracowniczej PRO-EKO z \u0141azisk G\u00f3rnych i przeznaczone b\u0119d\u0105 na unowocze\u015bnienie bazy szkolnej, [&hellip;]<\/p>\n","protected":false},"author":2,"featured_media":0,"parent":3653,"menu_order":0,"comment_status":"closed","ping_status":"closed","template":"","meta":{"ngg_post_thumbnail":0},"_links":{"self":[{"href":"https:\/\/sp3.mikolow.eu\/index.php\/wp-json\/wp\/v2\/pages\/3780"}],"collection":[{"href":"https:\/\/sp3.mikolow.eu\/index.php\/wp-json\/wp\/v2\/pages"}],"about":[{"href":"https:\/\/sp3.mikolow.eu\/index.php\/wp-json\/wp\/v2\/types\/page"}],"author":[{"embeddable":true,"href":"https:\/\/sp3.mikolow.eu\/index.php\/wp-json\/wp\/v2\/users\/2"}],"replies":[{"embeddable":true,"href":"https:\/\/sp3.mikolow.eu\/index.php\/wp-json\/wp\/v2\/comments?post=3780"}],"version-history":[{"count":16,"href":"https:\/\/sp3.mikolow.eu\/index.php\/wp-json\/wp\/v2\/pages\/3780\/revisions"}],"predecessor-version":[{"id":7809,"href":"https:\/\/sp3.mikolow.eu\/index.php\/wp-json\/wp\/v2\/pages\/3780\/revisions\/7809"}],"up":[{"embeddable":true,"href":"https:\/\/sp3.mikolow.eu\/index.php\/wp-json\/wp\/v2\/pages\/3653"}],"wp:attachment":[{"href":"https:\/\/sp3.mikolow.eu\/index.php\/wp-json\/wp\/v2\/media?parent=3780"}],"curies":[{"name":"wp","href":"https:\/\/api.w.org\/{rel}","templated":true}]}}