{"id":3713,"date":"2022-07-28T06:30:46","date_gmt":"2022-07-28T06:30:46","guid":{"rendered":"https:\/\/sp3.mikolow.eu\/?page_id=3713"},"modified":"2023-12-19T19:40:47","modified_gmt":"2023-12-19T17:40:47","slug":"szkola-na-miare-potrzeb","status":"publish","type":"page","link":"https:\/\/sp3.mikolow.eu\/index.php\/o-szkole\/szkola-na-miare-potrzeb\/","title":{"rendered":"Szko\u0142a na miar\u0119 potrzeb"},"content":{"rendered":"<h2><span style=\"font-family: arial, helvetica, sans-serif;\"><strong>Jeste\u015bmy szko\u0142\u0105 na miar\u0119 potrzeb&#8230;<\/strong><\/span><\/h2>\n<p><span style=\"font-family: arial, helvetica, sans-serif;\">W obliczu zmian zachodz\u0105cych w spo\u0142ecze\u0144stwie, wychowaniu, edukacji staramy si\u0119 i\u015b\u0107 z duchem czasu. Chcemy, aby w naszej szkole dobrze czu\u0142y si\u0119 WSZYSTKIE dzieci. KA\u017bDE dziecko musi mie\u0107 poczucie, \u017ce mo\u017ce odnie\u015b\u0107 sukces. St\u0105d r\u00f3\u017cnorodne zaj\u0119cia dostosowane do potrzeb naszych podopiecznych:<\/span><\/p>\n<p><span style=\"font-family: arial, helvetica, sans-serif;\"><strong><img src=\"https:\/\/sp3mikolow.edupage.org\/global\/pics\/icons\/Other\/nu_kdf.gif\" alt=\"\">zaj\u0119cia wyr\u00f3wnawcze (z j\u0119zyka polskiego, matematyki, j\u0119zyka angielskiego)<\/strong> &#8211; to pomoc dla uczni\u00f3w, kt\u00f3rzy s\u0142abiej radz\u0105 sobie na lekcjach, maj\u0105 zaleg\u0142o\u015bci lub chc\u0105 poprawi\u0107 oceny. Ich celem jest wyr\u00f3wnanie szans edukacyjnych. zaj\u0119cia prowadzone s\u0105 w niewielkich grupach, co sprzyja tworzeniu okazji do pokonywania trudno\u015bci, osi\u0105gania sukces\u00f3w edukacyjnych.<\/span><\/p>\n<p><span style=\"font-family: arial, helvetica, sans-serif;\"><strong><img src=\"https:\/\/sp3mikolow.edupage.org\/global\/pics\/icons\/Other\/nu_kdf.gif\" alt=\"\">zaj\u0119cia korekcyjno &#8211; kompensacyjne <\/strong>organizuje si\u0119 dla uczni\u00f3w z zaburzeniami rozwojowymi lub specyficznymi trudno\u015bciami w uczeniu si\u0119 np. z dysleksj\u0105 rozwojow\u0105. Zaj\u0119cia odbywaj\u0105 si\u0119 w ma\u0142ych grupach, uczniowie maj\u0105 szans\u0119 pokonywa\u0107 swoje trudno\u015bci i uwierzy\u0107 we w\u0142asne mo\u017cliwo\u015bci.<\/span><\/p>\n<p><span style=\"font-family: arial, helvetica, sans-serif;\"><strong><img src=\"https:\/\/sp3mikolow.edupage.org\/global\/pics\/icons\/Other\/nu_kdf.gif\" alt=\"\">zaj\u0119cia rewalidacyjne <\/strong>przeznaczone s\u0105 dla uczni\u00f3w niepe\u0142nosprawnych, posiadaj\u0105cych orzeczenie o potrzebie kszta\u0142cenia specjalnego. W zaj\u0119ciach jeden na jeden prowadz\u0105cy pracuje z dzieckiem, dostosowuj\u0105c program zaj\u0119\u0107 do potrzeb ucznia, zgodnie z zaleceniami Poradni Psychologiczno &#8211; Pedagogicznej.<\/span><\/p>\n<p><span style=\"font-family: arial, helvetica, sans-serif;\"><strong><img src=\"https:\/\/sp3mikolow.edupage.org\/global\/pics\/icons\/Other\/nu_kdf.gif\" alt=\"\">ITN (Indywidualny Tok Nauki)<\/strong> &#8211; dodatkowe zaj\u0119cia dla uczni\u00f3w szczeg\u00f3lnie uzdolnionych. nauczyciel pracuje z uczniem jeden na jeden, dobieraj\u0105c program, metody do potrzeb m\u0142odego talentu. W celu otrzymania ITN ucze\u0144 musi przej\u015b\u0107 badania w Poradni Psychologiczno &#8211; Pedagogicznej. Zaj\u0119cia ITN-u prowadzone s\u0105 z zakresu jednego przedmiotu (np. matematyki, j\u0119zyka polskiego, j\u0119zyka obcego).<\/span><\/p>\n<p><span style=\"font-family: arial, helvetica, sans-serif;\"><strong><img src=\"https:\/\/sp3mikolow.edupage.org\/global\/pics\/icons\/Other\/nu_kdf.gif\" alt=\"\">indywidualne nauczanie <\/strong>&#8211; niekt\u00f3rzy uczniowie lepiej funkcjonuj\u0105 i przyswajaj\u0105 wiedz\u0119, gdy bod\u017ace z zewn\u0105trz ograniczy si\u0119 do minimum, a ca\u0142a uwaga nauczyciela mo\u017ce by\u0107 po\u015bwi\u0119cona wy\u0142\u0105cznie jednemu dziecku. Niekt\u00f3re przedmioty ucze\u0144 realizuje z klas\u0105, niekt\u00f3re na zaj\u0119ciach indywidualnych.&nbsp;O ich przyznaniu tak\u017ce decyduje Poradnia Psychologiczno &#8211; Pedagogiczna.<\/span><\/p>\n<p><span style=\"font-family: arial, helvetica, sans-serif;\"><strong><img src=\"https:\/\/sp3mikolow.edupage.org\/global\/pics\/icons\/Other\/nu_kdf.gif\" alt=\"\">zaj\u0119cia z psychologiem <\/strong>&#8211; zaj\u0119cia prowadzone indywidualnie lub w ma\u0142ych grupach dla dzieci potrzebuj\u0105cych wsparcia. Istnieje mo\u017cliwo\u015b\u0107 um\u00f3wienia si\u0119 (dzieci oraz rodzic\u00f3w) i porozmawiania na okre\u015blony temat.<\/span><\/p>\n<p><span style=\"font-family: arial, helvetica, sans-serif;\"><strong><img src=\"https:\/\/sp3mikolow.edupage.org\/global\/pics\/icons\/Other\/nu_kdf.gif\" alt=\"\">zaj\u0119cia z pedagogiem <\/strong>&#8211; terapia prowadzona indywidualnie lub grupowo. Pomoc dla dzieci, kt\u00f3re potrzebuj\u0105 wsparcia w funkcjonowaniu w szkole, \u015brodowisku, spo\u0142ecze\u0144stwie.<\/span><\/p>\n<p><span style=\"font-family: arial, helvetica, sans-serif;\"><strong><img src=\"https:\/\/sp3mikolow.edupage.org\/global\/pics\/icons\/Other\/nu_kdf.gif\" alt=\"\">zaj\u0119cia z logoped\u0105 <\/strong>&#8211; dla uczni\u00f3w z zaburzeniami wadami mowy. Szko\u0142a oferuje zar\u00f3wno diagnoz\u0119, jak i terapi\u0119. Oczywi\u015bcie najlepsze efekty przynosi ona, gdy jest wspomagana konsekwentn\u0105 wsp\u00f3\u0142prac\u0105 z rodzicami.<\/span><\/p>\n<p><span style=\"font-family: arial, helvetica, sans-serif;\"><strong><img src=\"https:\/\/sp3mikolow.edupage.org\/global\/pics\/icons\/Other\/nu_kdf.gif\" alt=\"\">szeroki wachlarz zaj\u0119\u0107 pozalekcyjnych <\/strong>&#8211; oferta zaj\u0119\u0107 pozalekcyjnych. ka\u017cdy ucze\u0144 mo\u017ce tu znale\u017a\u0107 zaj\u0119cia, z kr\u0119gu jego zainteresowa\u0144. szczeg\u00f3\u0142owa oferta znajduje si\u0119 na tablicy przy sekretariacie.<\/span><\/p>\n<p><span style=\"font-family: arial, helvetica, sans-serif;\"><em>Oprac. Felicja Poprawa<\/em><\/span><\/p>\n","protected":false},"excerpt":{"rendered":"<p>Jeste\u015bmy szko\u0142\u0105 na miar\u0119 potrzeb&#8230; W obliczu zmian zachodz\u0105cych w spo\u0142ecze\u0144stwie, wychowaniu, edukacji staramy si\u0119 i\u015b\u0107 z duchem czasu. Chcemy, aby w naszej szkole dobrze czu\u0142y si\u0119 WSZYSTKIE dzieci. KA\u017bDE dziecko musi mie\u0107 poczucie, \u017ce mo\u017ce odnie\u015b\u0107 sukces. St\u0105d r\u00f3\u017cnorodne zaj\u0119cia dostosowane do potrzeb naszych podopiecznych: zaj\u0119cia wyr\u00f3wnawcze (z j\u0119zyka [&hellip;]<\/p>\n","protected":false},"author":2,"featured_media":0,"parent":3544,"menu_order":0,"comment_status":"closed","ping_status":"closed","template":"","meta":{"ngg_post_thumbnail":0},"_links":{"self":[{"href":"https:\/\/sp3.mikolow.eu\/index.php\/wp-json\/wp\/v2\/pages\/3713"}],"collection":[{"href":"https:\/\/sp3.mikolow.eu\/index.php\/wp-json\/wp\/v2\/pages"}],"about":[{"href":"https:\/\/sp3.mikolow.eu\/index.php\/wp-json\/wp\/v2\/types\/page"}],"author":[{"embeddable":true,"href":"https:\/\/sp3.mikolow.eu\/index.php\/wp-json\/wp\/v2\/users\/2"}],"replies":[{"embeddable":true,"href":"https:\/\/sp3.mikolow.eu\/index.php\/wp-json\/wp\/v2\/comments?post=3713"}],"version-history":[{"count":2,"href":"https:\/\/sp3.mikolow.eu\/index.php\/wp-json\/wp\/v2\/pages\/3713\/revisions"}],"predecessor-version":[{"id":7531,"href":"https:\/\/sp3.mikolow.eu\/index.php\/wp-json\/wp\/v2\/pages\/3713\/revisions\/7531"}],"up":[{"embeddable":true,"href":"https:\/\/sp3.mikolow.eu\/index.php\/wp-json\/wp\/v2\/pages\/3544"}],"wp:attachment":[{"href":"https:\/\/sp3.mikolow.eu\/index.php\/wp-json\/wp\/v2\/media?parent=3713"}],"curies":[{"name":"wp","href":"https:\/\/api.w.org\/{rel}","templated":true}]}}