{"id":3696,"date":"2022-07-28T06:25:06","date_gmt":"2022-07-28T06:25:06","guid":{"rendered":"https:\/\/sp3.mikolow.eu\/?page_id=3696"},"modified":"2023-12-19T19:38:14","modified_gmt":"2023-12-19T17:38:14","slug":"certyfikaty","status":"publish","type":"page","link":"https:\/\/sp3.mikolow.eu\/index.php\/o-szkole\/certyfikaty\/","title":{"rendered":"Certyfikaty"},"content":{"rendered":"\t\t<div data-elementor-type=\"wp-page\" data-elementor-id=\"3696\" class=\"elementor elementor-3696\" data-elementor-settings=\"[]\">\n\t\t\t\t\t\t\t<div class=\"elementor-section-wrap\">\n\t\t\t\t\t\t\t<section class=\"elementor-section elementor-top-section elementor-element elementor-element-208320e elementor-section-boxed elementor-section-height-default elementor-section-height-default\" data-id=\"208320e\" data-element_type=\"section\">\n\t\t\t\t\t\t<div class=\"elementor-container elementor-column-gap-default\">\n\t\t\t\t\t<div class=\"elementor-column elementor-col-100 elementor-top-column elementor-element elementor-element-674a356\" data-id=\"674a356\" data-element_type=\"column\">\n\t\t\t<div class=\"elementor-widget-wrap elementor-element-populated\">\n\t\t\t\t\t\t\t\t<div class=\"elementor-element elementor-element-f5a2f45 elementor-widget elementor-widget-text-editor\" data-id=\"f5a2f45\" data-element_type=\"widget\" data-widget_type=\"text-editor.default\">\n\t\t\t\t<div class=\"elementor-widget-container\">\n\t\t\t\t\t\t\t\t<p><span style=\"font-family: arial, helvetica, sans-serif;\"><strong>7 kwietnia 2017r. Szko\u0142a Podstawowa nr 3 <\/strong><strong>z Oddzia\u0142ami Integracyjnym\u00a0\u00a0im.Polskich Olimpijczyk\u00f3w zosta\u0142a\u00a0 przyj\u0119ta do \u015al\u0105skiej Sieci Szk\u00f3\u0142 Promuj\u0105cych Zdrowie.<\/strong><\/span><\/p><p><span style=\"font-family: arial, helvetica, sans-serif;\"><img loading=\"lazy\" class=\"size-medium wp-image-3697 aligncenter\" src=\"https:\/\/sp3.mikolow.eu\/wp-content\/uploads\/2022\/07\/ifx9d62f4b240d3c73f_Slajd1-300x225.jpg\" alt=\"\" width=\"300\" height=\"225\" srcset=\"https:\/\/sp3.mikolow.eu\/wp-content\/uploads\/2022\/07\/ifx9d62f4b240d3c73f_Slajd1-300x225.jpg 300w, https:\/\/sp3.mikolow.eu\/wp-content\/uploads\/2022\/07\/ifx9d62f4b240d3c73f_Slajd1-768x576.jpg 768w, https:\/\/sp3.mikolow.eu\/wp-content\/uploads\/2022\/07\/ifx9d62f4b240d3c73f_Slajd1.jpg 960w\" sizes=\"(max-width: 300px) 100vw, 300px\" \/><\/span><\/p><p><span style=\"font-family: arial, helvetica, sans-serif;\">Z tej okazji odby\u0142a si\u0119 uroczysto\u015b\u0107 wr\u0119czenia <strong>CERTYFIKATU SZKO\u0141Y PROMUJ\u0104CEJ ZDROWIE, <\/strong>w kt\u00f3rej uczestniczyli uczniowie, pracownicy szko\u0142y, \u00a0burmistrz Miasta Miko\u0142owa, radni Rady Miejskiej, dyrektor Centrum Uslug Wsp\u00f3lnych, naczelnik Wydzia\u0142u Edukacji Starostwa Powiatowego oraz dyrektorzy miko\u0142owskich szk\u00f3\u0142.<\/span><br \/><span style=\"font-family: arial, helvetica, sans-serif;\">Wr\u0119czenia certyfikatu dokona\u0142 Tomasz Wojtasik-Wojew\u00f3dzki Koordynator \u015al\u0105skiej Sieci Szk\u00f3\u0142 Promuj\u0105cych Zdrowie, konsultant ROM-E Metis w Katowicach.<\/span><\/p><p><span style=\"font-family: arial, helvetica, sans-serif;\">Przyznanie Certyfikatu szkole to ukoronowanie jej dotychczasowych dzia\u0142a\u0144 na rzecz promocji zdrowia.<\/span><\/p><p><span style=\"font-family: arial, helvetica, sans-serif;\">Miko\u0142owska Tr\u00f3jka s\u0142ynie z wysokiego poziomu sportowego oraz aktywno\u015bci w tej dziedzinie.\u00a0\u00a0 Opr\u00f3cz aktywno\u015bci sportowej k\u0142adzie si\u0119 tam r\u00f3wnie\u017c nacisk na zdrowe od\u017cywianie i higien\u0119 cia\u0142a i umys\u0142u.<\/span><\/p><p><span style=\"font-family: arial, helvetica, sans-serif;\">Pi\u0105tkowa akademia by\u0142a pierwsz\u0105 cz\u0119\u015bci\u0105 obchod\u00f3w tego wa\u017cnego \u015bwi\u0119ta szko\u0142y. Pogoda troch\u0119 pokrzy\u017cowa\u0142a plany drugiej cz\u0119\u015bci &#8211; co zosta\u0142o przeniesione na poniedzia\u0142ek.<\/span><\/p><p><span style=\"font-family: arial, helvetica, sans-serif;\">Uczniowie 10.04\u00a0 przemaszerowali kolorowym pochodem na miko\u0142owski Rynek zach\u0119caj\u0105c po drodze mieszka\u0144c\u00f3w do dba\u0142o\u015bci o zdrowie.<\/span><\/p><p><span style=\"font-family: arial, helvetica, sans-serif;\">Fotorelacja z obchod\u00f3w oraz uroczysto\u015bci poni\u017cej<\/span><\/p>\t\t\t\t\t\t<\/div>\n\t\t\t\t<\/div>\n\t\t\t\t\t<\/div>\n\t\t<\/div>\n\t\t\t\t\t\t\t<\/div>\n\t\t<\/section>\n\t\t\t\t<section class=\"elementor-section elementor-top-section elementor-element elementor-element-66fa6a4 elementor-section-boxed elementor-section-height-default elementor-section-height-default\" data-id=\"66fa6a4\" data-element_type=\"section\">\n\t\t\t\t\t\t<div class=\"elementor-container elementor-column-gap-default\">\n\t\t\t\t\t<div class=\"elementor-column elementor-col-100 elementor-top-column elementor-element elementor-element-b4f2716\" data-id=\"b4f2716\" data-element_type=\"column\">\n\t\t\t<div class=\"elementor-widget-wrap elementor-element-populated\">\n\t\t\t\t\t\t\t\t<div class=\"elementor-element elementor-element-993c60a elementor-widget elementor-widget-gallery\" data-id=\"993c60a\" data-element_type=\"widget\" data-settings=\"{&quot;columns&quot;:3,&quot;lazyload&quot;:&quot;yes&quot;,&quot;gallery_layout&quot;:&quot;grid&quot;,&quot;columns_tablet&quot;:2,&quot;columns_mobile&quot;:1,&quot;gap&quot;:{&quot;unit&quot;:&quot;px&quot;,&quot;size&quot;:10,&quot;sizes&quot;:[]},&quot;gap_tablet&quot;:{&quot;unit&quot;:&quot;px&quot;,&quot;size&quot;:10,&quot;sizes&quot;:[]},&quot;gap_mobile&quot;:{&quot;unit&quot;:&quot;px&quot;,&quot;size&quot;:10,&quot;sizes&quot;:[]},&quot;link_to&quot;:&quot;file&quot;,&quot;aspect_ratio&quot;:&quot;3:2&quot;,&quot;overlay_background&quot;:&quot;yes&quot;,&quot;content_hover_animation&quot;:&quot;fade-in&quot;}\" data-widget_type=\"gallery.default\">\n\t\t\t\t<div class=\"elementor-widget-container\">\n\t\t\t\t\t<div class=\"elementor-gallery__container\">\n\t\t\t\t\t\t\t<a class=\"e-gallery-item elementor-gallery-item elementor-animated-content\" href=\"https:\/\/sp3.mikolow.eu\/wp-content\/uploads\/2022\/07\/hdimg6365be026b90eb5cb4d4d1b10ee53c.jpg\" data-elementor-open-lightbox=\"yes\" data-elementor-lightbox-slideshow=\"all-993c60a\" data-elementor-lightbox-title=\"hdimg6365be026b90eb5cb4d4d1b10ee53c\">\n\t\t\t\t\t<div class=\"e-gallery-image elementor-gallery-item__image\" data-thumbnail=\"https:\/\/sp3.mikolow.eu\/wp-content\/uploads\/2022\/07\/hdimg6365be026b90eb5cb4d4d1b10ee53c-1024x741.jpg\" data-width=\"1024\" data-height=\"741\" alt=\"\" ><\/div>\n\t\t\t\t\t\t\t\t\t\t<div class=\"elementor-gallery-item__overlay\"><\/div>\n\t\t\t\t\t\t\t\t\t\t\t\t\t\t<\/a>\n\t\t\t\t\t\t\t<a class=\"e-gallery-item elementor-gallery-item elementor-animated-content\" href=\"https:\/\/sp3.mikolow.eu\/wp-content\/uploads\/2022\/07\/hdimg7514689d96456f855cc4cc3fd2e3f7.jpg\" data-elementor-open-lightbox=\"yes\" data-elementor-lightbox-slideshow=\"all-993c60a\" data-elementor-lightbox-title=\"hdimg7514689d96456f855cc4cc3fd2e3f7\">\n\t\t\t\t\t<div class=\"e-gallery-image elementor-gallery-item__image\" data-thumbnail=\"https:\/\/sp3.mikolow.eu\/wp-content\/uploads\/2022\/07\/hdimg7514689d96456f855cc4cc3fd2e3f7-1024x678.jpg\" data-width=\"1024\" data-height=\"678\" alt=\"\" ><\/div>\n\t\t\t\t\t\t\t\t\t\t<div class=\"elementor-gallery-item__overlay\"><\/div>\n\t\t\t\t\t\t\t\t\t\t\t\t\t\t<\/a>\n\t\t\t\t\t\t\t<a class=\"e-gallery-item elementor-gallery-item elementor-animated-content\" href=\"https:\/\/sp3.mikolow.eu\/wp-content\/uploads\/2022\/07\/hdimgcd1fd97141fda4c2318c1cd64c630d.jpg\" data-elementor-open-lightbox=\"yes\" data-elementor-lightbox-slideshow=\"all-993c60a\" data-elementor-lightbox-title=\"hdimgcd1fd97141fda4c2318c1cd64c630d\">\n\t\t\t\t\t<div class=\"e-gallery-image elementor-gallery-item__image\" data-thumbnail=\"https:\/\/sp3.mikolow.eu\/wp-content\/uploads\/2022\/07\/hdimgcd1fd97141fda4c2318c1cd64c630d-1024x666.jpg\" data-width=\"1024\" data-height=\"666\" alt=\"\" ><\/div>\n\t\t\t\t\t\t\t\t\t\t<div class=\"elementor-gallery-item__overlay\"><\/div>\n\t\t\t\t\t\t\t\t\t\t\t\t\t\t<\/a>\n\t\t\t\t\t<\/div>\n\t\t\t<\/div>\n\t\t\t\t<\/div>\n\t\t\t\t\t<\/div>\n\t\t<\/div>\n\t\t\t\t\t\t\t<\/div>\n\t\t<\/section>\n\t\t\t\t\t\t<\/div>\n\t\t\t\t\t<\/div>\n\t\t","protected":false},"excerpt":{"rendered":"<p>7 kwietnia 2017r. Szko\u0142a Podstawowa nr 3 z Oddzia\u0142ami Integracyjnym\u00a0\u00a0im.Polskich Olimpijczyk\u00f3w zosta\u0142a\u00a0 przyj\u0119ta do \u015al\u0105skiej Sieci Szk\u00f3\u0142 Promuj\u0105cych Zdrowie. Z tej okazji odby\u0142a si\u0119 uroczysto\u015b\u0107 wr\u0119czenia CERTYFIKATU SZKO\u0141Y PROMUJ\u0104CEJ ZDROWIE, w kt\u00f3rej uczestniczyli uczniowie, pracownicy szko\u0142y, \u00a0burmistrz Miasta Miko\u0142owa, radni Rady Miejskiej, dyrektor Centrum Uslug Wsp\u00f3lnych, naczelnik Wydzia\u0142u Edukacji Starostwa [&hellip;]<\/p>\n","protected":false},"author":2,"featured_media":0,"parent":3544,"menu_order":0,"comment_status":"closed","ping_status":"closed","template":"","meta":{"ngg_post_thumbnail":0},"_links":{"self":[{"href":"https:\/\/sp3.mikolow.eu\/index.php\/wp-json\/wp\/v2\/pages\/3696"}],"collection":[{"href":"https:\/\/sp3.mikolow.eu\/index.php\/wp-json\/wp\/v2\/pages"}],"about":[{"href":"https:\/\/sp3.mikolow.eu\/index.php\/wp-json\/wp\/v2\/types\/page"}],"author":[{"embeddable":true,"href":"https:\/\/sp3.mikolow.eu\/index.php\/wp-json\/wp\/v2\/users\/2"}],"replies":[{"embeddable":true,"href":"https:\/\/sp3.mikolow.eu\/index.php\/wp-json\/wp\/v2\/comments?post=3696"}],"version-history":[{"count":7,"href":"https:\/\/sp3.mikolow.eu\/index.php\/wp-json\/wp\/v2\/pages\/3696\/revisions"}],"predecessor-version":[{"id":7518,"href":"https:\/\/sp3.mikolow.eu\/index.php\/wp-json\/wp\/v2\/pages\/3696\/revisions\/7518"}],"up":[{"embeddable":true,"href":"https:\/\/sp3.mikolow.eu\/index.php\/wp-json\/wp\/v2\/pages\/3544"}],"wp:attachment":[{"href":"https:\/\/sp3.mikolow.eu\/index.php\/wp-json\/wp\/v2\/media?parent=3696"}],"curies":[{"name":"wp","href":"https:\/\/api.w.org\/{rel}","templated":true}]}}