{"id":3677,"date":"2022-07-28T06:17:34","date_gmt":"2022-07-28T06:17:34","guid":{"rendered":"https:\/\/sp3.mikolow.eu\/?page_id=3677"},"modified":"2023-12-19T19:40:32","modified_gmt":"2023-12-19T17:40:32","slug":"przyjazna-szkola","status":"publish","type":"page","link":"https:\/\/sp3.mikolow.eu\/index.php\/o-szkole\/przyjazna-szkola\/","title":{"rendered":"Przyjazna szko\u0142a"},"content":{"rendered":"\t\t<div data-elementor-type=\"wp-page\" data-elementor-id=\"3677\" class=\"elementor elementor-3677\" data-elementor-settings=\"[]\">\n\t\t\t\t\t\t\t<div class=\"elementor-section-wrap\">\n\t\t\t\t\t\t\t<section class=\"elementor-section elementor-top-section elementor-element elementor-element-4351a5a elementor-section-boxed elementor-section-height-default elementor-section-height-default\" data-id=\"4351a5a\" data-element_type=\"section\">\n\t\t\t\t\t\t<div class=\"elementor-container elementor-column-gap-default\">\n\t\t\t\t\t<div class=\"elementor-column elementor-col-100 elementor-top-column elementor-element elementor-element-d3f0e9f\" data-id=\"d3f0e9f\" data-element_type=\"column\">\n\t\t\t<div class=\"elementor-widget-wrap elementor-element-populated\">\n\t\t\t\t\t\t\t\t<div class=\"elementor-element elementor-element-a392fb8 elementor-widget elementor-widget-text-editor\" data-id=\"a392fb8\" data-element_type=\"widget\" data-widget_type=\"text-editor.default\">\n\t\t\t\t<div class=\"elementor-widget-container\">\n\t\t\t\t\t\t\t\t<p style=\"text-align: center;\"><span style=\"color: #ff0000; font-family: arial, helvetica, sans-serif;\"><strong>Kuratorium O\u015bwiaty w Katowicach <\/strong><strong>przyzna\u0142o naszej plac\u00f3wce tytu\u0142 \u201ePRZYJAZNEJ SZKO\u0141Y\u201d!<\/strong><\/span><\/p><p style=\"text-align: center;\"><span style=\"font-family: arial, helvetica, sans-serif;\"><a href=\"https:\/\/sp3.mikolow.eu\/wp-content\/uploads\/2022\/07\/hdimg4711f380bce71f3edbb78bbf4690f1.jpg\"><img loading=\"lazy\" class=\"size-medium wp-image-3678 aligncenter\" src=\"https:\/\/sp3.mikolow.eu\/wp-content\/uploads\/2022\/07\/hdimg4711f380bce71f3edbb78bbf4690f1-300x197.jpg\" alt=\"\" width=\"300\" height=\"197\" srcset=\"https:\/\/sp3.mikolow.eu\/wp-content\/uploads\/2022\/07\/hdimg4711f380bce71f3edbb78bbf4690f1-300x197.jpg 300w, https:\/\/sp3.mikolow.eu\/wp-content\/uploads\/2022\/07\/hdimg4711f380bce71f3edbb78bbf4690f1-1024x672.jpg 1024w, https:\/\/sp3.mikolow.eu\/wp-content\/uploads\/2022\/07\/hdimg4711f380bce71f3edbb78bbf4690f1-768x504.jpg 768w, https:\/\/sp3.mikolow.eu\/wp-content\/uploads\/2022\/07\/hdimg4711f380bce71f3edbb78bbf4690f1-1536x1008.jpg 1536w, https:\/\/sp3.mikolow.eu\/wp-content\/uploads\/2022\/07\/hdimg4711f380bce71f3edbb78bbf4690f1.jpg 1920w\" sizes=\"(max-width: 300px) 100vw, 300px\" \/><\/a><\/span><\/p><p style=\"text-align: center;\"><span style=\"font-family: arial, helvetica, sans-serif;\"><strong>SP 3 Miko\u0142\u00f3w w gronie laureat\u00f3w konkursu \u201ePrzyjazna szko\u0142a\u201d!<\/strong><\/span><\/p><p style=\"text-align: center;\"><span style=\"font-family: arial, helvetica, sans-serif;\"><strong>Nasza szko\u0142a uzyska\u0142a tytu\u0142 \u201ePrzyjazna szko\u0142a\u201d w konkursie zorganizowanym dla szk\u00f3\u0142 wojew\u00f3dztwa \u015bl\u0105skiego przez Kuratorium O\u015bwiaty w Katowicach w ramach Kampanii \u201eRazem ra\u017aniej\u201d.<\/strong><\/span><\/p><p style=\"text-align: center;\"><span style=\"font-family: arial, helvetica, sans-serif;\"><a href=\"https:\/\/sp3.mikolow.eu\/wp-content\/uploads\/2022\/07\/hdimge4cfc88bcebc9bdff19d93c28ea5a1.jpg\"><img loading=\"lazy\" class=\"size-medium wp-image-3679 aligncenter\" src=\"https:\/\/sp3.mikolow.eu\/wp-content\/uploads\/2022\/07\/hdimge4cfc88bcebc9bdff19d93c28ea5a1-300x200.jpg\" alt=\"\" width=\"300\" height=\"200\" srcset=\"https:\/\/sp3.mikolow.eu\/wp-content\/uploads\/2022\/07\/hdimge4cfc88bcebc9bdff19d93c28ea5a1-300x200.jpg 300w, https:\/\/sp3.mikolow.eu\/wp-content\/uploads\/2022\/07\/hdimge4cfc88bcebc9bdff19d93c28ea5a1-1024x683.jpg 1024w, https:\/\/sp3.mikolow.eu\/wp-content\/uploads\/2022\/07\/hdimge4cfc88bcebc9bdff19d93c28ea5a1-768x512.jpg 768w, https:\/\/sp3.mikolow.eu\/wp-content\/uploads\/2022\/07\/hdimge4cfc88bcebc9bdff19d93c28ea5a1-1536x1024.jpg 1536w, https:\/\/sp3.mikolow.eu\/wp-content\/uploads\/2022\/07\/hdimge4cfc88bcebc9bdff19d93c28ea5a1.jpg 1920w\" sizes=\"(max-width: 300px) 100vw, 300px\" \/><\/a><\/span><\/p><p><span style=\"font-family: arial, helvetica, sans-serif;\">Podczas uroczystej gali, <strong>14 czerwca 2018 r. w Katowicach<\/strong>,\u00a0otrzymali\u015bmy <strong>certyfikat<\/strong> i zaszczytny\u00a0tytu\u0142 PRZYJAZNEJ SZKO\u0141Y z r\u0105k wicekuratora\u00a0mgr Dariusza Doma\u0144skiego. Od marca do czerwca zrealizowali\u015bmy wszystkie zadania wskazane w regulaminie konkursu. Relacje z ich realizacji sukcesywnie przesy\u0142ali\u015bmy do Kuratorium O\u015bwiaty. W ramach projektu \u201eRazem ra\u017aniej\u201d przeprowadzili\u015bmy: zaj\u0119cia w klasach integracyjnych <strong>\u201eM\u00f3j autoportret\u201d<\/strong>, konkurs plastyczny <strong>\u201eKartka urodzinowa dla kolegi\u201d<\/strong>, szkolny <strong>\u201dDzie\u0144 Przyjaciela\u201d<\/strong>, apel <strong>\u201ePrawa i obowi\u0105zki ucznia\u201d<\/strong> oraz opisali\u015bmy w szczeg\u00f3\u0142owym sprawozdaniu <strong>\u201eCodzienn\u0105 pomoc kole\u017ce\u0144sk\u0105 w naszej spo\u0142eczno\u015bci\u201d <\/strong>&#8211; w SP3.<\/span><\/p><p><span style=\"font-family: arial, helvetica, sans-serif;\">Na realizacj\u0119 zada\u0144 mieli\u015bmy tylko trzy miesi\u0105ce, ale wszystkie uda\u0142o si\u0119 nam si\u0119 wykona\u0107 w terminie, poniewa\u017c w dzia\u0142ania konkursowe w\u0142\u0105czy\u0142a si\u0119 ca\u0142a spo\u0142eczno\u015b\u0107 szkolna! Udzia\u0142 w konkursie przyni\u00f3s\u0142 nam wiele rado\u015bci, zwr\u00f3ci\u0142 uwag\u0119 na si\u0142\u0119 pomocy kole\u017ce\u0144skiej, wzajemnej sympatii, mi\u0142ego s\u0142owa i u\u015bmiechu w codziennych, szkolnych sytuacjach.<\/span><\/p><p><span style=\"font-family: arial, helvetica, sans-serif;\">W powiecie miko\u0142owskim certyfikat \u201ePrzyjaznej szko\u0142y\u201d otrzyma\u0142y tylko dwie plac\u00f3wki; opr\u00f3cz naszej \u201eTr\u00f3jki\u201d, tytu\u0142 uzyska\u0142a SP4 z Miko\u0142owa.<\/span><\/p><p><span style=\"font-family: arial, helvetica, sans-serif;\">Z satysfakcj\u0105 stwierdzamy &#8211; konkurs potwierdzi\u0142, \u017ce \u201e<strong>Tr\u00f3jka\u201d jest szko\u0142\u0105 bezpieczn\u0105 i przyjazn\u0105 dla uczni\u00f3w<\/strong>, a nasze dzia\u0142ania na rzecz podnoszenia jako\u015bci edukacji w\u0142\u0105czaj\u0105cej daj\u0105 wymierne efekty. <strong>Koordynatorem projektu by\u0142 zesp\u00f3\u0142 pedagog\u00f3w specjalnych. Dzi\u0119kujemy wszystkim nauczycielom i uczniom za wsparcie i udzia\u0142 w realizacji zada\u0144 konkursowych.<\/strong><\/span><\/p><p style=\"text-align: center;\"><span style=\"color: #333399; font-family: arial, helvetica, sans-serif;\"><strong>Fotorelacje w albumie fotograficznym:<\/strong><\/span><\/p>\t\t\t\t\t\t<\/div>\n\t\t\t\t<\/div>\n\t\t\t\t\t<\/div>\n\t\t<\/div>\n\t\t\t\t\t\t\t<\/div>\n\t\t<\/section>\n\t\t\t\t<section class=\"elementor-section elementor-top-section elementor-element elementor-element-62aa7b2 elementor-section-boxed elementor-section-height-default elementor-section-height-default\" data-id=\"62aa7b2\" data-element_type=\"section\">\n\t\t\t\t\t\t<div class=\"elementor-container elementor-column-gap-default\">\n\t\t\t\t\t<div class=\"elementor-column elementor-col-100 elementor-top-column elementor-element elementor-element-ac7a1b3\" data-id=\"ac7a1b3\" data-element_type=\"column\">\n\t\t\t<div class=\"elementor-widget-wrap elementor-element-populated\">\n\t\t\t\t\t\t\t\t<div class=\"elementor-element elementor-element-cc80501 elementor-widget elementor-widget-gallery\" data-id=\"cc80501\" data-element_type=\"widget\" data-settings=\"{&quot;columns&quot;:5,&quot;lazyload&quot;:&quot;yes&quot;,&quot;gallery_layout&quot;:&quot;grid&quot;,&quot;columns_tablet&quot;:2,&quot;columns_mobile&quot;:1,&quot;gap&quot;:{&quot;unit&quot;:&quot;px&quot;,&quot;size&quot;:10,&quot;sizes&quot;:[]},&quot;gap_tablet&quot;:{&quot;unit&quot;:&quot;px&quot;,&quot;size&quot;:10,&quot;sizes&quot;:[]},&quot;gap_mobile&quot;:{&quot;unit&quot;:&quot;px&quot;,&quot;size&quot;:10,&quot;sizes&quot;:[]},&quot;link_to&quot;:&quot;file&quot;,&quot;aspect_ratio&quot;:&quot;3:2&quot;,&quot;overlay_background&quot;:&quot;yes&quot;,&quot;content_hover_animation&quot;:&quot;fade-in&quot;}\" data-widget_type=\"gallery.default\">\n\t\t\t\t<div class=\"elementor-widget-container\">\n\t\t\t\t\t<div class=\"elementor-gallery__container\">\n\t\t\t\t\t\t\t<a class=\"e-gallery-item elementor-gallery-item elementor-animated-content\" href=\"https:\/\/sp3.mikolow.eu\/wp-content\/uploads\/2022\/07\/hdimg0c2728bc64cfb758f2e0b05ec8c89a.jpg\" data-elementor-open-lightbox=\"yes\" data-elementor-lightbox-slideshow=\"all-cc80501\" data-elementor-lightbox-title=\"hdimg0c2728bc64cfb758f2e0b05ec8c89a\">\n\t\t\t\t\t<div class=\"e-gallery-image elementor-gallery-item__image\" data-thumbnail=\"https:\/\/sp3.mikolow.eu\/wp-content\/uploads\/2022\/07\/hdimg0c2728bc64cfb758f2e0b05ec8c89a.jpg\" data-width=\"270\" data-height=\"480\" alt=\"\" ><\/div>\n\t\t\t\t\t\t\t\t\t\t<div class=\"elementor-gallery-item__overlay\"><\/div>\n\t\t\t\t\t\t\t\t\t\t\t\t\t\t<\/a>\n\t\t\t\t\t\t\t<a class=\"e-gallery-item elementor-gallery-item elementor-animated-content\" href=\"https:\/\/sp3.mikolow.eu\/wp-content\/uploads\/2022\/07\/hdimg3f4e20308652b7651f8952f434c5fe.jpg\" data-elementor-open-lightbox=\"yes\" data-elementor-lightbox-slideshow=\"all-cc80501\" data-elementor-lightbox-title=\"hdimg3f4e20308652b7651f8952f434c5fe\">\n\t\t\t\t\t<div class=\"e-gallery-image elementor-gallery-item__image\" data-thumbnail=\"https:\/\/sp3.mikolow.eu\/wp-content\/uploads\/2022\/07\/hdimg3f4e20308652b7651f8952f434c5fe.jpg\" data-width=\"360\" data-height=\"480\" alt=\"\" ><\/div>\n\t\t\t\t\t\t\t\t\t\t<div class=\"elementor-gallery-item__overlay\"><\/div>\n\t\t\t\t\t\t\t\t\t\t\t\t\t\t<\/a>\n\t\t\t\t\t\t\t<a class=\"e-gallery-item elementor-gallery-item elementor-animated-content\" href=\"https:\/\/sp3.mikolow.eu\/wp-content\/uploads\/2022\/07\/hdimg639bd6a6e5517e3af06e64c159ac87.jpg\" data-elementor-open-lightbox=\"yes\" data-elementor-lightbox-slideshow=\"all-cc80501\" data-elementor-lightbox-title=\"hdimg639bd6a6e5517e3af06e64c159ac87\">\n\t\t\t\t\t<div class=\"e-gallery-image elementor-gallery-item__image\" data-thumbnail=\"https:\/\/sp3.mikolow.eu\/wp-content\/uploads\/2022\/07\/hdimg639bd6a6e5517e3af06e64c159ac87.jpg\" data-width=\"640\" data-height=\"480\" alt=\"\" ><\/div>\n\t\t\t\t\t\t\t\t\t\t<div class=\"elementor-gallery-item__overlay\"><\/div>\n\t\t\t\t\t\t\t\t\t\t\t\t\t\t<\/a>\n\t\t\t\t\t\t\t<a class=\"e-gallery-item elementor-gallery-item elementor-animated-content\" href=\"https:\/\/sp3.mikolow.eu\/wp-content\/uploads\/2022\/07\/hdimg4711f380bce71f3edbb78bbf4690f1-1.jpg\" data-elementor-open-lightbox=\"yes\" data-elementor-lightbox-slideshow=\"all-cc80501\" data-elementor-lightbox-title=\"hdimg4711f380bce71f3edbb78bbf4690f1\">\n\t\t\t\t\t<div class=\"e-gallery-image elementor-gallery-item__image\" data-thumbnail=\"https:\/\/sp3.mikolow.eu\/wp-content\/uploads\/2022\/07\/hdimg4711f380bce71f3edbb78bbf4690f1-1-1024x672.jpg\" data-width=\"1024\" data-height=\"672\" alt=\"\" ><\/div>\n\t\t\t\t\t\t\t\t\t\t<div class=\"elementor-gallery-item__overlay\"><\/div>\n\t\t\t\t\t\t\t\t\t\t\t\t\t\t<\/a>\n\t\t\t\t\t\t\t<a class=\"e-gallery-item elementor-gallery-item elementor-animated-content\" href=\"https:\/\/sp3.mikolow.eu\/wp-content\/uploads\/2022\/07\/hdimg5853aecdc7715734c1d7371ff6fa7b.jpg\" data-elementor-open-lightbox=\"yes\" data-elementor-lightbox-slideshow=\"all-cc80501\" data-elementor-lightbox-title=\"hdimg5853aecdc7715734c1d7371ff6fa7b\">\n\t\t\t\t\t<div class=\"e-gallery-image elementor-gallery-item__image\" data-thumbnail=\"https:\/\/sp3.mikolow.eu\/wp-content\/uploads\/2022\/07\/hdimg5853aecdc7715734c1d7371ff6fa7b.jpg\" data-width=\"640\" data-height=\"480\" alt=\"\" ><\/div>\n\t\t\t\t\t\t\t\t\t\t<div class=\"elementor-gallery-item__overlay\"><\/div>\n\t\t\t\t\t\t\t\t\t\t\t\t\t\t<\/a>\n\t\t\t\t\t<\/div>\n\t\t\t<\/div>\n\t\t\t\t<\/div>\n\t\t\t\t\t<\/div>\n\t\t<\/div>\n\t\t\t\t\t\t\t<\/div>\n\t\t<\/section>\n\t\t\t\t\t\t<\/div>\n\t\t\t\t\t<\/div>\n\t\t","protected":false},"excerpt":{"rendered":"<p>Kuratorium O\u015bwiaty w Katowicach przyzna\u0142o naszej plac\u00f3wce tytu\u0142 \u201ePRZYJAZNEJ SZKO\u0141Y\u201d! SP 3 Miko\u0142\u00f3w w gronie laureat\u00f3w konkursu \u201ePrzyjazna szko\u0142a\u201d! Nasza szko\u0142a uzyska\u0142a tytu\u0142 \u201ePrzyjazna szko\u0142a\u201d w konkursie zorganizowanym dla szk\u00f3\u0142 wojew\u00f3dztwa \u015bl\u0105skiego przez Kuratorium O\u015bwiaty w Katowicach w ramach Kampanii \u201eRazem ra\u017aniej\u201d. Podczas uroczystej gali, 14 czerwca 2018 r. w [&hellip;]<\/p>\n","protected":false},"author":2,"featured_media":0,"parent":3544,"menu_order":0,"comment_status":"closed","ping_status":"closed","template":"","meta":{"ngg_post_thumbnail":0},"_links":{"self":[{"href":"https:\/\/sp3.mikolow.eu\/index.php\/wp-json\/wp\/v2\/pages\/3677"}],"collection":[{"href":"https:\/\/sp3.mikolow.eu\/index.php\/wp-json\/wp\/v2\/pages"}],"about":[{"href":"https:\/\/sp3.mikolow.eu\/index.php\/wp-json\/wp\/v2\/types\/page"}],"author":[{"embeddable":true,"href":"https:\/\/sp3.mikolow.eu\/index.php\/wp-json\/wp\/v2\/users\/2"}],"replies":[{"embeddable":true,"href":"https:\/\/sp3.mikolow.eu\/index.php\/wp-json\/wp\/v2\/comments?post=3677"}],"version-history":[{"count":13,"href":"https:\/\/sp3.mikolow.eu\/index.php\/wp-json\/wp\/v2\/pages\/3677\/revisions"}],"predecessor-version":[{"id":7529,"href":"https:\/\/sp3.mikolow.eu\/index.php\/wp-json\/wp\/v2\/pages\/3677\/revisions\/7529"}],"up":[{"embeddable":true,"href":"https:\/\/sp3.mikolow.eu\/index.php\/wp-json\/wp\/v2\/pages\/3544"}],"wp:attachment":[{"href":"https:\/\/sp3.mikolow.eu\/index.php\/wp-json\/wp\/v2\/media?parent=3677"}],"curies":[{"name":"wp","href":"https:\/\/api.w.org\/{rel}","templated":true}]}}