{"id":3669,"date":"2022-07-28T06:12:08","date_gmt":"2022-07-28T06:12:08","guid":{"rendered":"https:\/\/sp3.mikolow.eu\/?page_id=3669"},"modified":"2025-03-03T10:21:37","modified_gmt":"2025-03-03T09:21:37","slug":"hymn-szkoly","status":"publish","type":"page","link":"https:\/\/sp3.mikolow.eu\/index.php\/o-szkole\/hymn-szkoly\/","title":{"rendered":"Hymn szko\u0142y"},"content":{"rendered":"<p><span style=\"font-family: arial, helvetica, sans-serif;\"><a href=\"https:\/\/sp3mikolow.edupage.org\/files\/Hymn_szkoly.mp3\">Hymn_szko\u0142y.mp3<\/a>&nbsp;<\/span><\/p>\n<p style=\"text-align: left;\"><span style=\"font-family: arial, helvetica, sans-serif;\">1. Jak to pi\u0119knie \u015bpiewa\u0107 razem<\/span><\/p>\n<p style=\"text-align: left;\"><span style=\"font-family: arial, helvetica, sans-serif;\">&nbsp; t\u0119 piosenk\u0119 szkole w darze.<\/span><\/p>\n<p style=\"text-align: left;\"><span style=\"font-family: arial, helvetica, sans-serif;\">&nbsp; Bij\u0105 serca nasze m\u0142ode,<\/span><\/p>\n<p style=\"text-align: left;\"><span style=\"font-family: arial, helvetica, sans-serif;\">&nbsp; rado\u015b\u0107 nie\u015bmy i pogod\u0119.<\/span><br \/>\n<span style=\"font-family: arial, helvetica, sans-serif;\">&nbsp;<\/span><\/p>\n<p style=\"text-align: left;\"><span style=\"font-family: arial, helvetica, sans-serif;\">&nbsp; Refren:<\/span><\/p>\n<p style=\"text-align: left;\"><span style=\"font-family: arial, helvetica, sans-serif;\">&nbsp; Ta szko\u0142a, ta szko\u0142a<\/span><\/p>\n<p style=\"text-align: left;\"><span style=\"font-family: arial, helvetica, sans-serif;\">&nbsp; to nasza duma i cze\u015b\u0107.<\/span><\/p>\n<p style=\"text-align: left;\"><span style=\"font-family: arial, helvetica, sans-serif;\">&nbsp; My zawsze z honorem<\/span><\/p>\n<p style=\"text-align: left;\"><span style=\"font-family: arial, helvetica, sans-serif;\">&nbsp; b\u0119dziemy imi\u0119 jej nie\u015b\u0107.<\/span><\/p>\n<p>&nbsp;<\/p>\n<p style=\"text-align: left;\"><span style=\"font-family: arial, helvetica, sans-serif;\">&nbsp; 2. Ka\u017cdy ucze\u0144 w naszej szkole<\/span><\/p>\n<p style=\"text-align: left;\"><span style=\"font-family: arial, helvetica, sans-serif;\">&nbsp; pe\u0142ni wyj\u0105tkow\u0105 rol\u0119.<\/span><\/p>\n<p style=\"text-align: left;\"><span style=\"font-family: arial, helvetica, sans-serif;\">&nbsp; Integracja wa\u017cna sprawa,<\/span><\/p>\n<p style=\"text-align: left;\"><span style=\"font-family: arial, helvetica, sans-serif;\">&nbsp; w Tr\u00f3jce od lat to podstawa.<\/span><\/p>\n<p style=\"text-align: left;\"><span style=\"font-family: arial, helvetica, sans-serif;\">&nbsp;&nbsp;<\/span><\/p>\n<p style=\"text-align: left;\"><span style=\"font-family: arial, helvetica, sans-serif;\">&nbsp; Refren:<\/span><\/p>\n<p style=\"text-align: left;\"><span style=\"font-family: arial, helvetica, sans-serif;\">&nbsp; Ta szko\u0142a, ta szko\u0142a<\/span><\/p>\n<p style=\"text-align: left;\"><span style=\"font-family: arial, helvetica, sans-serif;\">&nbsp; to nasza duma i cze\u015b\u0107.<\/span><\/p>\n<p style=\"text-align: left;\"><span style=\"font-family: arial, helvetica, sans-serif;\">&nbsp; My zawsze z honorem<\/span><\/p>\n<p style=\"text-align: left;\"><span style=\"font-family: arial, helvetica, sans-serif;\">&nbsp; b\u0119dziemy imi\u0119 jej nie\u015b\u0107.<\/span><\/p>\n<p style=\"text-align: left;\">&nbsp;<\/p>\n<p style=\"text-align: left;\"><span style=\"font-family: arial, helvetica, sans-serif;\">&nbsp; 3. Jak sportowcy olimpijscy<\/span><\/p>\n<p style=\"text-align: left;\"><span style=\"font-family: arial, helvetica, sans-serif;\">&nbsp; pokonujmy s\u0142abo\u015b\u0107 wszyscy.<\/span><\/p>\n<p style=\"text-align: left;\"><span style=\"font-family: arial, helvetica, sans-serif;\">&nbsp; Nasz\u0105 si\u0142\u0105 jest wytrwa\u0142o\u015b\u0107,<\/span><\/p>\n<p style=\"text-align: left;\"><span style=\"font-family: arial, helvetica, sans-serif;\">&nbsp; pilno\u015b\u0107, praca i uczciwo\u015b\u0107.<\/span><\/p>\n<p style=\"text-align: left;\">&nbsp;<\/p>\n<p style=\"text-align: left;\"><span style=\"font-family: arial, helvetica, sans-serif;\">&nbsp; Refren:<\/span><\/p>\n<p style=\"text-align: left;\"><span style=\"font-family: arial, helvetica, sans-serif;\">&nbsp; Ta szko\u0142a, ta szko\u0142a<\/span><\/p>\n<p style=\"text-align: left;\"><span style=\"font-family: arial, helvetica, sans-serif;\">&nbsp; to nasza duma i cze\u015b\u0107.<\/span><\/p>\n<p style=\"text-align: left;\"><span style=\"font-family: arial, helvetica, sans-serif;\">&nbsp; My zawsze z honorem<\/span><\/p>\n<p style=\"text-align: left;\"><span style=\"font-family: arial, helvetica, sans-serif;\">&nbsp; b\u0119dziemy imi\u0119 jej nie\u015b\u0107.<\/span><\/p>\n<p style=\"text-align: left;\"><span style=\"font-family: arial, helvetica, sans-serif;\"><em>Hymn szko\u0142y powsta\u0142 w roku szkolnym 1976\/1977.<br \/>\n<\/em><em>Autork\u0105 tekstu 1. zwrotki oraz refrenu jest Renata Bonarska.<br \/>\n<\/em><em>Kolejne zwrotki hymnu zosta\u0142y u\u0142o\u017cone w kwietniu 2015 przez Ann\u0119 Wojtkowsk\u0105 &#8211; Wital\u0119 oraz Agnieszk\u0119 Szyma\u0144sk\u0105.&nbsp;<\/em><\/span><\/p>\n","protected":false},"excerpt":{"rendered":"<p>Hymn_szko\u0142y.mp3&nbsp; 1. Jak to pi\u0119knie \u015bpiewa\u0107 razem &nbsp; t\u0119 piosenk\u0119 szkole w darze. &nbsp; Bij\u0105 serca nasze m\u0142ode, &nbsp; rado\u015b\u0107 nie\u015bmy i pogod\u0119. &nbsp; &nbsp; Refren: &nbsp; Ta szko\u0142a, ta szko\u0142a &nbsp; to nasza duma i cze\u015b\u0107. &nbsp; My zawsze z honorem &nbsp; b\u0119dziemy imi\u0119 jej nie\u015b\u0107. &nbsp; &nbsp; 2. [&hellip;]<\/p>\n","protected":false},"author":2,"featured_media":0,"parent":3544,"menu_order":0,"comment_status":"closed","ping_status":"closed","template":"","meta":{"ngg_post_thumbnail":0},"_links":{"self":[{"href":"https:\/\/sp3.mikolow.eu\/index.php\/wp-json\/wp\/v2\/pages\/3669"}],"collection":[{"href":"https:\/\/sp3.mikolow.eu\/index.php\/wp-json\/wp\/v2\/pages"}],"about":[{"href":"https:\/\/sp3.mikolow.eu\/index.php\/wp-json\/wp\/v2\/types\/page"}],"author":[{"embeddable":true,"href":"https:\/\/sp3.mikolow.eu\/index.php\/wp-json\/wp\/v2\/users\/2"}],"replies":[{"embeddable":true,"href":"https:\/\/sp3.mikolow.eu\/index.php\/wp-json\/wp\/v2\/comments?post=3669"}],"version-history":[{"count":4,"href":"https:\/\/sp3.mikolow.eu\/index.php\/wp-json\/wp\/v2\/pages\/3669\/revisions"}],"predecessor-version":[{"id":9706,"href":"https:\/\/sp3.mikolow.eu\/index.php\/wp-json\/wp\/v2\/pages\/3669\/revisions\/9706"}],"up":[{"embeddable":true,"href":"https:\/\/sp3.mikolow.eu\/index.php\/wp-json\/wp\/v2\/pages\/3544"}],"wp:attachment":[{"href":"https:\/\/sp3.mikolow.eu\/index.php\/wp-json\/wp\/v2\/media?parent=3669"}],"curies":[{"name":"wp","href":"https:\/\/api.w.org\/{rel}","templated":true}]}}