{"id":3660,"date":"2022-07-28T06:07:28","date_gmt":"2022-07-28T06:07:28","guid":{"rendered":"https:\/\/sp3.mikolow.eu\/?page_id=3660"},"modified":"2023-12-19T19:40:12","modified_gmt":"2023-12-19T17:40:12","slug":"3660-2","status":"publish","type":"page","link":"https:\/\/sp3.mikolow.eu\/index.php\/o-szkole\/3660-2\/","title":{"rendered":"Patron"},"content":{"rendered":"<p><span style=\"font-family: arial, helvetica, sans-serif;\"><img loading=\"lazy\" class=\"wp-image-3661 size-full aligncenter\" src=\"https:\/\/sp3.mikolow.eu\/wp-content\/uploads\/2022\/07\/eduresized_kolka_olimpijskie.jpg\" alt=\"\" width=\"150\" height=\"80\"><\/span><\/p>\n<p><span style=\"font-family: arial, helvetica, sans-serif;\"><strong>UROCZYSTO\u015a\u0106&nbsp; NADANIA&nbsp; IMIENIA<\/strong><\/span><\/p>\n<p><span style=\"font-family: arial, helvetica, sans-serif;\">Dnia <strong>29 maja 2012<\/strong>r. w Szkole Podstawowej nr 3 z Oddzia\u0142ami Integracyjnymi w Miko\u0142owie odby\u0142a si\u0119 uroczysto\u015b\u0107 nadania szkole <strong>imienia Polskich Olimpijczyk\u00f3w<\/strong>.<\/span><\/p>\n<p><span style=\"font-family: arial, helvetica, sans-serif;\">Do tej wspania\u0142ej imprezy przygotowywali\u015bmy si\u0119 d\u0142ugi czas, podejmuj\u0105c szereg dzia\u0142a\u0144 \u2013 wyb\u00f3r imienia, zapoznanie dzieci z ide\u0105 olimpijsk\u0105, promowanie postaw wytrwa\u0142o\u015bci w d\u0105\u017ceniu do celu, uczciwej rywalizacji i zaanga\u017cowania \u2013 zgodnie z zasadami fair play.<\/span><\/p>\n<p><span style=\"font-family: arial, helvetica, sans-serif;\">Szczeg\u00f3lny dla naszej szko\u0142y dzie\u0144 rozpocz\u0105\u0142 si\u0119 msz\u0105 \u015bwi\u0119t\u0105 w Bazylice Mniejszej \u015bw. Wojciecha, kt\u00f3rej przewodniczy\u0142 proboszcz parafii ksi\u0105dz doktor <strong>Miros\u0142aw Godziek<\/strong>. Wtedy te\u017c mia\u0142a miejsce ceremonia po\u015bwi\u0119cenia sztandaru.<\/span><\/p>\n<p><span style=\"font-family: arial, helvetica, sans-serif;\">Uroczysto\u015b\u0107 u\u015bwietni\u0142y swoj\u0105 obecno\u015bci\u0105 w\u0142adze samorz\u0105dowe, kulturalne i o\u015bwiatowe, emerytowani dyrektorzy szko\u0142y, dyrektorzy miko\u0142owskich szk\u00f3\u0142, znani olimpijczycy: Krzysztof Mehlich (lekkoatleta, p\u0142otkarz), Ryszard Skowronek (lekkoatleta, dziesi\u0119cioboista), Janusz Kr\u0119\u017celok (biegacz narciarski), Damian Dacewicz (siatkarz), Czes\u0142aw Kwieci\u0144ski (zapa\u015bnik), Ewa Gryziecka \u2013 Kwieci\u0144ska (lekkoatletka), Sylwia Ja\u015bkowiec (biegaczka narciarska), Robert Krawczyk (judoka), Bronis\u0142aw Wo\u0142kowicz (judoka), a tak\u017ce inni znakomici go\u015bcie.<\/span><\/p>\n<p><span style=\"font-family: arial, helvetica, sans-serif;\">Po od\u015bpiewaniu hymnu pa\u0144stwowego pani dyrektor Aleksandra Blacha przywita\u0142a zebranych. Nast\u0119pnie przewodnicz\u0105cy Rady Miasta \u2013 pan Tadeusz Socha odczyta\u0142 akt nadania imienia szkole. Przedstawiciele Rady Rodzic\u00f3w wprowadzili sztandar i uroczy\u015bcie przekazali go pani dyrektor. Ta z kolei cenny dar z\u0142o\u017cy\u0142a na r\u0119ce uczni\u00f3w, kt\u00f3rzy zobowi\u0105zali si\u0119 dba\u0107 o jego honor i presti\u017c, Kolejnym punktem by\u0142 przygotowany przez m\u0142odzie\u017c program artystyczny, po\u015bwi\u0119cony historii igrzysk. M\u0142odzi aktorzy wprowadzili nas w magiczny \u015bwiat staro\u017cytnej Grecji, prezentuj\u0105c antyczne konkurencje: biegi, zapasy, skoki wy\u015bcigi rydwan\u00f3w oraz rzut dyskiem i oszczepem. Nast\u0119pnie wraz z m\u0142odzie\u017c\u0105 odkrywali\u015bmy histori\u0119 olimpijskich sukces\u00f3w Polak\u00f3w w czasach nowo\u017cytnych. Zobaczyli\u015bmy wspania\u0142e uk\u0142ady taneczne i gimnastyk\u0119 artystyczn\u0105. Ca\u0142\u0105 uroczysto\u015b\u0107 u\u015bwietni\u0142y pi\u0119kne dekoracje, piosenki i wiersze. Przedstawienie wzbudzi\u0142o zachwyt wszystkich zebranych. Uroczysto\u015b\u0107 zako\u0144czono od\u015bpiewaniem hymnu szko\u0142y. Uczniowie mieli r\u00f3wnie\u017c okazj\u0119 spotka\u0107 si\u0119 ze sportowcami, wys\u0142ucha\u0107 ich wspomnie\u0144, zada\u0107 pytania i zdoby\u0107 autograf.<\/span><\/p>\n<p><span style=\"font-family: arial, helvetica, sans-serif;\">Na zako\u0144czenie pani dyrektor zaprosi\u0142a go\u015bci do obejrzenie wystaw dotycz\u0105cych historii miko\u0142owskiej \u201eTr\u00f3jki\u201d oraz osi\u0105gni\u0119\u0107 uczni\u00f3w i absolwent\u00f3w szko\u0142y.<\/span><\/p>\n<p><span style=\"font-family: arial, helvetica, sans-serif;\">Zorganizownie tak wspania\u0142ej imprezy by\u0142o mo\u017cliwe dzi\u0119ki zaanga\u017cowaniu ca\u0142ej spo\u0142eczno\u015bci szkolnej i przychylno\u015bci sponsor\u00f3w. Szczeg\u00f3lne podzi\u0119kowania kierujemy w stron\u0119: <em>TOUS <\/em>Polska sp. z o.o., studio graficzno \u2013 filmowe Grzegorz Rak, <em>Fortuna Polska<\/em>, drukarnia \u201e<em>Tolek<\/em>\u201d im. Karola Miarki, Rada Rodzic\u00f3w Szko\u0142y Podstawowej nr 3 z Oddzia\u0142ami Integracyjnymi, <em>Profesja. eu<\/em> \u2013 agencja reklamowa i drukarnia, <i>Shift.s.c. <\/i>Sylwia Dera, Marcin Minakowski, us\u0142ugi poligraficzno \u2013 reklamowe <em>Pasja<\/em>, sponsorzy prywatni. &nbsp;&nbsp;&nbsp;&nbsp;&nbsp;&nbsp;&nbsp;&nbsp;&nbsp;&nbsp;&nbsp;<\/span><\/p>\n<p style=\"text-align: center;\"><span style=\"font-family: arial, helvetica, sans-serif;\">A. St\u0119pie\u0144&nbsp;<\/span><\/p>\n<p><span style=\"font-family: arial, helvetica, sans-serif;\"><img loading=\"lazy\" class=\"aligncenter wp-image-3662 size-full\" src=\"https:\/\/sp3.mikolow.eu\/wp-content\/uploads\/2022\/07\/img058.jpg\" alt=\"zdj\u0119cie ma charakter promocyjny, nie jest wykorzystywane do realizacji bie\u017c\u0105cych zada\u0144\" width=\"480\" height=\"318\" srcset=\"https:\/\/sp3.mikolow.eu\/wp-content\/uploads\/2022\/07\/img058.jpg 480w, https:\/\/sp3.mikolow.eu\/wp-content\/uploads\/2022\/07\/img058-300x199.jpg 300w\" sizes=\"(max-width: 480px) 100vw, 480px\" \/><\/span><\/p>\n<hr>\n<p><span style=\"font-family: arial, helvetica, sans-serif;\"><strong><br \/>\nPRZYGOTOWANIA DO UROCZYSTO\u015aCI NADANIA SZKOLE IMIENIA \u201ePOLSKICH OLIMPIJCZYK\u00d3W\u201d<\/strong><\/span><\/p>\n<p><span style=\"font-family: arial, helvetica, sans-serif;\">W&nbsp;roku 2010\/2011 ca\u0142a spo\u0142eczno\u015b\u0107 szkolna (nauczyciele, rodzice oraz uczniowie) w&nbsp;g\u0142osowaniu wybra\u0142a propozycj\u0119 imienia, kt\u00f3re b\u0119dzie nosi\u0142a nasza szko\u0142a. Zdecydowana wi\u0119kszo\u015b\u0107 wybra\u0142a imi\u0119 \u201ePolskich Olimpijczyk\u00f3w\u201d. W kolejnym&nbsp;roku szkolnym przygotowywali\u015bmy&nbsp;si\u0119 do uroczysto\u015bci nadania szkole imienia, kt\u00f3ra odby\u0142a si\u0119 <strong>29 maja 2012 roku.<\/strong> Rok szkolny 2011\/2012 pozostanie dla naszej miko\u0142owskiej \u201eTr\u00f3jki\u201d rokiem szczeg\u00f3lnym.<\/span><\/p>\n<p><span style=\"font-family: arial, helvetica, sans-serif;\"><strong>Uzasadnienie propozycji nadania imienia \u201ePolskich Olimpijczyk\u00f3w\u201d:<\/strong><\/span><\/p>\n<ol>\n<li><span style=\"font-family: arial, helvetica, sans-serif;\">Nazwa ma charakter uniwersalny.<\/span><\/li>\n<li><span style=\"font-family: arial, helvetica, sans-serif;\">Odnosi si\u0119 do ludzi wybitnych, zas\u0142u\u017conych dla Polski; w tym gronie znajduj\u0105 si\u0119 r\u00f3wnie\u017c sportowcy niepe\u0142nosprawni, co koresponduje z integracyjnym charakterem naszej szko\u0142y.<\/span><\/li>\n<li><span style=\"font-family: arial, helvetica, sans-serif;\">W gronie polskich Olimpijczyk\u00f3w, opr\u00f3cz postaci historycznych, s\u0105 r\u00f3wnie\u017c osoby, z&nbsp;kt\u00f3rymi b\u0119dzie mo\u017cna nawi\u0105za\u0107 kontakt, ewentualnie zaprosi\u0107 do naszej szko\u0142y.<\/span><\/li>\n<li><span style=\"font-family: arial, helvetica, sans-serif;\">Nazwa ma charakter otwarty, grono Olimpijczyk\u00f3w ci\u0105gle si\u0119 powi\u0119ksza, st\u0105d praca wychowawcza zwi\u0105zana z nazw\u0105 szko\u0142y w zasadzie nigdy si\u0119 nie sko\u0144czy.<\/span><\/li>\n<li><span style=\"font-family: arial, helvetica, sans-serif;\">Olimpijczycy stanowi\u0105 dla nas wz\u00f3r, stwarzaj\u0105 r\u00f3wnie\u017c mo\u017cliwo\u015b\u0107 samodzielnego wyboru autorytetu przez naszych uczni\u00f3w.<\/span><\/li>\n<li><span style=\"font-family: arial, helvetica, sans-serif;\">Uczniowie poznaj\u0105 warto\u015bci takie, jak: prawdom\u00f3wno\u015b\u0107, uczciwo\u015b\u0107, wiara w&nbsp;zwyci\u0119stwo, poszanowanie godno\u015bci drugiego cz\u0142owieka, ucz\u0105 si\u0119 szacunku wobec uniwersalnych zasad etycznych oraz respektowania zasad fair \u2013play w \u017cyciu.<\/span><\/li>\n<\/ol>\n","protected":false},"excerpt":{"rendered":"<p>UROCZYSTO\u015a\u0106&nbsp; NADANIA&nbsp; IMIENIA Dnia 29 maja 2012r. w Szkole Podstawowej nr 3 z Oddzia\u0142ami Integracyjnymi w Miko\u0142owie odby\u0142a si\u0119 uroczysto\u015b\u0107 nadania szkole imienia Polskich Olimpijczyk\u00f3w. Do tej wspania\u0142ej imprezy przygotowywali\u015bmy si\u0119 d\u0142ugi czas, podejmuj\u0105c szereg dzia\u0142a\u0144 \u2013 wyb\u00f3r imienia, zapoznanie dzieci z ide\u0105 olimpijsk\u0105, promowanie postaw wytrwa\u0142o\u015bci w d\u0105\u017ceniu do [&hellip;]<\/p>\n","protected":false},"author":2,"featured_media":0,"parent":3544,"menu_order":0,"comment_status":"closed","ping_status":"closed","template":"","meta":{"ngg_post_thumbnail":0},"_links":{"self":[{"href":"https:\/\/sp3.mikolow.eu\/index.php\/wp-json\/wp\/v2\/pages\/3660"}],"collection":[{"href":"https:\/\/sp3.mikolow.eu\/index.php\/wp-json\/wp\/v2\/pages"}],"about":[{"href":"https:\/\/sp3.mikolow.eu\/index.php\/wp-json\/wp\/v2\/types\/page"}],"author":[{"embeddable":true,"href":"https:\/\/sp3.mikolow.eu\/index.php\/wp-json\/wp\/v2\/users\/2"}],"replies":[{"embeddable":true,"href":"https:\/\/sp3.mikolow.eu\/index.php\/wp-json\/wp\/v2\/comments?post=3660"}],"version-history":[{"count":9,"href":"https:\/\/sp3.mikolow.eu\/index.php\/wp-json\/wp\/v2\/pages\/3660\/revisions"}],"predecessor-version":[{"id":7525,"href":"https:\/\/sp3.mikolow.eu\/index.php\/wp-json\/wp\/v2\/pages\/3660\/revisions\/7525"}],"up":[{"embeddable":true,"href":"https:\/\/sp3.mikolow.eu\/index.php\/wp-json\/wp\/v2\/pages\/3544"}],"wp:attachment":[{"href":"https:\/\/sp3.mikolow.eu\/index.php\/wp-json\/wp\/v2\/media?parent=3660"}],"curies":[{"name":"wp","href":"https:\/\/api.w.org\/{rel}","templated":true}]}}