{"id":3554,"date":"2022-07-05T06:06:37","date_gmt":"2022-07-05T06:06:37","guid":{"rendered":"https:\/\/sp3.mikolow.eu\/?page_id=3554"},"modified":"2023-12-19T19:43:51","modified_gmt":"2023-12-19T17:43:51","slug":"swietlica","status":"publish","type":"page","link":"https:\/\/sp3.mikolow.eu\/index.php\/swietlica\/","title":{"rendered":"\u015awietlica"},"content":{"rendered":"<p style=\"text-align: center;\"><span style=\"color: #ff6600; font-size: 18pt; font-family: arial, helvetica, sans-serif;\"><strong>\u015aWIETLICA ZAPRASZA<\/strong><\/span><\/p>\n<p style=\"text-align: center;\"><span style=\"font-family: arial, helvetica, sans-serif;\"><strong>uczni\u00f3w klas 1-8,<\/strong><\/span><\/p>\n<p style=\"text-align: center;\"><span style=\"font-family: arial, helvetica, sans-serif;\"><strong>uczni\u00f3w czekaj\u0105cych na dodatkowe zaj\u0119cia pozalekcyjne<\/strong><\/span><\/p>\n<p style=\"text-align: center;\"><span style=\"font-family: arial, helvetica, sans-serif;\"><strong>uczni\u00f3w nie ucz\u0119szczaj\u0105cych na lekcje religii i tych kt\u00f3rzy chc\u0105 u nas sp\u0119dzi\u0107 czas wolny&nbsp;<\/strong><\/span><\/p>\n<p style=\"text-align: center;\">&nbsp;<\/p>\n<p style=\"text-align: center;\"><span style=\"font-size: 14pt; color: #3366ff; font-family: arial, helvetica, sans-serif;\"><strong>CODZIENNIE OD 7.00 DO 16.30<\/strong><\/span><\/p>\n<p style=\"text-align: center;\"><span style=\"font-size: 14pt; color: #3366ff; font-family: arial, helvetica, sans-serif;\"><strong>W NASZEJ \u015aWIETLICY JAK W DOMU&nbsp; <\/strong><\/span><\/p>\n<p style=\"text-align: center;\"><span style=\"font-size: 14pt; color: #ff6600; font-family: arial, helvetica, sans-serif;\"><strong>CIEP\u0141O <\/strong><\/span><\/p>\n<p style=\"text-align: center;\"><span style=\"font-size: 14pt; color: #ff6600; font-family: arial, helvetica, sans-serif;\"><strong>\u017bYCZLIWIE <\/strong><\/span><\/p>\n<p style=\"text-align: center;\"><span style=\"font-size: 14pt; color: #ff6600; font-family: arial, helvetica, sans-serif;\"><strong>BEZPIECZNIE<\/strong><\/span><\/p>\n<p style=\"text-align: center;\"><span style=\"font-family: arial, helvetica, sans-serif;\"><strong>Je\u015bli chcesz:<\/strong><\/span><\/p>\n<p style=\"text-align: center;\"><span style=\"font-family: arial, helvetica, sans-serif;\">odrobi\u0107 lekcje<\/span><\/p>\n<p style=\"text-align: center;\"><span style=\"font-family: arial, helvetica, sans-serif;\">zasi\u0119gn\u0105\u0107 porady nauczyciela<\/span><\/p>\n<p style=\"text-align: center;\"><span style=\"font-family: arial, helvetica, sans-serif;\">przyjemnie sp\u0119dzi\u0107 czas wolny<\/span><\/p>\n<p style=\"text-align: center;\"><span style=\"font-family: arial, helvetica, sans-serif;\">uczestniczy\u0107 w r\u00f3\u017cnych zaj\u0119ciach<\/span><\/p>\n<p style=\"text-align: center;\"><span style=\"font-family: arial, helvetica, sans-serif;\">porozmawia\u0107 z kolegami<\/span><\/p>\n<p style=\"text-align: center;\"><span style=\"font-family: arial, helvetica, sans-serif;\"><strong>&#8230; przyjd\u017a do nas!<\/strong><\/span><\/p>\n<p><span style=\"font-family: arial, helvetica, sans-serif;\">&nbsp; &nbsp; &nbsp; &nbsp; &nbsp; &nbsp; &nbsp; &nbsp; &nbsp; &nbsp; &nbsp; &nbsp; &nbsp; &nbsp; &nbsp; &nbsp; &nbsp; &nbsp; &nbsp; &nbsp; &nbsp; &nbsp; &nbsp; &nbsp; &nbsp; &nbsp; &nbsp; &nbsp; &nbsp; &nbsp;<img src=\"https:\/\/www.gify.net\/data\/media\/278\/slonce-ruchomy-obrazek-0230.gif\" alt=\"slonce-ruchomy-obrazek-0230\"><img src=\"https:\/\/www.gify.net\/data\/media\/278\/slonce-ruchomy-obrazek-0230.gif\" alt=\"slonce-ruchomy-obrazek-0230\"><img src=\"https:\/\/www.gify.net\/data\/media\/278\/slonce-ruchomy-obrazek-0230.gif\" alt=\"slonce-ruchomy-obrazek-0230\"><img src=\"https:\/\/www.gify.net\/data\/media\/278\/slonce-ruchomy-obrazek-0230.gif\" alt=\"slonce-ruchomy-obrazek-0230\"><img src=\"https:\/\/www.gify.net\/data\/media\/278\/slonce-ruchomy-obrazek-0230.gif\" alt=\"slonce-ruchomy-obrazek-0230\"><\/span><\/p>\n<p>&nbsp;<\/p>\n<p style=\"text-align: center;\"><span style=\"font-size: 14pt; color: #800080; font-family: arial, helvetica, sans-serif;\">W ramach pracy \u015bwietlicy organizowane s\u0105 zaj\u0119cia plastyczne, muzyczne, sportowe, taneczne&nbsp;<\/span><br \/>\n<span style=\"font-size: 14pt; color: #800080; font-family: arial, helvetica, sans-serif;\">i robotyka. Celem zaj\u0119\u0107 jest umo\u017cliwienie dzieciom wszechstronnego rozwoju. Udzia\u0142 dzieci&nbsp;<\/span><br \/>\n<span style=\"font-size: 14pt; color: #800080; font-family: arial, helvetica, sans-serif;\">w zaj\u0119ciach jest uzale\u017cniony o szkolnego planu lekcji.<\/span><\/p>\n<p style=\"text-align: center;\"><span style=\"font-family: arial, helvetica, sans-serif;\"><strong>Godziny pracy kierownika \u015bwietlicy<\/strong><\/span><\/p>\n<table class=\" aligncenter\" style=\"width: 48.5051%; height: 33px;\">\n<tbody>\n<tr>\n<td style=\"width: 29.106%;\"><span style=\"font-family: arial, helvetica, sans-serif;\"><strong>PONIEDZIA\u0141EK<\/strong><\/span><\/td>\n<td style=\"width: 17.2557%;\"><span style=\"font-family: arial, helvetica, sans-serif;\"><strong>WTOREK<\/strong><\/span><\/td>\n<td style=\"width: 13.7214%;\"><span style=\"font-family: arial, helvetica, sans-serif;\"><strong>\u015aRODA<\/strong><\/span><\/td>\n<td style=\"width: 21.8295%;\"><span style=\"font-family: arial, helvetica, sans-serif;\"><strong>CZWARTEK<\/strong><\/span><\/td>\n<td style=\"width: 14.553%;\"><span style=\"font-family: arial, helvetica, sans-serif;\"><strong>PI\u0104TEK<\/strong><\/span><\/td>\n<\/tr>\n<\/tbody>\n<\/table>\n<p style=\"text-align: center;\"><span style=\"font-family: arial, helvetica, sans-serif;\"><strong><br \/>\nkierownik \u015bwietlicy:<br \/>\n<\/strong><span style=\"color: #3366ff;\">mgr Beata Durska<\/span><strong><br \/>\n<\/strong><strong>wychowawcy:<\/strong><\/span><br \/>\n<span style=\"font-family: arial, helvetica, sans-serif;\"><span style=\"color: #3366ff;\">mgr Monika Kaczmarek<br \/>\nmgr Monika Kulig<br \/>\nmgr Anna Kaniewska<br \/>\nmgr Zofia Wierzbi\u0144ska<br \/>\n<\/span><span style=\"color: #3366ff;\">Jolanta Meyer<\/span><\/span><\/p>\n","protected":false},"excerpt":{"rendered":"<p>\u015aWIETLICA ZAPRASZA uczni\u00f3w klas 1-8, uczni\u00f3w czekaj\u0105cych na dodatkowe zaj\u0119cia pozalekcyjne uczni\u00f3w nie ucz\u0119szczaj\u0105cych na lekcje religii i tych kt\u00f3rzy chc\u0105 u nas sp\u0119dzi\u0107 czas wolny&nbsp; &nbsp; CODZIENNIE OD 7.00 DO 16.30 W NASZEJ \u015aWIETLICY JAK W DOMU&nbsp; CIEP\u0141O \u017bYCZLIWIE BEZPIECZNIE Je\u015bli chcesz: odrobi\u0107 lekcje zasi\u0119gn\u0105\u0107 porady nauczyciela przyjemnie sp\u0119dzi\u0107 [&hellip;]<\/p>\n","protected":false},"author":2,"featured_media":0,"parent":0,"menu_order":0,"comment_status":"closed","ping_status":"closed","template":"","meta":{"ngg_post_thumbnail":0},"_links":{"self":[{"href":"https:\/\/sp3.mikolow.eu\/index.php\/wp-json\/wp\/v2\/pages\/3554"}],"collection":[{"href":"https:\/\/sp3.mikolow.eu\/index.php\/wp-json\/wp\/v2\/pages"}],"about":[{"href":"https:\/\/sp3.mikolow.eu\/index.php\/wp-json\/wp\/v2\/types\/page"}],"author":[{"embeddable":true,"href":"https:\/\/sp3.mikolow.eu\/index.php\/wp-json\/wp\/v2\/users\/2"}],"replies":[{"embeddable":true,"href":"https:\/\/sp3.mikolow.eu\/index.php\/wp-json\/wp\/v2\/comments?post=3554"}],"version-history":[{"count":15,"href":"https:\/\/sp3.mikolow.eu\/index.php\/wp-json\/wp\/v2\/pages\/3554\/revisions"}],"predecessor-version":[{"id":7543,"href":"https:\/\/sp3.mikolow.eu\/index.php\/wp-json\/wp\/v2\/pages\/3554\/revisions\/7543"}],"wp:attachment":[{"href":"https:\/\/sp3.mikolow.eu\/index.php\/wp-json\/wp\/v2\/media?parent=3554"}],"curies":[{"name":"wp","href":"https:\/\/api.w.org\/{rel}","templated":true}]}}