{"id":3550,"date":"2022-07-05T06:06:12","date_gmt":"2022-07-05T06:06:12","guid":{"rendered":"https:\/\/sp3.mikolow.eu\/?page_id=3550"},"modified":"2026-01-22T12:20:12","modified_gmt":"2026-01-22T11:20:12","slug":"kadra","status":"publish","type":"page","link":"https:\/\/sp3.mikolow.eu\/index.php\/kadra\/","title":{"rendered":"Kadra"},"content":{"rendered":"<p><span style=\"color: #008000; font-size: 14pt; font-family: arial, helvetica, sans-serif;\"><strong>Dyrektor<\/strong><\/span><\/p>\n<p><span style=\"font-family: arial, helvetica, sans-serif;\"><strong>mgr Barbara Juskowiak<\/strong><\/span><\/p>\n<p><span style=\"color: #008000; font-family: arial, helvetica, sans-serif;\"><strong>Wicedyrektorzy<\/strong><\/span><\/p>\n<p><span style=\"font-family: arial, helvetica, sans-serif;\"><strong>mgr Katarzyna Kluj<br \/>\nmgr Piotr Wajda<\/strong><\/span><\/p>\n<p><span style=\"color: #008000; font-family: arial, helvetica, sans-serif;\"><strong>Kierownik \u015bwietlicy<\/strong><\/span><\/p>\n<p><span style=\"font-family: arial, helvetica, sans-serif;\"><strong>mgr Beata Durska<\/strong><\/span><\/p>\n<p><span style=\"color: #008000; font-family: arial, helvetica, sans-serif;\"><strong>NAUCZYCIELE:<\/strong><\/span><\/p>\n<table>\n<tbody>\n<tr>\n<td width=\"321\"><span style=\"font-family: arial, helvetica, sans-serif;\">mgr Bo\u017cena Babczy\u0144ska-Olszewska<\/span><\/p>\n<p><span style=\"font-family: arial, helvetica, sans-serif;\">mgr Ewa Klenart<\/span><\/p>\n<p><span style=\"font-family: arial, helvetica, sans-serif;\">mgr Karolina Kozubek<\/span><\/p>\n<p><span style=\"font-family: arial, helvetica, sans-serif;\">mgr Urszula Michna<\/span><\/p>\n<p><span style=\"font-family: arial, helvetica, sans-serif;\">mgr Teresa Moskal<\/span><\/p>\n<p><span style=\"font-family: arial, helvetica, sans-serif;\">mgr Justyna Nieradzik<\/span><\/p>\n<p><span style=\"font-family: arial, helvetica, sans-serif;\">mgr Sara \u015awi\u0119ci\u0144ska<\/span><\/p>\n<p><span style=\"font-family: arial, helvetica, sans-serif;\">mgr Danuta Skrobol<\/span><\/p>\n<p><span style=\"font-family: arial, helvetica, sans-serif;\">mgr Agnieszka Byrtek-Zdebel<\/span><\/p>\n<p><span style=\"font-family: arial, helvetica, sans-serif;\">mgr Joanna Mazur<\/span><\/p>\n<p><span style=\"font-family: arial, helvetica, sans-serif;\">mgr Magdalenia Wieczorek-Kusiak<\/span><\/td>\n<td style=\"text-align: left;\" width=\"283\"><span style=\"font-family: arial, helvetica, sans-serif;\">edukacja wczesnoszkolna<\/span><\/td>\n<\/tr>\n<tr>\n<td width=\"321\"><span style=\"font-family: arial, helvetica, sans-serif;\">mgr Aleksandra St\u0119pie\u0144<\/span><\/p>\n<p><span style=\"font-family: arial, helvetica, sans-serif;\">mgr Agnieszka Szyma\u0144ska<\/span><\/p>\n<p><span style=\"font-family: arial, helvetica, sans-serif;\">mgr Felicja Wr\u00f3blewska<\/span><\/p>\n<p><span style=\"font-family: arial, helvetica, sans-serif;\">mgr Katarzyna Popio\u0142ek<\/span><\/td>\n<td style=\"text-align: left;\" width=\"283\"><span style=\"font-family: arial, helvetica, sans-serif;\">j\u0119zyk polski<\/span><\/td>\n<\/tr>\n<tr>\n<td width=\"321\"><span style=\"font-family: arial, helvetica, sans-serif;\">mgr Barbara Bojdo\u0142<\/span><\/p>\n<p><span style=\"font-family: arial, helvetica, sans-serif;\">mgr Ewelina Kaczmarek<\/span><\/p>\n<p><span style=\"font-family: arial, helvetica, sans-serif;\">mgr Anna Majcher<\/span><\/p>\n<p><span style=\"font-family: arial, helvetica, sans-serif;\">mgr Izabela Poloczek<\/span><\/p>\n<p><span style=\"font-family: arial, helvetica, sans-serif;\">mgr Barbara Rak<\/span><\/p>\n<p><span style=\"font-family: arial, helvetica, sans-serif;\">mgr Sabrina Spyra &#8211; Marciniak<\/span><\/td>\n<td style=\"text-align: left;\" width=\"283\"><span style=\"font-family: arial, helvetica, sans-serif;\">j\u0119zyk angielski<\/span><\/td>\n<\/tr>\n<tr>\n<td width=\"321\"><span style=\"font-family: arial, helvetica, sans-serif;\">mgr Lucyna P\u0142onka<\/span><\/td>\n<td style=\"text-align: left;\" width=\"283\"><span style=\"font-family: arial, helvetica, sans-serif;\">j\u0119zyk niemiecki<\/span><\/td>\n<\/tr>\n<tr>\n<td width=\"321\"><span style=\"font-family: arial, helvetica, sans-serif;\">mgr Joanna Szombara<\/span><\/p>\n<p><span style=\"font-family: arial, helvetica, sans-serif;\">mgr Wioletta Wojnarowicz<\/span><\/td>\n<td style=\"text-align: left;\" width=\"283\"><span style=\"font-family: arial, helvetica, sans-serif;\">historia<\/span><\/td>\n<\/tr>\n<tr>\n<td><span style=\"font-family: arial, helvetica, sans-serif;\">mgr Joanna Szombara<\/span><\/td>\n<td style=\"text-align: left;\"><span style=\"font-family: arial, helvetica, sans-serif;\">WOS<\/span><\/td>\n<\/tr>\n<tr>\n<td width=\"321\"><span style=\"font-family: arial, helvetica, sans-serif;\">mgr Aleksandra Lesiecka<\/span><\/p>\n<p><span style=\"font-family: arial, helvetica, sans-serif;\">mgr Katarzyna Ro\u017cek<\/span><\/p>\n<p><span style=\"font-family: arial, helvetica, sans-serif;\">mgr Bartosz T\u0142ok<\/span><\/p>\n<p><span style=\"font-family: arial, helvetica, sans-serif;\">mgr in\u017c. Leszek Woli\u0144ski<\/span><\/p>\n<p><span style=\"font-family: arial, helvetica, sans-serif;\">mgr Celina Badziura<\/span><\/td>\n<td style=\"text-align: left;\" width=\"283\"><span style=\"font-family: arial, helvetica, sans-serif;\">matematyka<\/span><\/td>\n<\/tr>\n<tr>\n<td width=\"321\"><span style=\"font-family: arial, helvetica, sans-serif;\">mgr Krzysztof Ka\u0142u\u017cny<\/span><\/p>\n<p><span style=\"font-family: arial, helvetica, sans-serif;\">mgr Katarzyna Ro\u017cek<\/span><\/p>\n<p><span style=\"font-family: arial, helvetica, sans-serif;\">mgr B\u0142a\u017cej Wojciechowski<\/span><\/td>\n<td style=\"text-align: left;\" width=\"283\"><span style=\"font-family: arial, helvetica, sans-serif;\">informatyka<\/span><\/td>\n<\/tr>\n<tr>\n<td width=\"321\"><span style=\"font-family: arial, helvetica, sans-serif;\">mgr Zuzanna Kubacz<\/span><\/td>\n<td style=\"text-align: left;\" width=\"283\"><span style=\"font-family: arial, helvetica, sans-serif;\">przyroda, biologia<\/span><\/td>\n<\/tr>\n<tr>\n<td width=\"321\"><span style=\"font-family: arial, helvetica, sans-serif;\">mgr Monika Szekiel &#8211; Mnich<\/span><\/td>\n<td style=\"text-align: left;\" width=\"283\"><span style=\"font-family: arial, helvetica, sans-serif;\">przyroda, geografia<\/span><\/td>\n<\/tr>\n<tr>\n<td width=\"321\"><span style=\"font-family: arial, helvetica, sans-serif;\">mgr Katarzyna Polczyk<\/span><\/td>\n<td style=\"text-align: left;\" width=\"283\"><span style=\"font-family: arial, helvetica, sans-serif;\">chemia<\/span><\/td>\n<\/tr>\n<tr>\n<td width=\"321\"><span style=\"font-family: arial, helvetica, sans-serif;\">mgr Katarzyna Ro\u017cek<\/span><\/td>\n<td style=\"text-align: left;\" width=\"283\"><span style=\"font-family: arial, helvetica, sans-serif;\">fizyka<\/span><\/td>\n<\/tr>\n<tr>\n<td width=\"321\"><span style=\"font-family: arial, helvetica, sans-serif;\">mgr Magdalena Grabowska<\/span><\/td>\n<td style=\"text-align: left;\" width=\"283\"><span style=\"font-family: arial, helvetica, sans-serif;\">muzyka<\/span><\/td>\n<\/tr>\n<tr>\n<td width=\"321\"><span style=\"font-family: arial, helvetica, sans-serif;\">mgr Barbara Juskowiak<\/span><\/p>\n<p><span style=\"font-family: arial, helvetica, sans-serif;\">mgr Ma\u0142gorzata Olesi\u0144ska<\/span><\/p>\n<p><span style=\"font-family: arial, helvetica, sans-serif;\">mgr Magdalena Grabowska<\/span><\/td>\n<td style=\"text-align: left;\" width=\"283\"><span style=\"font-family: arial, helvetica, sans-serif;\">plastyka<\/span><\/td>\n<\/tr>\n<tr>\n<td width=\"321\"><span style=\"font-family: arial, helvetica, sans-serif;\">mgr Ma\u0142gorzata Olesi\u0144ska<\/span><\/td>\n<td style=\"text-align: left;\" width=\"283\"><span style=\"font-family: arial, helvetica, sans-serif;\">technika<\/span><\/td>\n<\/tr>\n<tr>\n<td width=\"321\"><span style=\"font-family: arial, helvetica, sans-serif;\">mgr Micha\u0142 Dobrzy\u0144ski<\/span><\/p>\n<p><span style=\"font-family: arial, helvetica, sans-serif;\">mgr Anna Bonk<\/span><\/p>\n<p><span style=\"font-family: arial, helvetica, sans-serif;\">mgr Marta Syryjczyk<\/span><\/p>\n<p><span style=\"font-family: arial, helvetica, sans-serif;\">mgr Piotr Wajda<\/span><\/p>\n<p><span style=\"font-family: arial, helvetica, sans-serif;\">mgr Zbigniew D\u0142ugaj<\/span><\/td>\n<td style=\"text-align: left;\" width=\"283\"><span style=\"font-family: arial, helvetica, sans-serif;\">wychowanie fizyczne<\/span><\/td>\n<\/tr>\n<tr>\n<td width=\"321\"><span style=\"font-family: arial, helvetica, sans-serif;\">mgr Beata Durska<\/span><\/p>\n<p><span style=\"font-family: arial, helvetica, sans-serif;\">mgr Anna Kaniewska<\/span><\/p>\n<p><span style=\"font-family: arial, helvetica, sans-serif;\">mgr Monika Kaczmarek<\/span><\/p>\n<p><span style=\"font-family: arial, helvetica, sans-serif;\">mgr Monika Kulig<\/span><\/p>\n<p><span style=\"font-family: arial, helvetica, sans-serif;\">mgr Magdalena Grabowska<\/span><\/p>\n<p><span style=\"font-family: arial, helvetica, sans-serif;\">mgr Ma\u0142gorzata Olesi\u0144ska<\/span><\/p>\n<p><span style=\"font-family: arial, helvetica, sans-serif;\">mgr Joanna Ferdyn<\/span><\/p>\n<p><span style=\"font-family: arial, helvetica, sans-serif;\">mgr Monika Szekiel &#8211; Mnich<\/span><\/p>\n<p><span style=\"font-family: arial, helvetica, sans-serif;\">mgr Justyna Nieradzik<\/span><\/p>\n<p><span style=\"font-family: arial, helvetica, sans-serif;\">mgr Barbara Juskowiak<\/span><\/p>\n<p><span style=\"font-family: arial, helvetica, sans-serif;\">s. Vianea- Anna Bigos<\/span><\/td>\n<td style=\"text-align: left;\" width=\"283\"><span style=\"font-family: arial, helvetica, sans-serif;\">wychowawcy&nbsp;\u015bwietlicy<\/span><\/td>\n<\/tr>\n<tr>\n<td width=\"321\"><span style=\"font-family: arial, helvetica, sans-serif;\">mgr El\u017cbieta Wuwer \u2013 Adamczyk<\/span><\/td>\n<td style=\"text-align: left;\" width=\"283\"><span style=\"font-family: arial, helvetica, sans-serif;\">pedagog szkolny<\/span><\/td>\n<\/tr>\n<tr>\n<td width=\"321\"><span style=\"font-family: arial, helvetica, sans-serif;\">mgr Joanna Maciejewska<\/span><\/p>\n<p><span style=\"font-family: arial, helvetica, sans-serif;\">mgr Hanna Basta<\/span><\/td>\n<td style=\"text-align: left;\" width=\"283\"><span style=\"font-family: arial, helvetica, sans-serif;\">psycholog szkolny<\/span><\/td>\n<\/tr>\n<tr>\n<td width=\"321\"><span style=\"font-family: arial, helvetica, sans-serif;\">mgr El\u017cbieta Bijak<\/span><\/p>\n<p><span style=\"font-family: arial, helvetica, sans-serif;\">mgr El\u017cbieta Wuwer \u2013 Adamczyk<\/span><\/td>\n<td style=\"text-align: left;\" width=\"283\"><span style=\"font-family: arial, helvetica, sans-serif;\">logopeda<\/span><\/td>\n<\/tr>\n<tr>\n<td><span style=\"font-family: arial, helvetica, sans-serif;\">lic Marta Walczak<\/span><\/p>\n<p><span style=\"font-family: arial, helvetica, sans-serif;\">mgr Karolina Pijar<\/span><\/td>\n<td style=\"text-align: left;\"><span style=\"font-family: arial, helvetica, sans-serif;\">pedagog specjanlny<\/span><\/td>\n<\/tr>\n<tr>\n<td width=\"321\"><span style=\"font-family: arial, helvetica, sans-serif;\">mgr El\u017cbieta Jele\u0144<\/span><\/p>\n<p><span style=\"font-family: arial, helvetica, sans-serif;\">mgr Katarzyna Kluj<\/span><\/p>\n<p><span style=\"font-family: arial, helvetica, sans-serif;\">mgr Aleksandra Lewandowska<\/span><\/p>\n<p><span style=\"font-family: arial, helvetica, sans-serif;\">mgr Mirela Nikolussi &#8211; Malicka<\/span><\/p>\n<p><span style=\"font-family: arial, helvetica, sans-serif;\">mgr Karolina Pijar<\/span><\/p>\n<p><span style=\"font-family: arial, helvetica, sans-serif;\">mgr Monika Prysak<\/span><\/p>\n<p><span style=\"font-family: arial, helvetica, sans-serif;\">mgr Marzena Sato\u0142a<\/span><\/p>\n<p><span style=\"font-family: arial, helvetica, sans-serif;\">mgr Karina Sornek<\/span><\/p>\n<p><span style=\"font-family: arial, helvetica, sans-serif;\">mgr Anita Stoi\u0144ska<\/span><\/p>\n<p><span style=\"font-family: arial, helvetica, sans-serif;\">lic. Marta Walczak<\/span><\/p>\n<p><span style=\"font-family: arial, helvetica, sans-serif;\">mgr Magdalena Wieczorek \u2013 Kusiak<\/span><\/p>\n<p><span style=\"font-family: arial, helvetica, sans-serif;\">mgr Sabina \u017bmija<\/span><\/p>\n<p><span style=\"font-family: arial, helvetica, sans-serif;\">mgr Aleksandra Rak<\/span><\/p>\n<p><span style=\"font-family: arial, helvetica, sans-serif;\">mgr Izabela Markiel<\/span><\/p>\n<p><span style=\"font-family: arial, helvetica, sans-serif;\">mgr Klaudia Chudyka<\/span><\/p>\n<p><span style=\"font-family: arial, helvetica, sans-serif;\">mgr Justyna Janta<\/span><\/p>\n<p><span style=\"font-family: arial, helvetica, sans-serif;\">mgr Julia Mi\u0142aszewska<\/span><\/td>\n<td style=\"text-align: left;\" width=\"283\"><span style=\"font-family: arial, helvetica, sans-serif;\">nauczyciel wspomagaj\u0105cy<\/span><\/td>\n<\/tr>\n<tr>\n<td width=\"321\"><span style=\"font-family: arial, helvetica, sans-serif;\">mgr Marta Syryjczyk<\/span><\/p>\n<p><span style=\"font-family: arial, helvetica, sans-serif;\">mgr Izabela Strzelec- Polewka<\/span><\/td>\n<td style=\"text-align: left;\" width=\"283\"><span style=\"font-family: arial, helvetica, sans-serif;\">rehabilitacja ruchowa<\/span><\/td>\n<\/tr>\n<tr>\n<td width=\"321\"><span style=\"font-family: arial, helvetica, sans-serif;\">mgr Anita Stoi\u0144ska<\/span><\/td>\n<td style=\"text-align: left;\" width=\"283\"><span style=\"font-family: arial, helvetica, sans-serif;\">doradca zawodowy<\/span><\/td>\n<\/tr>\n<tr>\n<td width=\"321\"><span style=\"font-family: arial, helvetica, sans-serif;\">mgr Ma\u0142gorzata Olesi\u0144ska<\/span><\/p>\n<p><span style=\"font-family: arial, helvetica, sans-serif;\">mgr Micha\u0142 Dobrzy\u0144ski<\/span><\/p>\n<p><span style=\"font-family: arial, helvetica, sans-serif;\">mgr Zbigniew D\u0142ugaj<\/span><\/td>\n<td style=\"text-align: left;\" width=\"283\"><span style=\"font-family: arial, helvetica, sans-serif;\">edukacja zdrowotna<\/span><\/td>\n<\/tr>\n<tr>\n<td><span style=\"font-family: arial, helvetica, sans-serif;\">mgr Piotr Wajda<\/span><\/p>\n<p><span style=\"font-family: arial, helvetica, sans-serif;\">mgr Micha\u0142 Dobrzy\u0144ski<\/span><\/td>\n<td style=\"text-align: left;\"><span style=\"font-family: arial, helvetica, sans-serif;\">edukucja dla bezpiecze\u0144stwa<\/span><\/td>\n<\/tr>\n<tr>\n<td width=\"321\"><span style=\"font-family: arial, helvetica, sans-serif;\">s. Vianea- Anna Bigos<\/span><\/p>\n<p><span style=\"font-family: arial, helvetica, sans-serif;\">dr Gra\u017cyna Bondel<\/span><\/td>\n<td style=\"text-align: left;\" width=\"283\"><span style=\"font-family: arial, helvetica, sans-serif;\">religia<\/span><\/td>\n<\/tr>\n<tr>\n<td width=\"321\"><span style=\"font-family: arial, helvetica, sans-serif;\">mgr Agnieszka Szyma\u0144ska<\/span><\/td>\n<td style=\"text-align: left;\" width=\"283\"><span style=\"font-family: arial, helvetica, sans-serif;\">etyka<\/span><\/td>\n<\/tr>\n<tr>\n<td width=\"321\"><span style=\"font-family: arial, helvetica, sans-serif;\">mgr Aleksandra Paszczela<\/span><\/td>\n<td style=\"text-align: left;\" width=\"283\"><span style=\"font-family: arial, helvetica, sans-serif;\">biblioteka<\/span><\/td>\n<\/tr>\n<\/tbody>\n<\/table>\n","protected":false},"excerpt":{"rendered":"<p>Dyrektor mgr Barbara Juskowiak Wicedyrektorzy mgr Katarzyna Kluj mgr Piotr Wajda Kierownik \u015bwietlicy mgr Beata Durska NAUCZYCIELE: mgr Bo\u017cena Babczy\u0144ska-Olszewska mgr Ewa Klenart mgr Karolina Kozubek mgr Urszula Michna mgr Teresa Moskal mgr Justyna Nieradzik mgr Sara \u015awi\u0119ci\u0144ska mgr Danuta Skrobol mgr Agnieszka Byrtek-Zdebel mgr Joanna Mazur mgr Magdalenia Wieczorek-Kusiak [&hellip;]<\/p>\n","protected":false},"author":2,"featured_media":0,"parent":0,"menu_order":0,"comment_status":"closed","ping_status":"closed","template":"","meta":{"ngg_post_thumbnail":0},"_links":{"self":[{"href":"https:\/\/sp3.mikolow.eu\/index.php\/wp-json\/wp\/v2\/pages\/3550"}],"collection":[{"href":"https:\/\/sp3.mikolow.eu\/index.php\/wp-json\/wp\/v2\/pages"}],"about":[{"href":"https:\/\/sp3.mikolow.eu\/index.php\/wp-json\/wp\/v2\/types\/page"}],"author":[{"embeddable":true,"href":"https:\/\/sp3.mikolow.eu\/index.php\/wp-json\/wp\/v2\/users\/2"}],"replies":[{"embeddable":true,"href":"https:\/\/sp3.mikolow.eu\/index.php\/wp-json\/wp\/v2\/comments?post=3550"}],"version-history":[{"count":23,"href":"https:\/\/sp3.mikolow.eu\/index.php\/wp-json\/wp\/v2\/pages\/3550\/revisions"}],"predecessor-version":[{"id":10587,"href":"https:\/\/sp3.mikolow.eu\/index.php\/wp-json\/wp\/v2\/pages\/3550\/revisions\/10587"}],"wp:attachment":[{"href":"https:\/\/sp3.mikolow.eu\/index.php\/wp-json\/wp\/v2\/media?parent=3550"}],"curies":[{"name":"wp","href":"https:\/\/api.w.org\/{rel}","templated":true}]}}