{"id":3544,"date":"2022-07-05T06:05:37","date_gmt":"2022-07-05T06:05:37","guid":{"rendered":"https:\/\/sp3.mikolow.eu\/?page_id=3544"},"modified":"2023-12-19T19:37:59","modified_gmt":"2023-12-19T17:37:59","slug":"o-szkole","status":"publish","type":"page","link":"https:\/\/sp3.mikolow.eu\/index.php\/o-szkole\/","title":{"rendered":"O szkole"},"content":{"rendered":"\t\t<div data-elementor-type=\"wp-page\" data-elementor-id=\"3544\" class=\"elementor elementor-3544\" data-elementor-settings=\"[]\">\n\t\t\t\t\t\t\t<div class=\"elementor-section-wrap\">\n\t\t\t\t\t\t\t<section class=\"elementor-section elementor-top-section elementor-element elementor-element-7f77606 elementor-section-boxed elementor-section-height-default elementor-section-height-default\" data-id=\"7f77606\" data-element_type=\"section\">\n\t\t\t\t\t\t<div class=\"elementor-container elementor-column-gap-default\">\n\t\t\t\t\t<div class=\"elementor-column elementor-col-100 elementor-top-column elementor-element elementor-element-72e43a3\" data-id=\"72e43a3\" data-element_type=\"column\">\n\t\t\t<div class=\"elementor-widget-wrap\">\n\t\t\t\t\t\t\t\t\t<\/div>\n\t\t<\/div>\n\t\t\t\t\t\t\t<\/div>\n\t\t<\/section>\n\t\t\t\t<section class=\"elementor-section elementor-top-section elementor-element elementor-element-687a2f7 elementor-section-boxed elementor-section-height-default elementor-section-height-default\" data-id=\"687a2f7\" data-element_type=\"section\">\n\t\t\t\t\t\t<div class=\"elementor-container elementor-column-gap-default\">\n\t\t\t\t\t<div class=\"elementor-column elementor-col-100 elementor-top-column elementor-element elementor-element-370125d\" data-id=\"370125d\" data-element_type=\"column\">\n\t\t\t<div class=\"elementor-widget-wrap elementor-element-populated\">\n\t\t\t\t\t\t\t\t<div class=\"elementor-element elementor-element-d88299a gyan-icon-list-traditional gyan-icon-left elementor-widget elementor-widget-gyan_icon_list\" data-id=\"d88299a\" data-element_type=\"widget\" data-widget_type=\"gyan_icon_list.default\">\n\t\t\t\t<div class=\"elementor-widget-container\">\n\t\t\t        <div class=\"gyan-icon-list-wrap\">\n            <ul class=\"gyan-ilist-items\">\n                                                            <li>\n                            <a href=\"https:\/\/sp3.mikolow.eu\/index.php\/o-szkole\/3660-2\/\">                                    <span class=\"gyan-icon-wrapper\">\n                                                                                        <span class=\"gyan-icon-list-icon gyan-icon \"><i aria-hidden=\"true\" class=\"fas fa-check\"><\/i><\/span>\n\t\t\t\t\t\t\t\t\t\t\t\t                                    <\/span>\n                                    <span class=\"gyan-icon-list-text\">Patron<\/span><\/a>                        <\/li>\n                                                                                <li>\n                            <a href=\"https:\/\/sp3.mikolow.eu\/index.php\/o-szkole\/hymn-szkoly\/\">                                    <span class=\"gyan-icon-wrapper\">\n                                                                                        <span class=\"gyan-icon-list-icon gyan-icon \"><i aria-hidden=\"true\" class=\"fas fa-check\"><\/i><\/span>\n\t\t\t\t\t\t\t\t\t\t\t\t                                    <\/span>\n                                    <span class=\"gyan-icon-list-text\">Hymn szko\u0142y<\/span><\/a>                        <\/li>\n                                                                                <li>\n                            <a href=\"https:\/\/sp3.mikolow.eu\/index.php\/o-szkole\/historia\/\">                                    <span class=\"gyan-icon-wrapper\">\n                                                                                        <span class=\"gyan-icon-list-icon gyan-icon \"><i aria-hidden=\"true\" class=\"fas fa-check\"><\/i><\/span>\n\t\t\t\t\t\t\t\t\t\t\t\t                                    <\/span>\n                                    <span class=\"gyan-icon-list-text\">Historia<\/span><\/a>                        <\/li>\n                                                                                <li>\n                            <a href=\"https:\/\/sp3.mikolow.eu\/index.php\/kadra\/\">                                    <span class=\"gyan-icon-wrapper\">\n                                                                                        <span class=\"gyan-icon-list-icon gyan-icon \"><i aria-hidden=\"true\" class=\"fas fa-check\"><\/i><\/span>\n\t\t\t\t\t\t\t\t\t\t\t\t                                    <\/span>\n                                    <span class=\"gyan-icon-list-text\">Kadra<\/span><\/a>                        <\/li>\n                                                                                <li>\n                            <a href=\"https:\/\/sp3.mikolow.eu\/index.php\/biblioteka\/\">                                    <span class=\"gyan-icon-wrapper\">\n                                                                                        <span class=\"gyan-icon-list-icon gyan-icon \"><i aria-hidden=\"true\" class=\"fas fa-check\"><\/i><\/span>\n\t\t\t\t\t\t\t\t\t\t\t\t                                    <\/span>\n                                    <span class=\"gyan-icon-list-text\">Biblioteka<\/span><\/a>                        <\/li>\n                                                                                <li>\n                            <a href=\"https:\/\/sp3.mikolow.eu\/index.php\/dokumenty-szkolne\/\">                                    <span class=\"gyan-icon-wrapper\">\n                                                                                        <span class=\"gyan-icon-list-icon gyan-icon \"><i aria-hidden=\"true\" class=\"fas fa-check\"><\/i><\/span>\n\t\t\t\t\t\t\t\t\t\t\t\t                                    <\/span>\n                                    <span class=\"gyan-icon-list-text\">Dokumentacja szkolna<\/span><\/a>                        <\/li>\n                                                                                <li>\n                            <a href=\"https:\/\/sp3.mikolow.eu\/index.php\/certyfikaty-i-programy\/\">                                    <span class=\"gyan-icon-wrapper\">\n                                                                                        <span class=\"gyan-icon-list-icon gyan-icon \"><i aria-hidden=\"true\" class=\"fas fa-check\"><\/i><\/span>\n\t\t\t\t\t\t\t\t\t\t\t\t                                    <\/span>\n                                    <span class=\"gyan-icon-list-text\">Certyfikaty i programy<\/span><\/a>                        <\/li>\n                                                                                <li>\n                            <a href=\"https:\/\/sp3.mikolow.eu\/index.php\/jestesmy-szkola-integracyjna\/\">                                    <span class=\"gyan-icon-wrapper\">\n                                                                                        <span class=\"gyan-icon-list-icon gyan-icon \"><i aria-hidden=\"true\" class=\"fas fa-check\"><\/i><\/span>\n\t\t\t\t\t\t\t\t\t\t\t\t                                    <\/span>\n                                    <span class=\"gyan-icon-list-text\">Jeste\u015bmy szko\u0142\u0105 integracyjn\u0105<\/span><\/a>                        <\/li>\n                                                                                <li>\n                            <a href=\"#\" target=\"_blank\">                                    <span class=\"gyan-icon-wrapper\">\n                                                                                        <span class=\"gyan-icon-list-icon gyan-icon \"><i aria-hidden=\"true\" class=\"fas fa-check\"><\/i><\/span>\n\t\t\t\t\t\t\t\t\t\t\t\t                                    <\/span>\n                                    <span class=\"gyan-icon-list-text\">Projekty<\/span><\/a>                        <\/li>\n                                                <\/ul>\n        <\/div>\n        \t\t<\/div>\n\t\t\t\t<\/div>\n\t\t\t\t<div class=\"elementor-element elementor-element-b5666c9 elementor-widget elementor-widget-text-editor\" data-id=\"b5666c9\" data-element_type=\"widget\" data-widget_type=\"text-editor.default\">\n\t\t\t\t<div class=\"elementor-widget-container\">\n\t\t\t\t\t\t\t\t<p><span style=\"font-family: arial, helvetica, sans-serif;\">W dniach 10.05 \u2013 16.06. 2023 r. w naszej szkole realizowali\u015bmy projekt Fundacji Nasza Ziemia &#8211; \u00a0\u201eSzkolny Projekt dla Klimatu\u201d. Dzi\u0119ki grantowi otrzymali\u015bmy 2000 z\u0142. za kt\u00f3re stworzyli\u015bmy tzw. oazy zieleni na korytarzach szkolnych. Pieni\u0105dze z projektu pozwoli\u0142y na zakup nowych donic oraz ziemi potrzebnej do przesadzenia kwiat\u00f3w. <\/span><br \/><span style=\"font-family: arial, helvetica, sans-serif;\">W ramach \u201eSzkolnego Projektu dla Klimatu\u201d:<\/span><br \/><span style=\"font-family: arial, helvetica, sans-serif;\">1. Przeprowadzili\u015bmy zaj\u0119cia edukacyjne dla uczni\u00f3w klas 5 gdzie przedstawili\u015bmy \u201eRol\u0119 ro\u015blin w otoczeniu cz\u0142owieka\u201d.<\/span><br \/><span style=\"font-family: arial, helvetica, sans-serif;\">2. Na warsztatach z klasami 1-3 przesadzali\u015bmy ro\u015bliny do doniczek.<\/span><br \/><span style=\"font-family: arial, helvetica, sans-serif;\">3. Przeprowadzili\u015bmy konkurs na najbardziej ukwiecon\u0105 klas\u0119. <\/span><br \/><span style=\"font-family: arial, helvetica, sans-serif;\">4. Przeprowadzili\u015bmy debat\u0119 oksfordzk\u0105.<\/span><\/p><p><span style=\"font-family: arial, helvetica, sans-serif;\">Jeste\u015bmy przekonani, \u017ce projekt pozytywnie wp\u0142yn\u0105\u0142 na popraw\u0119 \u015brodowiska naturalnego w budynku szko\u0142y; promowa\u0142 ekologi\u0119 i edukowa\u0142 naszych wychowank\u00f3w.<!-- default-view.php -->\n<div\n\tclass=\"ngg-galleryoverview default-view \"\n\tid=\"ngg-gallery-72caf19b6c72de8198f14611fce13523-1\">\n\n\t\t<!-- Thumbnails -->\n\t\t\t\t<div id=\"ngg-image-0\" class=\"ngg-gallery-thumbnail-box \" >\n\t\t\t\t        <div class=\"ngg-gallery-thumbnail\">\n            <a href=\"https:\/\/sp3.mikolow.eu\/wp-content\/gallery\/pg\/2.jpeg\"\n               title=\"zdj\u0119cie ma charakter promocyjny, nie jest wykorzystywane do realizacji bie\u017c\u0105cych zada\u0144\"\n               data-src=\"https:\/\/sp3.mikolow.eu\/wp-content\/gallery\/pg\/2.jpeg\"\n               data-thumbnail=\"https:\/\/sp3.mikolow.eu\/wp-content\/gallery\/pg\/thumbs\/thumbs_2.jpeg\"\n               data-image-id=\"1150\"\n               data-title=\"2\"\n               data-description=\"zdj\u0119cie ma charakter promocyjny, nie jest wykorzystywane do realizacji bie\u017c\u0105cych zada\u0144\"\n               data-image-slug=\"2\"\n               class=\"ngg-simplelightbox\" rel=\"72caf19b6c72de8198f14611fce13523\">\n                <img loading=\"lazy\"\n                    title=\"2\"\n                    alt=\"2\"\n                    src=\"https:\/\/sp3.mikolow.eu\/wp-content\/gallery\/pg\/thumbs\/thumbs_2.jpeg\"\n                    width=\"240\"\n                    height=\"160\"\n                    style=\"max-width:100%;\"\n                \/>\n            <\/a>\n        <\/div>\n\t\t\t\t\t\t\t<\/div> \n\t\t\t\n\t\t\t\t<div id=\"ngg-image-1\" class=\"ngg-gallery-thumbnail-box \" >\n\t\t\t\t        <div class=\"ngg-gallery-thumbnail\">\n            <a href=\"https:\/\/sp3.mikolow.eu\/wp-content\/gallery\/pg\/4.jpeg\"\n               title=\"zdj\u0119cie ma charakter promocyjny, nie jest wykorzystywane do realizacji bie\u017c\u0105cych zada\u0144\"\n               data-src=\"https:\/\/sp3.mikolow.eu\/wp-content\/gallery\/pg\/4.jpeg\"\n               data-thumbnail=\"https:\/\/sp3.mikolow.eu\/wp-content\/gallery\/pg\/thumbs\/thumbs_4.jpeg\"\n               data-image-id=\"1151\"\n               data-title=\"4\"\n               data-description=\"zdj\u0119cie ma charakter promocyjny, nie jest wykorzystywane do realizacji bie\u017c\u0105cych zada\u0144\"\n               data-image-slug=\"4\"\n               class=\"ngg-simplelightbox\" rel=\"72caf19b6c72de8198f14611fce13523\">\n                <img loading=\"lazy\"\n                    title=\"4\"\n                    alt=\"4\"\n                    src=\"https:\/\/sp3.mikolow.eu\/wp-content\/gallery\/pg\/thumbs\/thumbs_4.jpeg\"\n                    width=\"240\"\n                    height=\"160\"\n                    style=\"max-width:100%;\"\n                \/>\n            <\/a>\n        <\/div>\n\t\t\t\t\t\t\t<\/div> \n\t\t\t\n\t\t\t\t<div id=\"ngg-image-2\" class=\"ngg-gallery-thumbnail-box \" >\n\t\t\t\t        <div class=\"ngg-gallery-thumbnail\">\n            <a href=\"https:\/\/sp3.mikolow.eu\/wp-content\/gallery\/pg\/1.jpeg\"\n               title=\"zdj\u0119cie ma charakter promocyjny, nie jest wykorzystywane do realizacji bie\u017c\u0105cych zada\u0144\"\n               data-src=\"https:\/\/sp3.mikolow.eu\/wp-content\/gallery\/pg\/1.jpeg\"\n               data-thumbnail=\"https:\/\/sp3.mikolow.eu\/wp-content\/gallery\/pg\/thumbs\/thumbs_1.jpeg\"\n               data-image-id=\"1152\"\n               data-title=\"1\"\n               data-description=\"zdj\u0119cie ma charakter promocyjny, nie jest wykorzystywane do realizacji bie\u017c\u0105cych zada\u0144\"\n               data-image-slug=\"1\"\n               class=\"ngg-simplelightbox\" rel=\"72caf19b6c72de8198f14611fce13523\">\n                <img loading=\"lazy\"\n                    title=\"1\"\n                    alt=\"1\"\n                    src=\"https:\/\/sp3.mikolow.eu\/wp-content\/gallery\/pg\/thumbs\/thumbs_1.jpeg\"\n                    width=\"240\"\n                    height=\"160\"\n                    style=\"max-width:100%;\"\n                \/>\n            <\/a>\n        <\/div>\n\t\t\t\t\t\t\t<\/div> \n\t\t\t\n\t\t\t\t<div id=\"ngg-image-3\" class=\"ngg-gallery-thumbnail-box \" >\n\t\t\t\t        <div class=\"ngg-gallery-thumbnail\">\n            <a href=\"https:\/\/sp3.mikolow.eu\/wp-content\/gallery\/pg\/3.jpg\"\n               title=\"zdj\u0119cie ma charakter promocyjny, nie jest wykorzystywane do realizacji bie\u017c\u0105cych zada\u0144\"\n               data-src=\"https:\/\/sp3.mikolow.eu\/wp-content\/gallery\/pg\/3.jpg\"\n               data-thumbnail=\"https:\/\/sp3.mikolow.eu\/wp-content\/gallery\/pg\/thumbs\/thumbs_3.jpg\"\n               data-image-id=\"1153\"\n               data-title=\"Drukowanie\"\n               data-description=\"zdj\u0119cie ma charakter promocyjny, nie jest wykorzystywane do realizacji bie\u017c\u0105cych zada\u0144\"\n               data-image-slug=\"3\"\n               class=\"ngg-simplelightbox\" rel=\"72caf19b6c72de8198f14611fce13523\">\n                <img loading=\"lazy\"\n                    title=\"Drukowanie\"\n                    alt=\"Drukowanie\"\n                    src=\"https:\/\/sp3.mikolow.eu\/wp-content\/gallery\/pg\/thumbs\/thumbs_3.jpg\"\n                    width=\"240\"\n                    height=\"160\"\n                    style=\"max-width:100%;\"\n                \/>\n            <\/a>\n        <\/div>\n\t\t\t\t\t\t\t<\/div> \n\t\t\t\n\t\t\t\t<div id=\"ngg-image-4\" class=\"ngg-gallery-thumbnail-box \" >\n\t\t\t\t        <div class=\"ngg-gallery-thumbnail\">\n            <a href=\"https:\/\/sp3.mikolow.eu\/wp-content\/gallery\/pg\/5.png\"\n               title=\"zdj\u0119cie ma charakter promocyjny, nie jest wykorzystywane do realizacji bie\u017c\u0105cych zada\u0144\"\n               data-src=\"https:\/\/sp3.mikolow.eu\/wp-content\/gallery\/pg\/5.png\"\n               data-thumbnail=\"https:\/\/sp3.mikolow.eu\/wp-content\/gallery\/pg\/thumbs\/thumbs_5.png\"\n               data-image-id=\"1154\"\n               data-title=\"5\"\n               data-description=\"zdj\u0119cie ma charakter promocyjny, nie jest wykorzystywane do realizacji bie\u017c\u0105cych zada\u0144\"\n               data-image-slug=\"5\"\n               class=\"ngg-simplelightbox\" rel=\"72caf19b6c72de8198f14611fce13523\">\n                <img loading=\"lazy\"\n                    title=\"5\"\n                    alt=\"5\"\n                    src=\"https:\/\/sp3.mikolow.eu\/wp-content\/gallery\/pg\/thumbs\/thumbs_5.png\"\n                    width=\"240\"\n                    height=\"160\"\n                    style=\"max-width:100%;\"\n                \/>\n            <\/a>\n        <\/div>\n\t\t\t\t\t\t\t<\/div> \n\t\t\t\n\t\n\t<br style=\"clear: both\" \/>\n\n\t\n\t\t<!-- Pagination -->\n\t<div class='ngg-clear'><\/div>\t<\/div>\n<\/span><\/p>\t\t\t\t\t\t<\/div>\n\t\t\t\t<\/div>\n\t\t\t\t\t<\/div>\n\t\t<\/div>\n\t\t\t\t\t\t\t<\/div>\n\t\t<\/section>\n\t\t\t\t\t\t<\/div>\n\t\t\t\t\t<\/div>\n\t\t","protected":false},"excerpt":{"rendered":"<p>Patron Hymn szko\u0142y Historia Kadra Biblioteka Dokumentacja szkolna Certyfikaty i programy Jeste\u015bmy szko\u0142\u0105 integracyjn\u0105 Projekty W dniach 10.05 \u2013 16.06. 2023 r. w naszej szkole realizowali\u015bmy projekt Fundacji Nasza Ziemia &#8211; \u00a0\u201eSzkolny Projekt dla Klimatu\u201d. Dzi\u0119ki grantowi otrzymali\u015bmy 2000 z\u0142. za kt\u00f3re stworzyli\u015bmy tzw. oazy zieleni na korytarzach szkolnych. Pieni\u0105dze [&hellip;]<\/p>\n","protected":false},"author":2,"featured_media":0,"parent":0,"menu_order":0,"comment_status":"closed","ping_status":"closed","template":"","meta":{"ngg_post_thumbnail":0},"_links":{"self":[{"href":"https:\/\/sp3.mikolow.eu\/index.php\/wp-json\/wp\/v2\/pages\/3544"}],"collection":[{"href":"https:\/\/sp3.mikolow.eu\/index.php\/wp-json\/wp\/v2\/pages"}],"about":[{"href":"https:\/\/sp3.mikolow.eu\/index.php\/wp-json\/wp\/v2\/types\/page"}],"author":[{"embeddable":true,"href":"https:\/\/sp3.mikolow.eu\/index.php\/wp-json\/wp\/v2\/users\/2"}],"replies":[{"embeddable":true,"href":"https:\/\/sp3.mikolow.eu\/index.php\/wp-json\/wp\/v2\/comments?post=3544"}],"version-history":[{"count":35,"href":"https:\/\/sp3.mikolow.eu\/index.php\/wp-json\/wp\/v2\/pages\/3544\/revisions"}],"predecessor-version":[{"id":7515,"href":"https:\/\/sp3.mikolow.eu\/index.php\/wp-json\/wp\/v2\/pages\/3544\/revisions\/7515"}],"wp:attachment":[{"href":"https:\/\/sp3.mikolow.eu\/index.php\/wp-json\/wp\/v2\/media?parent=3544"}],"curies":[{"name":"wp","href":"https:\/\/api.w.org\/{rel}","templated":true}]}}